{"id":80265,"date":"2025-07-14T15:53:50","date_gmt":"2025-07-14T12:53:50","guid":{"rendered":"https:\/\/demo8.ecube.lv\/sezona.lv\/products\/heat-holders-bernu-termozekes-emoji-31-36-izmers\/"},"modified":"2025-07-14T15:53:50","modified_gmt":"2025-07-14T12:53:50","slug":"heat-holders-bernu-termozekes-emoji-31-36-izmers","status":"publish","type":"product","link":"https:\/\/sezona.lv\/en\/products\/heat-holders-bernu-termozekes-emoji-31-36-izmers\/","title":{"rendered":"Heat Holders b\u0113rnu termoze\u0137es EMOJI 31-36 izm\u0113rs"},"content":{"rendered":"<p>Heat Holders b\u0113rnu termoze\u0137es STAR WARS.<\/p>\n<p>31-36 izm\u0113rs.<\/p>\n<p>S\u0101pes un diskomforts, ko rada aukstas p\u0113das, paliks t\u0101l\u0101 pag\u0101tn\u0113 ar Heat Holders&reg; b\u0113rnu ze\u0137\u0113m!<\/p>\n<p>&Scaron;\u012bs vied\u0101s ze\u0137es saglab\u0101 siltumu un ilg\u0101k to notur p\u0113du tuvum\u0101. Heat Holders&reg; b\u0113rnu ze\u0137u siltumizol\u0101cijas koeficients ir 2,34, kas noz\u012bm\u0113, ka t\u0101s ir septi\u0146as reizes silt\u0101kas par parastaj\u0101m kokvilnas ze\u0137\u0113m. \u012apa&scaron;i biez\u0101 &scaron;t\u0101pe\u013c&scaron;\u0137iedru dzija, garpl\u016bksnu sl\u0101nis un intens\u012bvs mat\u0113&scaron;anas process padara &scaron;\u012bs ze\u0137es izteikti siltas un m\u012bkstas. To garums ir ide\u0101li piem\u0113rots valk\u0101&scaron;anai kop\u0101 ar ziemas z\u0101bakiem. \u012apa&scaron;i biezas, \u012bpa&scaron;i \u0113rtas un \u012bpa&scaron;i siltas &#8211; vai termoze\u0137es var pied\u0101v\u0101t v\u0113l vair\u0101k?<\/p>\n<p>Ze\u0137\u0113m ir iestr\u0101d\u0101ti nesl\u012bdo&scaron;ie elementi!<\/p>\n<p>Sast\u0101vs: 91% &#8211; akrils,&nbsp; 5% &#8211; neilons, 3% &#8211; poliesters, 1% &#8211; elast\u0101ns.<\/p>\n","protected":false},"excerpt":{"rendered":"<p>Heat Holders b\u0113rnu termoze\u0137es STAR WARS. 31-36 izm\u0113rs. S\u0101pes un diskomforts, ko rada aukstas p\u0113das, paliks t\u0101l\u0101 pag\u0101tn\u0113 ar Heat Holders&reg; b\u0113rnu ze\u0137\u0113m! &Scaron;\u012bs vied\u0101s ze\u0137es saglab\u0101 siltumu un ilg\u0101k to notur p\u0113du tuvum\u0101. Heat Holders&reg; b\u0113rnu ze\u0137u siltumizol\u0101cijas koeficients ir 2,34, kas noz\u012bm\u0113, ka t\u0101s ir septi\u0146as reizes silt\u0101kas par parastaj\u0101m kokvilnas ze\u0137\u0113m. \u012apa&scaron;i [&hellip;]<\/p>\n","protected":false},"featured_media":0,"template":"","meta":[],"product_brand":[],"product_cat":[4619,4637,4640],"product_tag":[],"class_list":{"0":"post-80265","1":"product","2":"type-product","3":"status-publish","5":"product_cat-winter-clothes-recreation","6":"product_cat-thermo-socks-winter-clothes-recreation","7":"product_cat-recreation","9":"first","10":"instock","11":"shipping-taxable","12":"purchasable","13":"product-type-simple"},"_links":{"self":[{"href":"https:\/\/sezona.lv\/en\/wp-json\/wp\/v2\/product\/80265","targetHints":{"allow":["GET"]}}],"collection":[{"href":"https:\/\/sezona.lv\/en\/wp-json\/wp\/v2\/product"}],"about":[{"href":"https:\/\/sezona.lv\/en\/wp-json\/wp\/v2\/types\/product"}],"wp:attachment":[{"href":"https:\/\/sezona.lv\/en\/wp-json\/wp\/v2\/media?parent=80265"}],"wp:term":[{"taxonomy":"product_brand","embeddable":true,"href":"https:\/\/sezona.lv\/en\/wp-json\/wp\/v2\/product_brand?post=80265"},{"taxonomy":"product_cat","embeddable":true,"href":"https:\/\/sezona.lv\/en\/wp-json\/wp\/v2\/product_cat?post=80265"},{"taxonomy":"product_tag","embeddable":true,"href":"https:\/\/sezona.lv\/en\/wp-json\/wp\/v2\/product_tag?post=80265"}],"curies":[{"name":"wp","href":"https:\/\/api.w.org\/{rel}","templated":true}]}}