{"id":80267,"date":"2025-07-14T15:53:52","date_gmt":"2025-07-14T12:53:52","guid":{"rendered":"https:\/\/demo8.ecube.lv\/sezona.lv\/products\/ziemas-makskeresanas-telts-storm-at180x2\/"},"modified":"2025-07-14T15:53:52","modified_gmt":"2025-07-14T12:53:52","slug":"ziemas-makskeresanas-telts-storm-at180x2","status":"publish","type":"product","link":"https:\/\/sezona.lv\/en\/products\/ziemas-makskeresanas-telts-storm-at180x2\/","title":{"rendered":"Ziemas mak\u0161\u0137er\u0113\u0161anas telts Storm AT180X2"},"content":{"rendered":"<p>Ziemas telts &#8211; ide\u0101ls risin\u0101jums ziemas zvejai. Telts nodro&scaron;ina aizsardz\u012bbu pret v\u0113ju, lietu un aukstumu. Teltij ir ventil\u0101cijas logs. Iztur\u012bgais, mitruma, v\u0113ja, gaismas un siltuma necaurlaid\u012bgais materi\u0101ls nodro&scaron;ina piln\u012bgu komfortu.<\/p>\n<p>300 D oxford, mitrumiztur\u012bgs, ugunsdro&scaron;s.&nbsp; &nbsp; &nbsp; &nbsp;&nbsp;<\/p>\n<p>S\u0101nu puse dzeltena, jumts un apak&scaron;a pel\u0113ka.<\/p>\n<p>Durvis: 2 gab.<\/p>\n<p>Divvirzienu r\u0101v\u0113jsl\u0113dz\u0113js;<\/p>\n<p>Lodzi\u0146i: 4 gab.&nbsp;&nbsp;<\/p>\n<p>Ventil\u0101cijas atveres: 2 gab.<\/p>\n<p>Atstarot\u0101ji: 4 gab.<\/p>\n<p>R\u0101mja caurules: stikla &scaron;\u0137iedra &Oslash; 9,5 mm.&nbsp;&nbsp;<\/p>\n<p>B\u012bd\u012bt\u0101ji: 8 gab.<\/p>\n<p>Papildu stiprin\u0101jumi s\u0101nos.<\/p>\n<p>Paaugstin\u0101t\u0101 puse: 1 gab.<\/p>\n<p>Izm\u0113ri 180x360x205(H)cm<\/p>\n","protected":false},"excerpt":{"rendered":"<p>Ziemas telts &#8211; ide\u0101ls risin\u0101jums ziemas zvejai. Telts nodro&scaron;ina aizsardz\u012bbu pret v\u0113ju, lietu un aukstumu. Teltij ir ventil\u0101cijas logs. Iztur\u012bgais, mitruma, v\u0113ja, gaismas un siltuma necaurlaid\u012bgais materi\u0101ls nodro&scaron;ina piln\u012bgu komfortu. 300 D oxford, mitrumiztur\u012bgs, ugunsdro&scaron;s.&nbsp; &nbsp; &nbsp; &nbsp;&nbsp; S\u0101nu puse dzeltena, jumts un apak&scaron;a pel\u0113ka. Durvis: 2 gab. Divvirzienu r\u0101v\u0113jsl\u0113dz\u0113js; Lodzi\u0146i: 4 gab.&nbsp;&nbsp; Ventil\u0101cijas atveres: [&hellip;]<\/p>\n","protected":false},"featured_media":0,"template":"","meta":[],"product_brand":[],"product_cat":[4585,4640,4750],"product_tag":[],"class_list":{"0":"post-80267","1":"product","2":"type-product","3":"status-publish","5":"product_cat-winter-fishing-equipment-recreation","6":"product_cat-recreation","7":"product_cat-winter-fishing-tents-winter-fishing-equipment-recreation","9":"first","10":"instock","11":"shipping-taxable","12":"purchasable","13":"product-type-simple"},"_links":{"self":[{"href":"https:\/\/sezona.lv\/en\/wp-json\/wp\/v2\/product\/80267","targetHints":{"allow":["GET"]}}],"collection":[{"href":"https:\/\/sezona.lv\/en\/wp-json\/wp\/v2\/product"}],"about":[{"href":"https:\/\/sezona.lv\/en\/wp-json\/wp\/v2\/types\/product"}],"wp:attachment":[{"href":"https:\/\/sezona.lv\/en\/wp-json\/wp\/v2\/media?parent=80267"}],"wp:term":[{"taxonomy":"product_brand","embeddable":true,"href":"https:\/\/sezona.lv\/en\/wp-json\/wp\/v2\/product_brand?post=80267"},{"taxonomy":"product_cat","embeddable":true,"href":"https:\/\/sezona.lv\/en\/wp-json\/wp\/v2\/product_cat?post=80267"},{"taxonomy":"product_tag","embeddable":true,"href":"https:\/\/sezona.lv\/en\/wp-json\/wp\/v2\/product_tag?post=80267"}],"curies":[{"name":"wp","href":"https:\/\/api.w.org\/{rel}","templated":true}]}}