{"id":80268,"date":"2025-07-11T17:23:58","date_gmt":"2025-07-11T14:23:58","guid":{"rendered":"https:\/\/demo8.ecube.lv\/sezona.lv\/products\/phiradar-ff-668c-eholote\/"},"modified":"2025-07-14T15:53:53","modified_gmt":"2025-07-14T12:53:53","slug":"phiradar-ff-668c-eholote","status":"publish","type":"product","link":"https:\/\/sezona.lv\/en\/products\/phiradar-ff-668c-eholote\/","title":{"rendered":"Phiradar FF-668C eholote"},"content":{"rendered":"<p>Phiradar FF-668C eholote.<\/p>\n<ul>\n<li>Maksim\u0101lais darb\u012bbas dzi\u013cums: 500m<\/li>\n<li>Izmantojams mak&scaron;\u0137er\u0113&scaron;anai j\u016br\u0101, \u016bp\u0113s un ezeros<\/li>\n<li>Sensora frekvence: 83\/200 KHz<\/li>\n<li>Apr\u012bkots ar baltu LED ekr\u0101na gaismu labai redzam\u012bbai jebkur\u0101 diennakts laik\u0101<\/li>\n<li>Apr\u012bkots ar \u016bdens temperat\u016bras indikatoru<\/li>\n<li>Akumulatora indikators<\/li>\n<li>Zivju simboli ar attiec\u012bgo dzi\u013cumu<\/li>\n<li>5 sensora jut\u012bbas regul\u0113&scaron;anas l\u012bme\u0146i<\/li>\n<li>Ska\u0146as sign\u0101ls<\/li>\n<li>Baro&scaron;ana no 12V past\u0101v\u012bga elektr\u012bbas avota<\/li>\n<\/ul>\n","protected":false},"excerpt":{"rendered":"<p>Phiradar FF-668C eholote. Maksim\u0101lais darb\u012bbas dzi\u013cums: 500m Izmantojams mak&scaron;\u0137er\u0113&scaron;anai j\u016br\u0101, \u016bp\u0113s un ezeros Sensora frekvence: 83\/200 KHz Apr\u012bkots ar baltu LED ekr\u0101na gaismu labai redzam\u012bbai jebkur\u0101 diennakts laik\u0101 Apr\u012bkots ar \u016bdens temperat\u016bras indikatoru Akumulatora indikators Zivju simboli ar attiec\u012bgo dzi\u013cumu 5 sensora jut\u012bbas regul\u0113&scaron;anas l\u012bme\u0146i Ska\u0146as sign\u0101ls Baro&scaron;ana no 12V past\u0101v\u012bga elektr\u012bbas avota<\/p>\n","protected":false},"featured_media":75049,"template":"","meta":[],"product_brand":[],"product_cat":[4741],"product_tag":[],"class_list":{"0":"post-80268","1":"product","2":"type-product","3":"status-publish","4":"has-post-thumbnail","6":"product_cat-eholots-navigation-watches-radios","8":"first","9":"instock","10":"shipping-taxable","11":"purchasable","12":"product-type-simple"},"_links":{"self":[{"href":"https:\/\/sezona.lv\/en\/wp-json\/wp\/v2\/product\/80268","targetHints":{"allow":["GET"]}}],"collection":[{"href":"https:\/\/sezona.lv\/en\/wp-json\/wp\/v2\/product"}],"about":[{"href":"https:\/\/sezona.lv\/en\/wp-json\/wp\/v2\/types\/product"}],"wp:featuredmedia":[{"embeddable":true,"href":"https:\/\/sezona.lv\/en\/wp-json\/wp\/v2\/media\/75049"}],"wp:attachment":[{"href":"https:\/\/sezona.lv\/en\/wp-json\/wp\/v2\/media?parent=80268"}],"wp:term":[{"taxonomy":"product_brand","embeddable":true,"href":"https:\/\/sezona.lv\/en\/wp-json\/wp\/v2\/product_brand?post=80268"},{"taxonomy":"product_cat","embeddable":true,"href":"https:\/\/sezona.lv\/en\/wp-json\/wp\/v2\/product_cat?post=80268"},{"taxonomy":"product_tag","embeddable":true,"href":"https:\/\/sezona.lv\/en\/wp-json\/wp\/v2\/product_tag?post=80268"}],"curies":[{"name":"wp","href":"https:\/\/api.w.org\/{rel}","templated":true}]}}