{"id":80361,"date":"2025-07-11T17:24:55","date_gmt":"2025-07-11T14:24:55","guid":{"rendered":"https:\/\/demo8.ecube.lv\/sezona.lv\/products\/ledusurbis-heinola-original-155mm\/"},"modified":"2025-07-14T15:55:47","modified_gmt":"2025-07-14T12:55:47","slug":"ledusurbis-heinola-original-155mm","status":"publish","type":"product","link":"https:\/\/sezona.lv\/en\/products\/ledusurbis-heinola-original-155mm\/","title":{"rendered":"Ledusurbis Heinola ORIGINAL 155mm"},"content":{"rendered":"<p>Ledusurbis Heinola ORIGINAL 155mm.<\/p>\n<p>Ledusurbis Heinola Original ir Somij\u0101 ra\u017eots ledusurbis ar nolok\u0101mu rokturi, main\u0101mu galvu, piln\u012bb\u0101 piemetin\u0101tu v\u012btni un uzticamiem saliztur\u012bgiem rokturiem. &Scaron;\u012bs firmas ledusurbji ir atz\u012bti par vieniem no visu laiku \u0101tr\u0101kajiem un lab\u0101kajiem urbjiem. V\u012btnes garums &#8211; 70cm. Ra\u017eots &#8211; Somija.<\/p>\n<p>Transport\u0113jamis garums: 116cm<\/p>\n","protected":false},"excerpt":{"rendered":"<p>Ledusurbis Heinola ORIGINAL 155mm. Ledusurbis Heinola Original ir Somij\u0101 ra\u017eots ledusurbis ar nolok\u0101mu rokturi, main\u0101mu galvu, piln\u012bb\u0101 piemetin\u0101tu v\u012btni un uzticamiem saliztur\u012bgiem rokturiem. &Scaron;\u012bs firmas ledusurbji ir atz\u012bti par vieniem no visu laiku \u0101tr\u0101kajiem un lab\u0101kajiem urbjiem. V\u012btnes garums &#8211; 70cm. Ra\u017eots &#8211; Somija. Transport\u0113jamis garums: 116cm<\/p>\n","protected":false},"featured_media":75064,"template":"","meta":[],"product_brand":[],"product_cat":[4585,4613],"product_tag":[],"class_list":{"0":"post-80361","1":"product","2":"type-product","3":"status-publish","4":"has-post-thumbnail","6":"product_cat-winter-fishing-equipment-recreation","7":"product_cat-ice-drills-and-accessories-winter-fishing-equipment-recreation","9":"first","10":"outofstock","11":"shipping-taxable","12":"purchasable","13":"product-type-simple"},"_links":{"self":[{"href":"https:\/\/sezona.lv\/en\/wp-json\/wp\/v2\/product\/80361","targetHints":{"allow":["GET"]}}],"collection":[{"href":"https:\/\/sezona.lv\/en\/wp-json\/wp\/v2\/product"}],"about":[{"href":"https:\/\/sezona.lv\/en\/wp-json\/wp\/v2\/types\/product"}],"wp:featuredmedia":[{"embeddable":true,"href":"https:\/\/sezona.lv\/en\/wp-json\/wp\/v2\/media\/75064"}],"wp:attachment":[{"href":"https:\/\/sezona.lv\/en\/wp-json\/wp\/v2\/media?parent=80361"}],"wp:term":[{"taxonomy":"product_brand","embeddable":true,"href":"https:\/\/sezona.lv\/en\/wp-json\/wp\/v2\/product_brand?post=80361"},{"taxonomy":"product_cat","embeddable":true,"href":"https:\/\/sezona.lv\/en\/wp-json\/wp\/v2\/product_cat?post=80361"},{"taxonomy":"product_tag","embeddable":true,"href":"https:\/\/sezona.lv\/en\/wp-json\/wp\/v2\/product_tag?post=80361"}],"curies":[{"name":"wp","href":"https:\/\/api.w.org\/{rel}","templated":true}]}}