{"id":80363,"date":"2025-07-14T15:55:49","date_gmt":"2025-07-14T12:55:49","guid":{"rendered":"https:\/\/demo8.ecube.lv\/sezona.lv\/products\/ziemas-makskeresanas-telts-norfin-easy-ice-l\/"},"modified":"2025-07-14T15:55:49","modified_gmt":"2025-07-14T12:55:49","slug":"ziemas-makskeresanas-telts-norfin-easy-ice-l","status":"publish","type":"product","link":"https:\/\/sezona.lv\/en\/products\/ziemas-makskeresanas-telts-norfin-easy-ice-l\/","title":{"rendered":"Ziemas mak\u0161\u0137er\u0113\u0161anas telts Norfin EASY ICE L"},"content":{"rendered":"<div class=\"desc_block\">\n<p>Ziemas mak&scaron;\u0137er\u0113&scaron;anas telts Norfin EASY ICE L.<\/p>\n<li>Ziemas telts ar pusautom\u0101tisku \u0101tr\u0101s mont\u0101\u017eas karkasu;<\/li>\n<li>Viegli izjaucama un kompakti saliekama p\u0101rn\u0113s\u0101&scaron;anas som\u0101;<\/li>\n<li>Telts dro&scaron;ai nostiprin\u0101&scaron;anai uz ledus tiek izmantots pievienotais telts stiprin\u0101jumu komplekts, ar kuriem t\u0101 tiek piestiprin\u0101ta pie l\u012bdz galam neizurbta \u0101li\u0146\u0123a mal\u0101m;<\/li>\n<li>Viena ieeja;<\/li>\n<li>Logs no sala iztur\u012bga PVC ar aizveramu aizkaru aizmugur\u0113j\u0101 sien\u0101;<\/li>\n<li>Visas telts &scaron;uves ir r\u016bp\u012bgi nol\u012bm\u0113tas ar termosar\u016bko&scaron;u un \u016bdensiztur\u012bgu lenti;<\/li>\n<li>Apr\u012bkota ar ventil\u0101cijas atveri, kuru vajadz\u012bbas gad\u012bjum\u0101 var aizv\u0113rt vai atv\u0113rt;<\/li>\n<li>Melnais jumti\u0146&scaron; uzsilst saules gaism\u0101, nodro&scaron;inot siltumu ziem\u0101;<\/li>\n<li>Balt\u0101s sienas acu l\u012bmen\u012b &#8211; nerad\u012bs acu nogurumu, nodro&scaron;inot dabisku komfortablu gaismu iek&scaron;pus\u0113;<\/li>\n<li>Telts spilgti za\u013c\u0101 kr\u0101sa un atstarojo&scaron;ie elementi &#8211; padar\u012bs telti gai&scaron;u un paman\u0101mu tums\u0101.<\/li>\n<p>Svars: 2.9 kg<\/p>\n<p>Mitrumiztur\u012bba: 600 mm<\/p>\n<p>Materi\u0101ls: Poliesters 190T<\/p>\n<p>Izm\u0113rs: 210x210x160 cm<\/p>\n<p>Izm\u0113rs salikt\u0101 veid\u0101: 117x14x14 cm<\/p>\n<\/div>\n","protected":false},"excerpt":{"rendered":"<p>Ziemas mak&scaron;\u0137er\u0113&scaron;anas telts Norfin EASY ICE L. Ziemas telts ar pusautom\u0101tisku \u0101tr\u0101s mont\u0101\u017eas karkasu; Viegli izjaucama un kompakti saliekama p\u0101rn\u0113s\u0101&scaron;anas som\u0101; Telts dro&scaron;ai nostiprin\u0101&scaron;anai uz ledus tiek izmantots pievienotais telts stiprin\u0101jumu komplekts, ar kuriem t\u0101 tiek piestiprin\u0101ta pie l\u012bdz galam neizurbta \u0101li\u0146\u0123a mal\u0101m; Viena ieeja; Logs no sala iztur\u012bga PVC ar aizveramu aizkaru aizmugur\u0113j\u0101 sien\u0101; [&hellip;]<\/p>\n","protected":false},"featured_media":0,"template":"","meta":[],"product_brand":[],"product_cat":[4585,4640,4750],"product_tag":[],"class_list":{"0":"post-80363","1":"product","2":"type-product","3":"status-publish","5":"product_cat-winter-fishing-equipment-recreation","6":"product_cat-recreation","7":"product_cat-winter-fishing-tents-winter-fishing-equipment-recreation","9":"first","10":"instock","11":"shipping-taxable","12":"purchasable","13":"product-type-simple"},"_links":{"self":[{"href":"https:\/\/sezona.lv\/en\/wp-json\/wp\/v2\/product\/80363","targetHints":{"allow":["GET"]}}],"collection":[{"href":"https:\/\/sezona.lv\/en\/wp-json\/wp\/v2\/product"}],"about":[{"href":"https:\/\/sezona.lv\/en\/wp-json\/wp\/v2\/types\/product"}],"wp:attachment":[{"href":"https:\/\/sezona.lv\/en\/wp-json\/wp\/v2\/media?parent=80363"}],"wp:term":[{"taxonomy":"product_brand","embeddable":true,"href":"https:\/\/sezona.lv\/en\/wp-json\/wp\/v2\/product_brand?post=80363"},{"taxonomy":"product_cat","embeddable":true,"href":"https:\/\/sezona.lv\/en\/wp-json\/wp\/v2\/product_cat?post=80363"},{"taxonomy":"product_tag","embeddable":true,"href":"https:\/\/sezona.lv\/en\/wp-json\/wp\/v2\/product_tag?post=80363"}],"curies":[{"name":"wp","href":"https:\/\/api.w.org\/{rel}","templated":true}]}}