{"id":80366,"date":"2025-07-14T15:55:53","date_gmt":"2025-07-14T12:55:53","guid":{"rendered":"https:\/\/demo8.ecube.lv\/sezona.lv\/products\/aprikots-udas-komplekts-tonar\/"},"modified":"2025-07-14T15:55:53","modified_gmt":"2025-07-14T12:55:53","slug":"aprikots-udas-komplekts-tonar","status":"publish","type":"product","link":"https:\/\/sezona.lv\/en\/products\/aprikots-udas-komplekts-tonar\/","title":{"rendered":"Apr\u012bkots \u016bdas komplekts Tonar"},"content":{"rendered":"<p>Apr\u012bkots \u016bdas komplekts Tonar.<\/p>\n<p>Izstr\u0101d\u0101jums ir izgatavots no augstas kvalit\u0101tes plastmasas, kas zem\u0101 temperat\u016br\u0101 saglab\u0101 elast\u012bbu.<\/p>\n<p>Cilindrs 0,35 mm.&nbsp;<\/p>\n<p>Spoles garums 15 m.<\/p>\n<p>Svars 10 gr.<\/p>\n<p>Volframa pavada 20 cm.<\/p>\n<p>Tr\u012bsst\u016brveida \u0101\u0137is Nr. 6.<\/p>\n<p>Svars 96 g.<\/p>\n<p>Bloka diametrs 185 mm.<\/p>\n<p>Spoles diametrs 85 mm.<\/p>\n","protected":false},"excerpt":{"rendered":"<p>Apr\u012bkots \u016bdas komplekts Tonar. Izstr\u0101d\u0101jums ir izgatavots no augstas kvalit\u0101tes plastmasas, kas zem\u0101 temperat\u016br\u0101 saglab\u0101 elast\u012bbu. Cilindrs 0,35 mm.&nbsp; Spoles garums 15 m. Svars 10 gr. Volframa pavada 20 cm. Tr\u012bsst\u016brveida \u0101\u0137is Nr. 6. Svars 96 g. Bloka diametrs 185 mm. Spoles diametrs 85 mm.<\/p>\n","protected":false},"featured_media":0,"template":"","meta":[],"product_brand":[],"product_cat":[4585,4613,4640],"product_tag":[],"class_list":{"0":"post-80366","1":"product","2":"type-product","3":"status-publish","5":"product_cat-winter-fishing-equipment-recreation","6":"product_cat-ice-drills-and-accessories-winter-fishing-equipment-recreation","7":"product_cat-recreation","9":"first","10":"instock","11":"shipping-taxable","12":"purchasable","13":"product-type-simple"},"_links":{"self":[{"href":"https:\/\/sezona.lv\/en\/wp-json\/wp\/v2\/product\/80366","targetHints":{"allow":["GET"]}}],"collection":[{"href":"https:\/\/sezona.lv\/en\/wp-json\/wp\/v2\/product"}],"about":[{"href":"https:\/\/sezona.lv\/en\/wp-json\/wp\/v2\/types\/product"}],"wp:attachment":[{"href":"https:\/\/sezona.lv\/en\/wp-json\/wp\/v2\/media?parent=80366"}],"wp:term":[{"taxonomy":"product_brand","embeddable":true,"href":"https:\/\/sezona.lv\/en\/wp-json\/wp\/v2\/product_brand?post=80366"},{"taxonomy":"product_cat","embeddable":true,"href":"https:\/\/sezona.lv\/en\/wp-json\/wp\/v2\/product_cat?post=80366"},{"taxonomy":"product_tag","embeddable":true,"href":"https:\/\/sezona.lv\/en\/wp-json\/wp\/v2\/product_tag?post=80366"}],"curies":[{"name":"wp","href":"https:\/\/api.w.org\/{rel}","templated":true}]}}