{"id":80368,"date":"2025-07-14T15:55:55","date_gmt":"2025-07-14T12:55:55","guid":{"rendered":"https:\/\/demo8.ecube.lv\/sezona.lv\/products\/helios-termokruze-450ml\/"},"modified":"2025-07-14T15:55:55","modified_gmt":"2025-07-14T12:55:55","slug":"helios-termokruze-450ml","status":"publish","type":"product","link":"https:\/\/sezona.lv\/en\/products\/helios-termokruze-450ml\/","title":{"rendered":"Helios Termokr\u016bze 450ml"},"content":{"rendered":"<p>Helios Termokr\u016bze 450ml.<\/p>\n<p>Ar &scaron;o termokr\u016bzi j\u016bsu dz\u0113riens saglab\u0101sies karsts daudz ilg\u0101k!<\/p>\n<p>Ner\u016bs\u0113jo&scaron;\u0101 t\u0113rauda termokr\u016bze.<\/p>\n<p>Ietilp\u012bba: 450 ml.<\/p>\n","protected":false},"excerpt":{"rendered":"<p>Helios Termokr\u016bze 450ml. Ar &scaron;o termokr\u016bzi j\u016bsu dz\u0113riens saglab\u0101sies karsts daudz ilg\u0101k! Ner\u016bs\u0113jo&scaron;\u0101 t\u0113rauda termokr\u016bze. Ietilp\u012bba: 450 ml.<\/p>\n","protected":false},"featured_media":0,"template":"","meta":[],"product_brand":[],"product_cat":[4558,4571,4640,4735],"product_tag":[],"class_list":{"0":"post-80368","1":"product","2":"type-product","3":"status-publish","5":"product_cat-for-tourism-recreation","6":"product_cat-dishes-knives-folding-tables-for-tourism-recreation","7":"product_cat-recreation","8":"product_cat-thermoses-and-thermo-cups-dishes-knives-folding-tables-for-tourism-recreation","10":"first","11":"instock","12":"shipping-taxable","13":"purchasable","14":"product-type-simple"},"_links":{"self":[{"href":"https:\/\/sezona.lv\/en\/wp-json\/wp\/v2\/product\/80368","targetHints":{"allow":["GET"]}}],"collection":[{"href":"https:\/\/sezona.lv\/en\/wp-json\/wp\/v2\/product"}],"about":[{"href":"https:\/\/sezona.lv\/en\/wp-json\/wp\/v2\/types\/product"}],"wp:attachment":[{"href":"https:\/\/sezona.lv\/en\/wp-json\/wp\/v2\/media?parent=80368"}],"wp:term":[{"taxonomy":"product_brand","embeddable":true,"href":"https:\/\/sezona.lv\/en\/wp-json\/wp\/v2\/product_brand?post=80368"},{"taxonomy":"product_cat","embeddable":true,"href":"https:\/\/sezona.lv\/en\/wp-json\/wp\/v2\/product_cat?post=80368"},{"taxonomy":"product_tag","embeddable":true,"href":"https:\/\/sezona.lv\/en\/wp-json\/wp\/v2\/product_tag?post=80368"}],"curies":[{"name":"wp","href":"https:\/\/api.w.org\/{rel}","templated":true}]}}