{"id":80371,"date":"2025-07-14T15:55:58","date_gmt":"2025-07-14T12:55:58","guid":{"rendered":"https:\/\/demo8.ecube.lv\/sezona.lv\/products\/zippo-heatbank-6-uzladejams-roku-silditajs-power-bank\/"},"modified":"2025-07-14T15:55:58","modified_gmt":"2025-07-14T12:55:58","slug":"zippo-heatbank-6-uzladejams-roku-silditajs-power-bank","status":"publish","type":"product","link":"https:\/\/sezona.lv\/en\/products\/zippo-heatbank-6-uzladejams-roku-silditajs-power-bank\/","title":{"rendered":"Zippo HeatBank\u00ae 6 Uzl\u0101d\u0113jams Roku Sild\u012bt\u0101js + Power Bank"},"content":{"rendered":"<div class=\"rte\">\n<p>Uzl\u0101d\u0113jams roku sild\u012bt\u0101js ar Power bank funkciju.<\/p>\n<p class=\"a\">&nbsp;<\/p>\n<p>Zippo HeatBank&reg; 6 ir ide\u0101ls kompakts kompanjons, kur&scaron; nodro&scaron;in\u0101s jums siltumu, savienojumu un komfortu ar tr\u012bs temperat\u016bras iestat\u012bjumiem, uzl\u0101des portam un komplekt\u0101 iek\u013cautai siksnai.<\/p>\n<p>&nbsp;<\/p>\n<p>Saglab\u0101jiet savienojumu: nekad neizl\u0101d\u0113jieties ar USB sader\u012bg\u0101m ier\u012bc\u0113m, jo Zippo HeatBank&reg; ir ar\u012b akumulators. \u0112rta baro&scaron;anas banka \u013cauj uzl\u0101d\u0113t USB sader\u012bg\u0101s ier\u012bces, lai j\u016bs var\u0113tu uztur\u0113t savienojumu, baudot br\u012bni&scaron;\u0137\u012bgo \u0101ra atp\u016btu. \u0145emiet l\u012bdzi Zippo HeatBank&reg; uzl\u0101d\u0113jamo roku sild\u012bt\u0101ju jebkur\u0101 piedz\u012bvojum\u0101: med\u012bb\u0101s, mak&scaron;\u0137er\u0113&scaron;an\u0101, sporta pas\u0101kumos, kempingos un daudz\u0101s cit\u0101s aukst\u0101 laika aktivit\u0101t\u0113s.&nbsp;<\/p>\n<p>&nbsp;<\/p>\n<p>\u012aPA&Scaron;\u012aBAS<\/p>\n<p>Uzl\u0101d\u0113 ar USB sader\u012bgas ier\u012bces, tostarp mobilos t\u0101lru\u0146us, MP3 atska\u0146ot\u0101jus, plan&scaron;etdatorus, kameras utt.<\/p>\n<p>Divpus\u0113ja sild\u012b&scaron;ana l\u012bdz 50&deg;C (120&deg;F) darba temperat\u016brai ar trim (3) siltuma iestat\u012bjumiem kontrol\u0113tam un komfortablam siltumam.<\/p>\n<p>Siltuma un akumulatora l\u012bme\u0146a indikators.<\/p>\n<p>Uzl\u0101d\u0113jams 4400 mAh litija jonu akumulators (iek\u013cauts) ilgsto&scaron;ai uzticamai apkurei &#8211; l\u012bdz 6 stund\u0101m.<\/p>\n<p>&nbsp;<\/p>\n<p>IEGUVUMI<\/p>\n<p>Viegli iek\u013caujas kabat\u0101.<\/p>\n<p>Atk\u0101rtoti lietojams produkts &ndash; maz\u0101k atkritumu nek\u0101 vienreiz\u0113j\u0101s lieto&scaron;anas sild\u012b&scaron;anas ier\u012bc\u0113m.<\/p>\n<p>Ide\u0101li piem\u0113rots roku siltu uztur\u0113&scaron;anai telp\u0101s vai ilgsto&scaron;\u0101m \u0101ra aktivit\u0101t\u0113m.<\/p>\n<p>Pietiekami silts, lai aukst\u0101 laik\u0101 rokas b\u016btu siltas.<\/p>\n<p>\u0100tri par\u0101da atlas\u012btos apkures iestat\u012bjumus un atliku&scaron;o akumulatora jaudu.<\/p>\n<p>Nodro&scaron;ina past\u0101v\u012bgu pat\u012bkamu siltumu ab\u0101s roku sild\u012bt\u0101ja pus\u0113s.<\/p>\n<p>&nbsp;<\/p>\n<p>Roku sild\u012bt\u0101ju specifik\u0101cijas:<\/p>\n<p>Izm\u0113ri:&nbsp;10,8 x 4,39 x 2,41 cm<\/p>\n<p>Svars:&nbsp;142g<\/p>\n<p>Kr\u0101sa:&nbsp;Melna<\/p>\n<p>Piez\u012bme:&nbsp;&Scaron;aj\u0101 izstr\u0101d\u0101jum\u0101 netiek izmantota degviela.<\/p>\n<\/div>\n","protected":false},"excerpt":{"rendered":"<p>Uzl\u0101d\u0113jams roku sild\u012bt\u0101js ar Power bank funkciju. &nbsp; Zippo HeatBank&reg; 6 ir ide\u0101ls kompakts kompanjons, kur&scaron; nodro&scaron;in\u0101s jums siltumu, savienojumu un komfortu ar tr\u012bs temperat\u016bras iestat\u012bjumiem, uzl\u0101des portam un komplekt\u0101 iek\u013cautai siksnai. &nbsp; Saglab\u0101jiet savienojumu: nekad neizl\u0101d\u0113jieties ar USB sader\u012bg\u0101m ier\u012bc\u0113m, jo Zippo HeatBank&reg; ir ar\u012b akumulators. \u0112rta baro&scaron;anas banka \u013cauj uzl\u0101d\u0113t USB sader\u012bg\u0101s ier\u012bces, [&hellip;]<\/p>\n","protected":false},"featured_media":0,"template":"","meta":[],"product_brand":[3440],"product_cat":[4558,4640,4720,4725],"product_tag":[],"class_list":{"0":"post-80371","1":"product","2":"type-product","3":"status-publish","5":"product_brand-zippo","6":"product_cat-for-tourism-recreation","7":"product_cat-recreation","8":"product_cat-gas-stoves-burners-lanterns-heaters-for-tourism-recreation","9":"product_cat-gas-and-gasoline-heaters-gas-stoves-burners-lanterns-heaters-for-tourism-recreation","11":"first","12":"instock","13":"shipping-taxable","14":"purchasable","15":"product-type-simple"},"_links":{"self":[{"href":"https:\/\/sezona.lv\/en\/wp-json\/wp\/v2\/product\/80371","targetHints":{"allow":["GET"]}}],"collection":[{"href":"https:\/\/sezona.lv\/en\/wp-json\/wp\/v2\/product"}],"about":[{"href":"https:\/\/sezona.lv\/en\/wp-json\/wp\/v2\/types\/product"}],"wp:attachment":[{"href":"https:\/\/sezona.lv\/en\/wp-json\/wp\/v2\/media?parent=80371"}],"wp:term":[{"taxonomy":"product_brand","embeddable":true,"href":"https:\/\/sezona.lv\/en\/wp-json\/wp\/v2\/product_brand?post=80371"},{"taxonomy":"product_cat","embeddable":true,"href":"https:\/\/sezona.lv\/en\/wp-json\/wp\/v2\/product_cat?post=80371"},{"taxonomy":"product_tag","embeddable":true,"href":"https:\/\/sezona.lv\/en\/wp-json\/wp\/v2\/product_tag?post=80371"}],"curies":[{"name":"wp","href":"https:\/\/api.w.org\/{rel}","templated":true}]}}