{"id":80373,"date":"2025-07-11T17:25:11","date_gmt":"2025-07-11T14:25:11","guid":{"rendered":"https:\/\/demo8.ecube.lv\/sezona.lv\/products\/cimdi-norfin-aurora-black\/"},"modified":"2025-07-14T15:55:59","modified_gmt":"2025-07-14T12:55:59","slug":"cimdi-norfin-aurora-black","status":"publish","type":"product","link":"https:\/\/sezona.lv\/en\/products\/cimdi-norfin-aurora-black\/","title":{"rendered":"Cimdi Norfin AURORA BLACK"},"content":{"rendered":"<p>Cimdi Norfin AURORA BLACK.<\/p>\n<p><span>Cimdi &#8211; d\u016brai\u0146i ar atlok\u0101mu pirkstu da\u013cu.<\/span><\/p>\n<p><span>Piem\u0113roti ziemas mak&scaron;\u0137er\u0113&scaron;anai.<\/span><\/p>\n<p><span>Materi\u0101ls &#8211; 100% poliesters.<\/span><\/p>\n","protected":false},"excerpt":{"rendered":"<p>Cimdi Norfin AURORA BLACK. Cimdi &#8211; d\u016brai\u0146i ar atlok\u0101mu pirkstu da\u013cu. Piem\u0113roti ziemas mak&scaron;\u0137er\u0113&scaron;anai. Materi\u0101ls &#8211; 100% poliesters.<\/p>\n","protected":false},"featured_media":107679,"template":"","meta":[],"product_brand":[899],"product_cat":[4628],"product_tag":[],"class_list":{"0":"post-80373","1":"product","2":"type-product","3":"status-publish","4":"has-post-thumbnail","6":"product_brand-norfin","7":"product_cat-gloves-winter-clothes-recreation","9":"first","10":"instock","11":"shipping-taxable","12":"purchasable","13":"product-type-variable"},"_links":{"self":[{"href":"https:\/\/sezona.lv\/en\/wp-json\/wp\/v2\/product\/80373","targetHints":{"allow":["GET"]}}],"collection":[{"href":"https:\/\/sezona.lv\/en\/wp-json\/wp\/v2\/product"}],"about":[{"href":"https:\/\/sezona.lv\/en\/wp-json\/wp\/v2\/types\/product"}],"wp:featuredmedia":[{"embeddable":true,"href":"https:\/\/sezona.lv\/en\/wp-json\/wp\/v2\/media\/107679"}],"wp:attachment":[{"href":"https:\/\/sezona.lv\/en\/wp-json\/wp\/v2\/media?parent=80373"}],"wp:term":[{"taxonomy":"product_brand","embeddable":true,"href":"https:\/\/sezona.lv\/en\/wp-json\/wp\/v2\/product_brand?post=80373"},{"taxonomy":"product_cat","embeddable":true,"href":"https:\/\/sezona.lv\/en\/wp-json\/wp\/v2\/product_cat?post=80373"},{"taxonomy":"product_tag","embeddable":true,"href":"https:\/\/sezona.lv\/en\/wp-json\/wp\/v2\/product_tag?post=80373"}],"curies":[{"name":"wp","href":"https:\/\/api.w.org\/{rel}","templated":true}]}}