{"id":80374,"date":"2025-07-14T15:56:00","date_gmt":"2025-07-14T12:56:00","guid":{"rendered":"https:\/\/demo8.ecube.lv\/sezona.lv\/products\/cimdi-norfin-magnet\/"},"modified":"2025-07-14T15:56:00","modified_gmt":"2025-07-14T12:56:00","slug":"cimdi-norfin-magnet","status":"publish","type":"product","link":"https:\/\/sezona.lv\/en\/products\/cimdi-norfin-magnet\/","title":{"rendered":"Cimdi Norfin MAGNET"},"content":{"rendered":"<p>Cimdi Norfin MAGNET.<\/p>\n<p><span>Fiks\u0101ciju nodro&scaron;ina audum\u0101 iestr\u0101d\u0101ts magn\u0113ts.<\/span><\/p>\n<p>Piem\u0113roti ziemas mak&scaron;\u0137er\u0113&scaron;anai.<\/p>\n<p>Materi\u0101ls &#8211; 100% poliesters.<\/p>\n","protected":false},"excerpt":{"rendered":"<p>Cimdi Norfin MAGNET. Fiks\u0101ciju nodro&scaron;ina audum\u0101 iestr\u0101d\u0101ts magn\u0113ts. Piem\u0113roti ziemas mak&scaron;\u0137er\u0113&scaron;anai. Materi\u0101ls &#8211; 100% poliesters.<\/p>\n","protected":false},"featured_media":0,"template":"","meta":[],"product_brand":[899],"product_cat":[4619,4628,4640],"product_tag":[],"class_list":{"0":"post-80374","1":"product","2":"type-product","3":"status-publish","5":"product_brand-norfin","6":"product_cat-winter-clothes-recreation","7":"product_cat-gloves-winter-clothes-recreation","8":"product_cat-recreation","10":"first","11":"instock","12":"shipping-taxable","13":"purchasable","14":"product-type-simple"},"_links":{"self":[{"href":"https:\/\/sezona.lv\/en\/wp-json\/wp\/v2\/product\/80374","targetHints":{"allow":["GET"]}}],"collection":[{"href":"https:\/\/sezona.lv\/en\/wp-json\/wp\/v2\/product"}],"about":[{"href":"https:\/\/sezona.lv\/en\/wp-json\/wp\/v2\/types\/product"}],"wp:attachment":[{"href":"https:\/\/sezona.lv\/en\/wp-json\/wp\/v2\/media?parent=80374"}],"wp:term":[{"taxonomy":"product_brand","embeddable":true,"href":"https:\/\/sezona.lv\/en\/wp-json\/wp\/v2\/product_brand?post=80374"},{"taxonomy":"product_cat","embeddable":true,"href":"https:\/\/sezona.lv\/en\/wp-json\/wp\/v2\/product_cat?post=80374"},{"taxonomy":"product_tag","embeddable":true,"href":"https:\/\/sezona.lv\/en\/wp-json\/wp\/v2\/product_tag?post=80374"}],"curies":[{"name":"wp","href":"https:\/\/api.w.org\/{rel}","templated":true}]}}