{"id":80375,"date":"2025-07-11T17:25:15","date_gmt":"2025-07-11T14:25:15","guid":{"rendered":"https:\/\/demo8.ecube.lv\/sezona.lv\/products\/cimdi-norfin-nord\/"},"modified":"2025-07-14T15:56:01","modified_gmt":"2025-07-14T12:56:01","slug":"cimdi-norfin-nord","status":"publish","type":"product","link":"https:\/\/sezona.lv\/en\/products\/cimdi-norfin-nord\/","title":{"rendered":"Cimdi Norfin NORD"},"content":{"rendered":"<p>Cimdi Norfin NORD.<\/p>\n<p><span>Cimdi d\u016brai\u0146i v\u0113ja necaurlaid\u012bgi.<\/span><\/p>\n<p>Piem\u0113roti ziemas mak&scaron;\u0137er\u0113&scaron;anai.<\/p>\n","protected":false},"excerpt":{"rendered":"<p>Cimdi Norfin NORD. Cimdi d\u016brai\u0146i v\u0113ja necaurlaid\u012bgi. Piem\u0113roti ziemas mak&scaron;\u0137er\u0113&scaron;anai.<\/p>\n","protected":false},"featured_media":0,"template":"","meta":[],"product_brand":[899],"product_cat":[4619,4628],"product_tag":[],"class_list":{"0":"post-80375","1":"product","2":"type-product","3":"status-publish","5":"product_brand-norfin","6":"product_cat-winter-clothes-recreation","7":"product_cat-gloves-winter-clothes-recreation","9":"first","10":"instock","11":"shipping-taxable","12":"purchasable","13":"product-type-variable"},"_links":{"self":[{"href":"https:\/\/sezona.lv\/en\/wp-json\/wp\/v2\/product\/80375","targetHints":{"allow":["GET"]}}],"collection":[{"href":"https:\/\/sezona.lv\/en\/wp-json\/wp\/v2\/product"}],"about":[{"href":"https:\/\/sezona.lv\/en\/wp-json\/wp\/v2\/types\/product"}],"wp:attachment":[{"href":"https:\/\/sezona.lv\/en\/wp-json\/wp\/v2\/media?parent=80375"}],"wp:term":[{"taxonomy":"product_brand","embeddable":true,"href":"https:\/\/sezona.lv\/en\/wp-json\/wp\/v2\/product_brand?post=80375"},{"taxonomy":"product_cat","embeddable":true,"href":"https:\/\/sezona.lv\/en\/wp-json\/wp\/v2\/product_cat?post=80375"},{"taxonomy":"product_tag","embeddable":true,"href":"https:\/\/sezona.lv\/en\/wp-json\/wp\/v2\/product_tag?post=80375"}],"curies":[{"name":"wp","href":"https:\/\/api.w.org\/{rel}","templated":true}]}}