{"id":80376,"date":"2025-07-14T15:56:03","date_gmt":"2025-07-14T12:56:03","guid":{"rendered":"https:\/\/demo8.ecube.lv\/sezona.lv\/products\/dam-mugursoma-ar-kreslu\/"},"modified":"2025-07-14T15:56:03","modified_gmt":"2025-07-14T12:56:03","slug":"dam-mugursoma-ar-kreslu","status":"publish","type":"product","link":"https:\/\/sezona.lv\/en\/products\/dam-mugursoma-ar-kreslu\/","title":{"rendered":"DAM Mugursoma ar kr\u0113slu"},"content":{"rendered":"<p>DAM Mugursoma ar kr\u0113slu.<\/p>\n<p>&Scaron;\u012b ir \u013coti \u0113rta kombin\u0101cija- Mak&scaron;\u0137ernieku mugursoma apr\u012bkota ar saliekamu kr\u0113slu.<\/p>\n<p>Polster\u0113ts p\u0101rn\u0113s\u0101&scaron;anas r\u0101mis.<\/p>\n<p>Viena priek&scaron;\u0113j\u0101 kabata un divas s\u0101nu kabatas.<\/p>\n<p>Kabatas ar sl\u0113ptu r\u0101v\u0113jsl\u0113dz\u0113ju.<\/p>\n<p>Izm\u0113ri: 40 x 38 x 55 cm.<\/p>\n<p>Transport\u0113&scaron;anas izm\u0113rs: 20 x 38 x 55 cm<\/p>\n<p>Svars: 3 kg<\/p>\n<p>Maksim\u0101l\u0101 slodze: 110 kg<\/p>\n<ul>\n<\/ul>\n","protected":false},"excerpt":{"rendered":"<p>DAM Mugursoma ar kr\u0113slu. &Scaron;\u012b ir \u013coti \u0113rta kombin\u0101cija- Mak&scaron;\u0137ernieku mugursoma apr\u012bkota ar saliekamu kr\u0113slu. Polster\u0113ts p\u0101rn\u0113s\u0101&scaron;anas r\u0101mis. Viena priek&scaron;\u0113j\u0101 kabata un divas s\u0101nu kabatas. Kabatas ar sl\u0113ptu r\u0101v\u0113jsl\u0113dz\u0113ju. Izm\u0113ri: 40 x 38 x 55 cm. Transport\u0113&scaron;anas izm\u0113rs: 20 x 38 x 55 cm Svars: 3 kg Maksim\u0101l\u0101 slodze: 110 kg<\/p>\n","protected":false},"featured_media":0,"template":"","meta":[],"product_brand":[894],"product_cat":[4538,4556,4640],"product_tag":[],"class_list":{"0":"post-80376","1":"product","2":"type-product","3":"status-publish","5":"product_brand-salmo","6":"product_cat-fishing-equipment-recreation","7":"product_cat-bags-boxes-fishing-equipment-recreation","8":"product_cat-recreation","10":"first","11":"instock","12":"shipping-taxable","13":"purchasable","14":"product-type-simple"},"_links":{"self":[{"href":"https:\/\/sezona.lv\/en\/wp-json\/wp\/v2\/product\/80376","targetHints":{"allow":["GET"]}}],"collection":[{"href":"https:\/\/sezona.lv\/en\/wp-json\/wp\/v2\/product"}],"about":[{"href":"https:\/\/sezona.lv\/en\/wp-json\/wp\/v2\/types\/product"}],"wp:attachment":[{"href":"https:\/\/sezona.lv\/en\/wp-json\/wp\/v2\/media?parent=80376"}],"wp:term":[{"taxonomy":"product_brand","embeddable":true,"href":"https:\/\/sezona.lv\/en\/wp-json\/wp\/v2\/product_brand?post=80376"},{"taxonomy":"product_cat","embeddable":true,"href":"https:\/\/sezona.lv\/en\/wp-json\/wp\/v2\/product_cat?post=80376"},{"taxonomy":"product_tag","embeddable":true,"href":"https:\/\/sezona.lv\/en\/wp-json\/wp\/v2\/product_tag?post=80376"}],"curies":[{"name":"wp","href":"https:\/\/api.w.org\/{rel}","templated":true}]}}