{"id":80377,"date":"2025-07-14T15:56:04","date_gmt":"2025-07-14T12:56:04","guid":{"rendered":"https:\/\/demo8.ecube.lv\/sezona.lv\/products\/pusautomatiska-ziemas-makskeresanas-telts-norfin-hot-cube-4-thermo\/"},"modified":"2025-07-14T15:56:04","modified_gmt":"2025-07-14T12:56:04","slug":"pusautomatiska-ziemas-makskeresanas-telts-norfin-hot-cube-4-thermo","status":"publish","type":"product","link":"https:\/\/sezona.lv\/en\/products\/pusautomatiska-ziemas-makskeresanas-telts-norfin-hot-cube-4-thermo\/","title":{"rendered":"Pusautom\u0101tisk\u0101 ziemas mak\u0161\u0137er\u0113\u0161anas telts Norfin HOT CUBE 4 thermo"},"content":{"rendered":"<p>Norfin HOT CUBE Thermo is designed to be your mobile base camp for your ice fishing crew. Lightweight and highly portable, the NOT CUBE give you the quick-strike ability to locate and stay on top of the bite, all day long. Tents design features well-placed windows and vents, with plenty of optimized fishing space inside to accommodate your team. Made from 300D Oxford Thermal 3layer material.<\/p>\n<p>Capacity: 4 persons<br \/>Set-up size (cm): 240 \u0445 240 \u0445 220<br \/>Collapsed size (cm): 170 \u0445 25 \u0445 25<br \/>Weight (kg): 14,2<br \/>Fabric: 300D Oxford Thermal PU\/1000<br \/>Poles: Hub System, 11 mm Fiberglass<\/p>\n<p>&bull; Semi-automatic hub system &ndash; can be erected by one person<br \/>&bull; Quickly folds down to a compact, easy-to-carry bundle<br \/>&bull; Two windows<br \/>&bull; Two entrances<br \/>&bull; Pocket for fishing gear<br \/>&bull; Ice-anchors<br \/>&bull; Fully insulated fabric retains heat and reduces condensation<br \/>&bull; Tough, lightweight polyester construction<br \/>&bull; Streamlined design with optimized fishing space inside<br \/>&bull; 300-denier polyester material<br \/>&bull; Black roof &ndash; absorb heat and ensures more comfort when needed<\/p>\n","protected":false},"excerpt":{"rendered":"<p>Norfin HOT CUBE Thermo is designed to be your mobile base camp for your ice fishing crew. Lightweight and highly portable, the NOT CUBE give you the quick-strike ability to locate and stay on top of the bite, all day long. Tents design features well-placed windows and vents, with plenty of optimized fishing space inside [&hellip;]<\/p>\n","protected":false},"featured_media":0,"template":"","meta":[],"product_brand":[],"product_cat":[4585,4640,4750],"product_tag":[],"class_list":{"0":"post-80377","1":"product","2":"type-product","3":"status-publish","5":"product_cat-winter-fishing-equipment-recreation","6":"product_cat-recreation","7":"product_cat-winter-fishing-tents-winter-fishing-equipment-recreation","9":"first","10":"instock","11":"shipping-taxable","12":"purchasable","13":"product-type-simple"},"_links":{"self":[{"href":"https:\/\/sezona.lv\/en\/wp-json\/wp\/v2\/product\/80377","targetHints":{"allow":["GET"]}}],"collection":[{"href":"https:\/\/sezona.lv\/en\/wp-json\/wp\/v2\/product"}],"about":[{"href":"https:\/\/sezona.lv\/en\/wp-json\/wp\/v2\/types\/product"}],"wp:attachment":[{"href":"https:\/\/sezona.lv\/en\/wp-json\/wp\/v2\/media?parent=80377"}],"wp:term":[{"taxonomy":"product_brand","embeddable":true,"href":"https:\/\/sezona.lv\/en\/wp-json\/wp\/v2\/product_brand?post=80377"},{"taxonomy":"product_cat","embeddable":true,"href":"https:\/\/sezona.lv\/en\/wp-json\/wp\/v2\/product_cat?post=80377"},{"taxonomy":"product_tag","embeddable":true,"href":"https:\/\/sezona.lv\/en\/wp-json\/wp\/v2\/product_tag?post=80377"}],"curies":[{"name":"wp","href":"https:\/\/api.w.org\/{rel}","templated":true}]}}