{"id":80378,"date":"2025-07-14T15:56:07","date_gmt":"2025-07-14T12:56:07","guid":{"rendered":"https:\/\/demo8.ecube.lv\/sezona.lv\/products\/pusautomatiska-ziemas-makskeresanas-telts-norfin-hot-cube\/"},"modified":"2025-07-14T15:56:07","modified_gmt":"2025-07-14T12:56:07","slug":"pusautomatiska-ziemas-makskeresanas-telts-norfin-hot-cube","status":"publish","type":"product","link":"https:\/\/sezona.lv\/en\/products\/pusautomatiska-ziemas-makskeresanas-telts-norfin-hot-cube\/","title":{"rendered":"Pusautom\u0101tisk\u0101 ziemas mak\u0161\u0137er\u0113\u0161anas telts Norfin HOT CUBE"},"content":{"rendered":"<p>Pusutom\u0101tiski saliekama ziemas mak&scaron;\u0137er\u0113&scaron;anas telts, kas telti \u013cauj uzcelt da\u017e\u0101s min\u016bt\u0113s.<\/p>\n<p>Paredz\u0113ta tr\u012bs person\u0101m.<\/p>\n<p>Izgatavota no 300D Oxford PU\/1000 materi\u0101la.<\/p>\n<p>&nbsp;<\/p>\n<p>Perimetra izm\u0113rs: 175 x 175 x 195 cm;<\/p>\n<p>Izm\u0113rs salikt\u0101 veid\u0101: 127 x 20 x 20 cm;<\/p>\n<p>Augstums: 195 cm;<\/p>\n<p>Svars: 9.3 kg<\/p>\n<p>&nbsp;<\/p>\n<li>Konstrukcija: Hub System, 9,5mm stikl&scaron;\u0137iedra<\/li>\n<li>Konstrukcija ar pusautom\u0101tisku \u0101tr\u0101s mont\u0101\u017eas r\u0101mi<\/li>\n<li>Viegli uzst\u0101d\u012bt vienai personai<\/li>\n<li>Piem\u0113rota t\u016brisma m\u0113be\u013cu un ziemas apr\u012bkojuma uzglab\u0101&scaron;anai<\/li>\n<li>Telts augstums piem\u0113rots, lai taj\u0101 var\u0113tu st\u0101v\u0113t k\u0101j\u0101s &#8211; 1,95 metri<\/li>\n<li>Divas atsevi&scaron;\u0137as ieejas apr\u012bkotas ar iztur\u012bgiem r\u0101v\u0113jsl\u0113dz\u0113jiem<\/li>\n<li>Divi logi<\/li>\n<li>Ventil\u0101cijas atveres<\/li>\n<li>Kabatas s\u012bkumiem<\/li>\n<li>Pastiprin\u0101ti st\u016bri<\/li>\n<li>Sniega un v\u0113ja aizsardz\u012bbas apmales<\/li>\n<li>Komplekt\u0101 iek\u013cautas virves un stiprin\u0101jumi<\/li>\n<li>Soma &#8211; \u010dehols uzglab\u0101&scaron;anai un transport\u0113&scaron;anai<\/li>\n<li>Melnais telts jumts uzsilst saules gaism\u0101, nodro&scaron;inot siltumu ziem\u0101<\/li>\n<li>Balt\u0101s telts sienas acu l\u012bmen\u012b &ndash; nerad\u012bs acij noslogojumu, nodro&scaron;inot telt\u012b dabisku komfortablu gaismu<\/li>\n<li>Spilgti za\u013c\u0101 telts apak&scaron;\u0113j\u0101 da\u013ca un atstarojo&scaron;ie elementi &#8211; padar\u012bs telti gai&scaron;u un paman\u0101mu tums\u0101<\/li>\n","protected":false},"excerpt":{"rendered":"<p>Pusutom\u0101tiski saliekama ziemas mak&scaron;\u0137er\u0113&scaron;anas telts, kas telti \u013cauj uzcelt da\u017e\u0101s min\u016bt\u0113s. Paredz\u0113ta tr\u012bs person\u0101m. Izgatavota no 300D Oxford PU\/1000 materi\u0101la. &nbsp; Perimetra izm\u0113rs: 175 x 175 x 195 cm; Izm\u0113rs salikt\u0101 veid\u0101: 127 x 20 x 20 cm; Augstums: 195 cm; Svars: 9.3 kg &nbsp; Konstrukcija: Hub System, 9,5mm stikl&scaron;\u0137iedra Konstrukcija ar pusautom\u0101tisku \u0101tr\u0101s mont\u0101\u017eas [&hellip;]<\/p>\n","protected":false},"featured_media":0,"template":"","meta":[],"product_brand":[],"product_cat":[4585,4640,4750],"product_tag":[],"class_list":{"0":"post-80378","1":"product","2":"type-product","3":"status-publish","5":"product_cat-winter-fishing-equipment-recreation","6":"product_cat-recreation","7":"product_cat-winter-fishing-tents-winter-fishing-equipment-recreation","9":"first","10":"instock","11":"shipping-taxable","12":"purchasable","13":"product-type-simple"},"_links":{"self":[{"href":"https:\/\/sezona.lv\/en\/wp-json\/wp\/v2\/product\/80378","targetHints":{"allow":["GET"]}}],"collection":[{"href":"https:\/\/sezona.lv\/en\/wp-json\/wp\/v2\/product"}],"about":[{"href":"https:\/\/sezona.lv\/en\/wp-json\/wp\/v2\/types\/product"}],"wp:attachment":[{"href":"https:\/\/sezona.lv\/en\/wp-json\/wp\/v2\/media?parent=80378"}],"wp:term":[{"taxonomy":"product_brand","embeddable":true,"href":"https:\/\/sezona.lv\/en\/wp-json\/wp\/v2\/product_brand?post=80378"},{"taxonomy":"product_cat","embeddable":true,"href":"https:\/\/sezona.lv\/en\/wp-json\/wp\/v2\/product_cat?post=80378"},{"taxonomy":"product_tag","embeddable":true,"href":"https:\/\/sezona.lv\/en\/wp-json\/wp\/v2\/product_tag?post=80378"}],"curies":[{"name":"wp","href":"https:\/\/api.w.org\/{rel}","templated":true}]}}