{"id":80379,"date":"2025-07-14T15:56:08","date_gmt":"2025-07-14T12:56:08","guid":{"rendered":"https:\/\/demo8.ecube.lv\/sezona.lv\/products\/stravas-generators-scheppach-sg2500i\/"},"modified":"2025-07-14T15:56:08","modified_gmt":"2025-07-14T12:56:08","slug":"stravas-generators-scheppach-sg2500i","status":"publish","type":"product","link":"https:\/\/sezona.lv\/en\/products\/stravas-generators-scheppach-sg2500i\/","title":{"rendered":"Str\u0101vas \u0123enerators Scheppach SG2500i"},"content":{"rendered":"<p>SPECIFIK\u0100CIJAS &#8211; MOTORS<br \/>Modelis: viens cilindrs; 4 taktu benz\u012bna dzin\u0113js<br \/>Maks. motora jauda: 3 ZS<br \/>Darba tilpums: 79 cm&sup3;<br \/>Palai&scaron;anas sist\u0113ma: ar rokas starteri<br \/>Tvertnes saturs: 4,1 l<br \/>Degvielas pat\u0113ri\u0146&scaron; pie pilnas slodzes:1,3 l\/h<\/p>\n<p>SPECIFIK\u0100CIJAS &#8211; \u0122ENERATORS<br \/>Izm\u0113ri L x W x H: 520 x 270 x 440 mm<br \/>Sprieguma kontrole: invertors<br \/>Nomin\u0101l\u0101 jauda \/ Maksim\u0101l\u0101 jauda: 1600\/2000 W<br \/>Sprieguma izeja: 230 V ~<br \/>Mai\u0146str\u0101vas frekvence: 50 Hz<br \/>P\u0101rslodzes aizsardz\u012bba: J\u0101<br \/>Br\u012bdin\u0101jums par zemu e\u013c\u013cas daudzumu: J\u0101<\/p>\n<p>Maksim\u0101l\u0101 jauda 2000 W ier\u012bc\u0113m ar jut\u012bgu elektroniku, elektroinstrumentiem utt.<br \/>Apr\u012bkots ar div\u0101m 230 V ~ mai\u0146str\u0101vas kontaktligzd\u0101m un diviem 2,1 A USB portiem (\u0101tra uzl\u0101de)<br \/>Darba tilpums 79 cm&sup3;, ar gaisu dzes\u0113ts \u010detrtaktu benz\u012bna dzin\u0113js ar rokas starteri<br \/>Kompakts dizains somas izm\u0113r\u0101, kas izgatavots no triecieniztur\u012bgas plastmasas ar rokturi<br \/>Autom\u0101tiska izsl\u0113g&scaron;an\u0101s e\u013c\u013cas tr\u016bkuma gad\u012bjum\u0101<br \/>Degvielas tvertne 4,1 l un motore\u013c\u013cas tilpums 300 ml<\/p>\n<p>Ska\u0146as spiediens L pA= 71,6 dB(A)<br \/>Ska\u0146as jauda L wA= 91,6 dB(A)<br \/>Nenoteikt\u012bba K pA= 1,13 dB<\/p>\n<p>Ar 71,6 dB Scheppach SG2500i ir \u012bpa&scaron;i kluss str\u0101vas \u0123enerators ar maksim\u0101lo jaudu 2000 vati. Pateicoties modernajai invertora tehnolo\u0123ijai, t\u0101 nodro&scaron;ina t\u012bru elektr\u012bbu, lai pat jut\u012bgas ier\u012bces, piem\u0113ram, kl\u0113pjdatorus, var\u0113tu darbin\u0101t bez probl\u0113m\u0101m. Kompakts, \u0113rts, jaud\u012bgs &#8211; SG2500i ir ide\u0101ls pavadonis kemping\u0101 vai izbraucienos.&nbsp;<span class=\"productdisclaimer\">Att\u0113liem ir ilustrat\u012bva noz\u012bme.<\/span><\/p>\n<p>&nbsp;<\/p>\n<table class=\"style5 w400\" border=\"0\">\n<tbody>\n<tr>\n<td class=\"label\"><span>Svars<\/span><\/td>\n<td class=\"value\">17.5 kg<\/td>\n<\/tr>\n<tr>\n<td class=\"label\"><span>Platums<\/span><\/td>\n<td class=\"value\">320 mm<\/td>\n<\/tr>\n<tr>\n<td class=\"label\"><span>Dzi\u013cums<\/span><\/td>\n<td class=\"value\">485 mm<\/td>\n<\/tr>\n<tr>\n<td class=\"label\"><span>Augstums<\/span><\/td>\n<td class=\"value\">570 mm<\/td>\n<\/tr>\n<tr>\n<td class=\"label\"><span>M\u0113rvien\u012bba<\/span><\/td>\n<td class=\"value\">gab.<\/td>\n<\/tr>\n<tr>\n<td class=\"label\"><span>GTIN<\/span><\/td>\n<td class=\"value\">4046664134602<\/td>\n<\/tr>\n<tr>\n<td class=\"label\"><span>Produkta kods<\/span><\/td>\n<td class=\"value\">5906226901&amp;SCHEP<\/td>\n<\/tr>\n<tr>\n<td class=\"label\"><span>MPN<\/span><\/td>\n<td class=\"value\">5906226901<\/td>\n<\/tr>\n<\/tbody>\n<\/table>\n","protected":false},"excerpt":{"rendered":"<p>SPECIFIK\u0100CIJAS &#8211; MOTORSModelis: viens cilindrs; 4 taktu benz\u012bna dzin\u0113jsMaks. motora jauda: 3 ZSDarba tilpums: 79 cm&sup3;Palai&scaron;anas sist\u0113ma: ar rokas starteriTvertnes saturs: 4,1 lDegvielas pat\u0113ri\u0146&scaron; pie pilnas slodzes:1,3 l\/h SPECIFIK\u0100CIJAS &#8211; \u0122ENERATORSIzm\u0113ri L x W x H: 520 x 270 x 440 mmSprieguma kontrole: invertorsNomin\u0101l\u0101 jauda \/ Maksim\u0101l\u0101 jauda: 1600\/2000 WSprieguma izeja: 230 V ~Mai\u0146str\u0101vas frekvence: [&hellip;]<\/p>\n","protected":false},"featured_media":0,"template":"","meta":[],"product_brand":[],"product_cat":[4640,4785],"product_tag":[],"class_list":{"0":"post-80379","1":"product","2":"type-product","3":"status-publish","5":"product_cat-recreation","6":"product_cat-generators-for-tourism-recreation","8":"first","9":"instock","10":"shipping-taxable","11":"purchasable","12":"product-type-simple"},"_links":{"self":[{"href":"https:\/\/sezona.lv\/en\/wp-json\/wp\/v2\/product\/80379","targetHints":{"allow":["GET"]}}],"collection":[{"href":"https:\/\/sezona.lv\/en\/wp-json\/wp\/v2\/product"}],"about":[{"href":"https:\/\/sezona.lv\/en\/wp-json\/wp\/v2\/types\/product"}],"wp:attachment":[{"href":"https:\/\/sezona.lv\/en\/wp-json\/wp\/v2\/media?parent=80379"}],"wp:term":[{"taxonomy":"product_brand","embeddable":true,"href":"https:\/\/sezona.lv\/en\/wp-json\/wp\/v2\/product_brand?post=80379"},{"taxonomy":"product_cat","embeddable":true,"href":"https:\/\/sezona.lv\/en\/wp-json\/wp\/v2\/product_cat?post=80379"},{"taxonomy":"product_tag","embeddable":true,"href":"https:\/\/sezona.lv\/en\/wp-json\/wp\/v2\/product_tag?post=80379"}],"curies":[{"name":"wp","href":"https:\/\/api.w.org\/{rel}","templated":true}]}}