{"id":80391,"date":"2025-07-11T17:25:56","date_gmt":"2025-07-11T14:25:56","guid":{"rendered":"https:\/\/demo8.ecube.lv\/sezona.lv\/products\/fishhead-led-pieres-lukturis-jy1002\/"},"modified":"2025-07-14T15:56:21","modified_gmt":"2025-07-14T12:56:21","slug":"fishhead-led-pieres-lukturis-jy1002","status":"publish","type":"product","link":"https:\/\/sezona.lv\/en\/products\/fishhead-led-pieres-lukturis-jy1002\/","title":{"rendered":"FishHead LED pieres lukturis (JY1002)"},"content":{"rendered":"<p>FishHead LED pieres lukturis (JY1002).<\/p>\n<p>LED gaisma;<\/p>\n<p>3 spilgtuma re\u017e\u012bmi;<\/p>\n<p>Regul\u0113jams gaismas stara att\u0101lums;<\/p>\n<p>Komplekt\u0101cij\u0101 iek\u013cauti: akumulators (18650), USB uzl\u0101des vads;<\/p>\n<p>Svars ar akumulatoriem: 125g<\/p>\n","protected":false},"excerpt":{"rendered":"<p>FishHead LED pieres lukturis (JY1002). LED gaisma; 3 spilgtuma re\u017e\u012bmi; Regul\u0113jams gaismas stara att\u0101lums; Komplekt\u0101cij\u0101 iek\u013cauti: akumulators (18650), USB uzl\u0101des vads; Svars ar akumulatoriem: 125g<\/p>\n","protected":false},"featured_media":75188,"template":"","meta":[],"product_brand":[],"product_cat":[4558,4572],"product_tag":[],"class_list":{"0":"post-80391","1":"product","2":"type-product","3":"status-publish","4":"has-post-thumbnail","6":"product_cat-for-tourism-recreation","7":"product_cat-lights-for-tourism-recreation","9":"first","10":"instock","11":"shipping-taxable","12":"purchasable","13":"product-type-simple"},"_links":{"self":[{"href":"https:\/\/sezona.lv\/en\/wp-json\/wp\/v2\/product\/80391","targetHints":{"allow":["GET"]}}],"collection":[{"href":"https:\/\/sezona.lv\/en\/wp-json\/wp\/v2\/product"}],"about":[{"href":"https:\/\/sezona.lv\/en\/wp-json\/wp\/v2\/types\/product"}],"wp:featuredmedia":[{"embeddable":true,"href":"https:\/\/sezona.lv\/en\/wp-json\/wp\/v2\/media\/75188"}],"wp:attachment":[{"href":"https:\/\/sezona.lv\/en\/wp-json\/wp\/v2\/media?parent=80391"}],"wp:term":[{"taxonomy":"product_brand","embeddable":true,"href":"https:\/\/sezona.lv\/en\/wp-json\/wp\/v2\/product_brand?post=80391"},{"taxonomy":"product_cat","embeddable":true,"href":"https:\/\/sezona.lv\/en\/wp-json\/wp\/v2\/product_cat?post=80391"},{"taxonomy":"product_tag","embeddable":true,"href":"https:\/\/sezona.lv\/en\/wp-json\/wp\/v2\/product_tag?post=80391"}],"curies":[{"name":"wp","href":"https:\/\/api.w.org\/{rel}","templated":true}]}}