{"id":80395,"date":"2025-07-14T15:56:25","date_gmt":"2025-07-14T12:56:25","guid":{"rendered":"https:\/\/demo8.ecube.lv\/sezona.lv\/products\/bcb-udensizturigs-izdzivosanas-komplekts-ck050\/"},"modified":"2025-07-14T15:56:25","modified_gmt":"2025-07-14T12:56:25","slug":"bcb-udensizturigs-izdzivosanas-komplekts-ck050","status":"publish","type":"product","link":"https:\/\/sezona.lv\/en\/products\/bcb-udensizturigs-izdzivosanas-komplekts-ck050\/","title":{"rendered":"BCB \u016adensiztur\u012bgs izdz\u012bvo\u0161anas komplekts CK050"},"content":{"rendered":"<div id=\"Container\">\n<div id=\"Content\" class=\"container\">\n<div id=\"PrimaryContent\">\n<div>\n<div class=\"TabContainer\">\n<div id=\"ProductInformation\" class=\"r-tabs\">\n<div class=\"TabContentsContainer\">\n<div class=\"width\">\n<div id=\"tab-0\" class=\"TabContent r-tabs-panel r-tabs-state-active\"><span>This kit features a lightweight pouch with a water tight seal. It includes both a belt attachment and a drawstring cord to loop over your neck. The front contains a Ground to Air Signalling Guide while the back has a transparent window to be able to find the items you need quickly and efficiently.<\/p>\n<p><span>Contents:<\/span><br \/>&bull; Matches <\/span><\/div>\n<div class=\"TabContent r-tabs-panel r-tabs-state-active\">&bull; Mini folding knife<\/div>\n<div class=\"TabContent r-tabs-panel r-tabs-state-active\">&bull; Button compass<\/div>\n<div class=\"TabContent r-tabs-panel r-tabs-state-active\">&bull; Water purification tablets x 10<\/div>\n<div class=\"TabContent r-tabs-panel r-tabs-state-active\">&bull; Dry bag<\/div>\n<div class=\"TabContent r-tabs-panel r-tabs-state-active\">&bull; Micro torch<\/div>\n<div class=\"TabContent r-tabs-panel r-tabs-state-active\">&bull; Signalling mirror<\/div>\n<div class=\"TabContent r-tabs-panel r-tabs-state-active\">&bull; Duct tape<\/div>\n<div class=\"TabContent r-tabs-panel r-tabs-state-active\">&bull; Accident evaluation form<\/div>\n<div class=\"TabContent r-tabs-panel r-tabs-state-active\">&bull; Razor blades<\/div>\n<div class=\"TabContent r-tabs-panel r-tabs-state-active\">&bull; Nylon cord<\/div>\n<div class=\"TabContent r-tabs-panel r-tabs-state-active\">&bull; Nightlight<\/div>\n<div class=\"TabContent r-tabs-panel r-tabs-state-active\">&bull; Pencil sewing kit<\/div>\n<div class=\"TabContent r-tabs-panel r-tabs-state-active\">&bull; Gold wire (12 ft)<\/div>\n<div class=\"TabContent r-tabs-panel r-tabs-state-active\">&bull; Fishing kit<\/div>\n<div class=\"TabContent r-tabs-panel r-tabs-state-active\">&bull; Wire saw<\/div>\n<div class=\"TabContent r-tabs-panel r-tabs-state-active\">&bull; Distress whistle<\/div>\n<div class=\"TabContent r-tabs-panel r-tabs-state-active\">&bull; Fireball flint &amp; striker<\/div>\n<div class=\"TabContent r-tabs-panel r-tabs-state-active\">&bull; Survival instructions<\/div>\n<div class=\"TabContent r-tabs-panel r-tabs-state-active\">&bull; Safety pins x 6<\/p>\n<p><span>Size:<\/span>&nbsp;120 x 195mm&nbsp;<br \/><span>Weight:<\/span>&nbsp;198g&nbsp;<\/div>\n<div id=\"tab-0\" class=\"TabContent r-tabs-panel r-tabs-state-active\"><span><\/p>\n<p>&nbsp;<\/p>\n<p><\/span><\/div>\n<\/div>\n<\/div>\n<\/div>\n<\/div>\n<\/div>\n<\/div>\n<\/div>\n<\/div>\n<div id=\"Footer\" class=\"navbar\">\n<div class=\"FooterTop\">\n<div class=\"SocialMedia\"><a href=\"https:\/\/www.facebook.com\/BCBinternational\/\" target=\"_blank\"><\/a><\/div>\n<\/div>\n<\/div>\n","protected":false},"excerpt":{"rendered":"<p>This kit features a lightweight pouch with a water tight seal. It includes both a belt attachment and a drawstring cord to loop over your neck. The front contains a Ground to Air Signalling Guide while the back has a transparent window to be able to find the items you need quickly and efficiently. Contents:&bull; [&hellip;]<\/p>\n","protected":false},"featured_media":0,"template":"","meta":[],"product_brand":[],"product_cat":[4558,4640,5057],"product_tag":[],"class_list":{"0":"post-80395","1":"product","2":"type-product","3":"status-publish","5":"product_cat-for-tourism-recreation","6":"product_cat-recreation","7":"product_cat-survival-for-tourism-recreation","9":"first","10":"instock","11":"shipping-taxable","12":"product-type-simple"},"_links":{"self":[{"href":"https:\/\/sezona.lv\/en\/wp-json\/wp\/v2\/product\/80395","targetHints":{"allow":["GET"]}}],"collection":[{"href":"https:\/\/sezona.lv\/en\/wp-json\/wp\/v2\/product"}],"about":[{"href":"https:\/\/sezona.lv\/en\/wp-json\/wp\/v2\/types\/product"}],"wp:attachment":[{"href":"https:\/\/sezona.lv\/en\/wp-json\/wp\/v2\/media?parent=80395"}],"wp:term":[{"taxonomy":"product_brand","embeddable":true,"href":"https:\/\/sezona.lv\/en\/wp-json\/wp\/v2\/product_brand?post=80395"},{"taxonomy":"product_cat","embeddable":true,"href":"https:\/\/sezona.lv\/en\/wp-json\/wp\/v2\/product_cat?post=80395"},{"taxonomy":"product_tag","embeddable":true,"href":"https:\/\/sezona.lv\/en\/wp-json\/wp\/v2\/product_tag?post=80395"}],"curies":[{"name":"wp","href":"https:\/\/api.w.org\/{rel}","templated":true}]}}