{"id":80397,"date":"2025-07-14T15:56:26","date_gmt":"2025-07-14T12:56:26","guid":{"rendered":"https:\/\/demo8.ecube.lv\/sezona.lv\/products\/bcb-sliktu-laikapstaklu-izdzivosanas-maiss-cl182\/"},"modified":"2025-07-14T15:56:26","modified_gmt":"2025-07-14T12:56:26","slug":"bcb-sliktu-laikapstaklu-izdzivosanas-maiss-cl182","status":"publish","type":"product","link":"https:\/\/sezona.lv\/en\/products\/bcb-sliktu-laikapstaklu-izdzivosanas-maiss-cl182\/","title":{"rendered":"BCB Sliktu laikapst\u0101k\u013cu izdz\u012bvo\u0161anas maiss CL182"},"content":{"rendered":"<div id=\"Container\">\n<div id=\"Content\" class=\"container\">\n<div id=\"PrimaryContent\">\n<div>\n<div class=\"TabContainer\">\n<div id=\"ProductInformation\" class=\"r-tabs\">\n<div class=\"TabContentsContainer\">\n<div class=\"width\">\n<div id=\"tab-0\" class=\"TabContent r-tabs-panel r-tabs-state-active\">\n<div id=\"tab-0\" class=\"TabContent r-tabs-panel r-tabs-state-active\">Reusable;<\/div>\n<div id=\"tab-0\" class=\"TabContent r-tabs-panel r-tabs-state-active\">Lightweight;<\/div>\n<div id=\"tab-0\" class=\"TabContent r-tabs-panel r-tabs-state-active\">Tear Resistant;<\/div>\n<div id=\"tab-0\" class=\"TabContent r-tabs-panel r-tabs-state-active\">Reflects Body Heat;<\/div>\n<div id=\"tab-0\" class=\"TabContent r-tabs-panel r-tabs-state-active\">Wind and Waterproof;<\/div>\n<div id=\"tab-0\" class=\"TabContent r-tabs-panel r-tabs-state-active\">Breathable;<\/div>\n<div id=\"tab-0\" class=\"TabContent r-tabs-panel r-tabs-state-active\">Size open: 213 x 92cm;<\/div>\n<div id=\"tab-0\" class=\"TabContent r-tabs-panel r-tabs-state-active\">Size folded: 12 x 11cm;<\/div>\n<div id=\"tab-0\" class=\"TabContent r-tabs-panel r-tabs-state-active\">Material thickness: 26UM;<\/div>\n<div id=\"tab-0\" class=\"TabContent r-tabs-panel r-tabs-state-active\">Material: PE Coated Aluminium on surface.<\/div>\n<\/div>\n<\/div>\n<\/div>\n<\/div>\n<\/div>\n<\/div>\n<\/div>\n<\/div>\n<\/div>\n<div id=\"Footer\" class=\"navbar\">\n<div class=\"FooterTop\">\n<div class=\"SocialMedia\"><a href=\"https:\/\/www.facebook.com\/BCBinternational\/\" target=\"_blank\"><\/a><\/div>\n<\/div>\n<\/div>\n","protected":false},"excerpt":{"rendered":"<p>Reusable; Lightweight; Tear Resistant; Reflects Body Heat; Wind and Waterproof; Breathable; Size open: 213 x 92cm; Size folded: 12 x 11cm; Material thickness: 26UM; Material: PE Coated Aluminium on surface.<\/p>\n","protected":false},"featured_media":0,"template":"","meta":[],"product_brand":[],"product_cat":[4558,4640,5057],"product_tag":[],"class_list":{"0":"post-80397","1":"product","2":"type-product","3":"status-publish","5":"product_cat-for-tourism-recreation","6":"product_cat-recreation","7":"product_cat-survival-for-tourism-recreation","9":"first","10":"instock","11":"shipping-taxable","12":"product-type-simple"},"_links":{"self":[{"href":"https:\/\/sezona.lv\/en\/wp-json\/wp\/v2\/product\/80397","targetHints":{"allow":["GET"]}}],"collection":[{"href":"https:\/\/sezona.lv\/en\/wp-json\/wp\/v2\/product"}],"about":[{"href":"https:\/\/sezona.lv\/en\/wp-json\/wp\/v2\/types\/product"}],"wp:attachment":[{"href":"https:\/\/sezona.lv\/en\/wp-json\/wp\/v2\/media?parent=80397"}],"wp:term":[{"taxonomy":"product_brand","embeddable":true,"href":"https:\/\/sezona.lv\/en\/wp-json\/wp\/v2\/product_brand?post=80397"},{"taxonomy":"product_cat","embeddable":true,"href":"https:\/\/sezona.lv\/en\/wp-json\/wp\/v2\/product_cat?post=80397"},{"taxonomy":"product_tag","embeddable":true,"href":"https:\/\/sezona.lv\/en\/wp-json\/wp\/v2\/product_tag?post=80397"}],"curies":[{"name":"wp","href":"https:\/\/api.w.org\/{rel}","templated":true}]}}