{"id":80403,"date":"2025-07-14T15:56:32","date_gmt":"2025-07-14T12:56:32","guid":{"rendered":"https:\/\/demo8.ecube.lv\/sezona.lv\/products\/firedragon-saliekama-plitina\/"},"modified":"2025-07-14T15:56:32","modified_gmt":"2025-07-14T12:56:32","slug":"firedragon-saliekama-plitina","status":"publish","type":"product","link":"https:\/\/sezona.lv\/en\/products\/firedragon-saliekama-plitina\/","title":{"rendered":"FireDragon saliekam\u0101 pl\u012bti\u0146a"},"content":{"rendered":"<p>The FireDragon Folding Cooker is a compact and lightweight folding cooker made from aluminium.&nbsp;<\/p>\n<p>&nbsp;<\/p>\n<p>It can store 3 FireDragon solid blocks inside the folded closed stove. This compact folding cooker is ideal for carrying and storing.<\/p>\n<p>&nbsp;<\/p>\n<p>Features:<\/p>\n<p>\u25a0 Compact and lightweight<\/p>\n<p>\u25a0 Durable<\/p>\n<p>\u25a0 Waterproof<\/p>\n<p>\u25a0 Easy to use<\/p>\n<p>\u25a0 Efficient<\/p>\n<p>\u25a0 You can burn many fuels (except petrol) in its central fuel receiver.<\/p>\n<p>\u25a0 Reusable<\/p>\n<p>\u25a0 MOD Issue<\/p>\n<p>&nbsp;<\/p>\n<p>Set contains:<\/p>\n<p>Folding Cooker &#8211; Fuel receiver &#8211; Windshield<\/p>\n<p>&nbsp;<\/p>\n<p>The central fuel receiver helps to improve the burn efficiency so improving your cooking time and reducing the amount of fuel you need<\/p>\n","protected":false},"excerpt":{"rendered":"<p>The FireDragon Folding Cooker is a compact and lightweight folding cooker made from aluminium.&nbsp; &nbsp; It can store 3 FireDragon solid blocks inside the folded closed stove. This compact folding cooker is ideal for carrying and storing. &nbsp; Features: \u25a0 Compact and lightweight \u25a0 Durable \u25a0 Waterproof \u25a0 Easy to use \u25a0 Efficient \u25a0 You [&hellip;]<\/p>\n","protected":false},"featured_media":0,"template":"","meta":[],"product_brand":[],"product_cat":[4558,4640,4720,4728],"product_tag":[],"class_list":{"0":"post-80403","1":"product","2":"type-product","3":"status-publish","5":"product_cat-for-tourism-recreation","6":"product_cat-recreation","7":"product_cat-gas-stoves-burners-lanterns-heaters-for-tourism-recreation","8":"product_cat-dry-spirits-stoves-gas-stoves-burners-lanterns-heaters-for-tourism-recreation","10":"first","11":"instock","12":"shipping-taxable","13":"product-type-simple"},"_links":{"self":[{"href":"https:\/\/sezona.lv\/en\/wp-json\/wp\/v2\/product\/80403","targetHints":{"allow":["GET"]}}],"collection":[{"href":"https:\/\/sezona.lv\/en\/wp-json\/wp\/v2\/product"}],"about":[{"href":"https:\/\/sezona.lv\/en\/wp-json\/wp\/v2\/types\/product"}],"wp:attachment":[{"href":"https:\/\/sezona.lv\/en\/wp-json\/wp\/v2\/media?parent=80403"}],"wp:term":[{"taxonomy":"product_brand","embeddable":true,"href":"https:\/\/sezona.lv\/en\/wp-json\/wp\/v2\/product_brand?post=80403"},{"taxonomy":"product_cat","embeddable":true,"href":"https:\/\/sezona.lv\/en\/wp-json\/wp\/v2\/product_cat?post=80403"},{"taxonomy":"product_tag","embeddable":true,"href":"https:\/\/sezona.lv\/en\/wp-json\/wp\/v2\/product_tag?post=80403"}],"curies":[{"name":"wp","href":"https:\/\/api.w.org\/{rel}","templated":true}]}}