{"id":80404,"date":"2025-07-14T15:56:33","date_gmt":"2025-07-14T12:56:33","guid":{"rendered":"https:\/\/demo8.ecube.lv\/sezona.lv\/products\/bcb-militarais-izdzivosanas-komplekts-ck019\/"},"modified":"2025-07-14T15:56:33","modified_gmt":"2025-07-14T12:56:33","slug":"bcb-militarais-izdzivosanas-komplekts-ck019","status":"publish","type":"product","link":"https:\/\/sezona.lv\/en\/products\/bcb-militarais-izdzivosanas-komplekts-ck019\/","title":{"rendered":"BCB Milit\u0101rais izdz\u012bvo\u0161anas komplekts CK019"},"content":{"rendered":"<div id=\"Container\">\n<div id=\"Content\" class=\"container\">\n<div id=\"PrimaryContent\">\n<div>\n<div class=\"TabContainer\">\n<div id=\"ProductInformation\" class=\"r-tabs\">\n<div class=\"TabContentsContainer\">\n<div class=\"width\">\n<div id=\"tab-0\" class=\"TabContent r-tabs-panel r-tabs-state-active\">\n<h2><span style=\"font-weight: normal\"><span style=\"font-size: 10px\">Contents<\/span><span style=\"font-size: 10px\">: <\/span><\/span><\/h2>\n<h2><span style=\"font-weight: normal\"><span style=\"font-size: 10px\">&#8211; water resistant tin <\/span><\/span><\/h2>\n<h2><span style=\"font-weight: normal\"><span style=\"font-size: 10px\">&#8211; vinyl tape <\/span><\/span><\/h2>\n<h2><span style=\"font-weight: normal\"><span style=\"font-size: 10px\">&#8211; 2.6&#8243; knife lockable blade <\/span><\/span><\/h2>\n<h2><span style=\"font-weight: normal\"><span style=\"font-size: 10px\">&#8211; waterproof matches &amp; striker <\/span><\/span><\/h2>\n<h2><span style=\"font-weight: normal\"><span style=\"font-size: 10px\">&#8211; pencil <\/span><\/span><\/h2>\n<h2><span style=\"font-weight: normal\"><span style=\"font-size: 10px\">&#8211; water purification tablets <\/span><\/span><\/h2>\n<h2><span style=\"font-weight: normal\"><span style=\"font-size: 10px\">&#8211; snare wire <\/span><\/span><\/h2>\n<h2><span style=\"font-weight: normal\"><span style=\"font-size: 10px\">&#8211; nightlight candle <\/span><\/span><\/h2>\n<h2><span style=\"font-weight: normal\"><span style=\"font-size: 10px\">&#8211; fireball flint &amp; striker with button compass <\/span><\/span><\/h2>\n<h2><span style=\"font-weight: normal\"><span style=\"font-size: 10px\">&#8211; fishing kit <\/span><\/span><\/h2>\n<h2><span style=\"font-weight: normal\"><span style=\"font-size: 10px\">&#8211; distress whistle <\/span><\/span><\/h2>\n<h2><span style=\"font-weight: normal\"><span style=\"font-size: 10px\">&#8211; sewing kit <\/span><\/span><\/h2>\n<h2><span style=\"font-weight: normal\"><span style=\"font-size: 10px\">&#8211; safety pins <\/span><\/span><\/h2>\n<h2><span style=\"font-weight: normal\"><span style=\"font-size: 10px\">&#8211; basic wire saw <\/span><\/span><\/h2>\n<h2><span style=\"font-weight: normal\"><span style=\"font-size: 10px\">&#8211; signal mirror <\/span><\/span><\/h2>\n<h2><span style=\"font-weight: normal\"><span style=\"font-size: 10px\">&#8211; tin hanging handle <\/span><\/span><\/h2>\n<h2><span style=\"font-weight: normal\"><span style=\"font-size: 10px\">&#8211; led micro torch <\/span><\/span><\/h2>\n<h2><span style=\"font-weight: normal\"><span style=\"font-size: 10px\">&#8211; tinder cotton balls<\/span><\/span><\/h2>\n<h2><span style=\"font-weight: normal\"><span style=\"font-size: 10px\"> &#8211; single edged razors <\/span><\/span><\/h2>\n<h2><span style=\"font-weight: normal\"><span style=\"font-size: 10px\">&#8211; adhesive sterile plasters <\/span><\/span><\/h2>\n<h2><span style=\"font-weight: normal\"><span style=\"font-size: 10px\">&#8211; unlubricated condoms ( water carriers)<\/span><\/span><\/h2>\n<h2><span style=\"font-weight: normal\"><span style=\"font-size: 10px\">&#8211; survival instructions -&rsaquo; accident evaluation form<\/span><\/span><\/h2>\n<p>Size: 11 x 8 x 2.8cm (4.5&rdquo; x 3 x 1&rdquo;)<\/p>\n<p>Weight: 220g (7.7oz)<\/p>\n<\/div>\n<\/div>\n<\/div>\n<\/div>\n<\/div>\n<\/div>\n<\/div>\n<\/div>\n<\/div>\n<div id=\"Footer\" class=\"navbar\">\n<div class=\"FooterTop\">\n<div class=\"SocialMedia\"><a href=\"https:\/\/www.facebook.com\/BCBinternational\/\" target=\"_blank\"><\/a><\/div>\n<\/div>\n<\/div>\n","protected":false},"excerpt":{"rendered":"<p>Contents: &#8211; water resistant tin &#8211; vinyl tape &#8211; 2.6&#8243; knife lockable blade &#8211; waterproof matches &amp; striker &#8211; pencil &#8211; water purification tablets &#8211; snare wire &#8211; nightlight candle &#8211; fireball flint &amp; striker with button compass &#8211; fishing kit &#8211; distress whistle &#8211; sewing kit &#8211; safety pins &#8211; basic wire saw &#8211; [&hellip;]<\/p>\n","protected":false},"featured_media":0,"template":"","meta":[],"product_brand":[],"product_cat":[4558,4640,5057],"product_tag":[],"class_list":{"0":"post-80404","1":"product","2":"type-product","3":"status-publish","5":"product_cat-for-tourism-recreation","6":"product_cat-recreation","7":"product_cat-survival-for-tourism-recreation","9":"first","10":"instock","11":"shipping-taxable","12":"product-type-simple"},"_links":{"self":[{"href":"https:\/\/sezona.lv\/en\/wp-json\/wp\/v2\/product\/80404","targetHints":{"allow":["GET"]}}],"collection":[{"href":"https:\/\/sezona.lv\/en\/wp-json\/wp\/v2\/product"}],"about":[{"href":"https:\/\/sezona.lv\/en\/wp-json\/wp\/v2\/types\/product"}],"wp:attachment":[{"href":"https:\/\/sezona.lv\/en\/wp-json\/wp\/v2\/media?parent=80404"}],"wp:term":[{"taxonomy":"product_brand","embeddable":true,"href":"https:\/\/sezona.lv\/en\/wp-json\/wp\/v2\/product_brand?post=80404"},{"taxonomy":"product_cat","embeddable":true,"href":"https:\/\/sezona.lv\/en\/wp-json\/wp\/v2\/product_cat?post=80404"},{"taxonomy":"product_tag","embeddable":true,"href":"https:\/\/sezona.lv\/en\/wp-json\/wp\/v2\/product_tag?post=80404"}],"curies":[{"name":"wp","href":"https:\/\/api.w.org\/{rel}","templated":true}]}}