{"id":80426,"date":"2025-07-11T17:26:49","date_gmt":"2025-07-11T14:26:49","guid":{"rendered":"https:\/\/demo8.ecube.lv\/sezona.lv\/products\/kimiska-gaisma-4cm-10-gab-14931501\/"},"modified":"2025-07-14T15:56:56","modified_gmt":"2025-07-14T12:56:56","slug":"kimiska-gaisma-4cm-10-gab-14931501","status":"publish","type":"product","link":"https:\/\/sezona.lv\/en\/products\/kimiska-gaisma-4cm-10-gab-14931501\/","title":{"rendered":"\u0136\u012bmisk\u0101 gaisma 4cm (10 gab.) (14931501)"},"content":{"rendered":"<p><p class=\"MsoNormal\"><span>Dimensions: 4,5 x 40mm<\/span><span><br \/> <span>Period of lighting: ca. 8-12 Std.<\/span><br \/> <span>Contents: 10 pieces<\/span><\/p>\n<p> <span>Light sticks are a light source which works without electric energy.<\/span><br \/> <span>The brightness will be activated by snaping the stick (that is why it is also called snap light).<\/span><br \/> <span>The usability of the light stick is almost unlimited. It works even under the water.<\/span><\/span><\/p><\/p>\n","protected":false},"excerpt":{"rendered":"<p>Dimensions: 4,5 x 40mm Period of lighting: ca. 8-12 Std. Contents: 10 pieces Light sticks are a light source which works without electric energy. The brightness will be activated by snaping the stick (that is why it is also called snap light). The usability of the light stick is almost unlimited. It works even under [&hellip;]<\/p>\n","protected":false},"featured_media":106413,"template":"","meta":[],"product_brand":[],"product_cat":[4558,4572,5040],"product_tag":[],"class_list":{"0":"post-80426","1":"product","2":"type-product","3":"status-publish","4":"has-post-thumbnail","6":"product_cat-for-tourism-recreation","7":"product_cat-lights-for-tourism-recreation","8":"product_cat-chemical-lights-lights-for-tourism-recreation","10":"first","11":"instock","12":"shipping-taxable","13":"purchasable","14":"product-type-simple"},"_links":{"self":[{"href":"https:\/\/sezona.lv\/en\/wp-json\/wp\/v2\/product\/80426","targetHints":{"allow":["GET"]}}],"collection":[{"href":"https:\/\/sezona.lv\/en\/wp-json\/wp\/v2\/product"}],"about":[{"href":"https:\/\/sezona.lv\/en\/wp-json\/wp\/v2\/types\/product"}],"wp:featuredmedia":[{"embeddable":true,"href":"https:\/\/sezona.lv\/en\/wp-json\/wp\/v2\/media\/106413"}],"wp:attachment":[{"href":"https:\/\/sezona.lv\/en\/wp-json\/wp\/v2\/media?parent=80426"}],"wp:term":[{"taxonomy":"product_brand","embeddable":true,"href":"https:\/\/sezona.lv\/en\/wp-json\/wp\/v2\/product_brand?post=80426"},{"taxonomy":"product_cat","embeddable":true,"href":"https:\/\/sezona.lv\/en\/wp-json\/wp\/v2\/product_cat?post=80426"},{"taxonomy":"product_tag","embeddable":true,"href":"https:\/\/sezona.lv\/en\/wp-json\/wp\/v2\/product_tag?post=80426"}],"curies":[{"name":"wp","href":"https:\/\/api.w.org\/{rel}","templated":true}]}}