{"id":80430,"date":"2025-07-11T17:26:53","date_gmt":"2025-07-11T14:26:53","guid":{"rendered":"https:\/\/demo8.ecube.lv\/sezona.lv\/products\/mil-tec-saliekama-lapstina-ar-ceholu-15522050\/"},"modified":"2025-07-14T15:57:00","modified_gmt":"2025-07-14T12:57:00","slug":"mil-tec-saliekama-lapstina-ar-ceholu-15522050","status":"publish","type":"product","link":"https:\/\/sezona.lv\/en\/products\/mil-tec-saliekama-lapstina-ar-ceholu-15522050\/","title":{"rendered":"Mil Tec Saliekama l\u0101psti\u0146a ar \u010deholu (15522050)"},"content":{"rendered":"<div id=\"Container\">\n<div id=\"Content\" class=\"container\">\n<div id=\"PrimaryContent\">\n<div>\n<div class=\"TabContainer\">\n<div id=\"ProductInformation\" class=\"r-tabs\">\n<div class=\"TabContentsContainer\">\n<div class=\"width\">\n<div id=\"tab-0\" class=\"TabContent r-tabs-panel r-tabs-state-active\">\n<p class=\"MsoNormal\"><span>Shovel blade: Carbon Steel<\/span><span><br \/> <span>Hilt: Aluminum<\/span><br \/> <span>Cover: plastic<\/span><br \/> <span>Dimensions shovel blade: 21 x 15 cm<\/span><br \/> <span>Thickness shovel blade: 2,5 mm<\/span><br \/> <span>Total length: 59 cm<\/span><br \/> <span>Length folded: 23,5 cm<\/span><br \/> <span>Weight: 1.280 g<\/span><\/p>\n<p> <span>&#8211; shovel blade with saw-tooth;<\/span><br \/> <span>&#8211; including cover;<\/span><br \/> <span>&#8211; 3-fold.<\/span><\/span><\/p>\n<\/div>\n<\/div>\n<\/div>\n<\/div>\n<\/div>\n<\/div>\n<\/div>\n<\/div>\n<\/div>\n<div id=\"Footer\" class=\"navbar\">\n<div class=\"FooterTop\">\n<div class=\"SocialMedia\"><a href=\"https:\/\/www.facebook.com\/BCBinternational\/\" target=\"_blank\"><\/a><\/div>\n<\/div>\n<\/div>\n","protected":false},"excerpt":{"rendered":"<p>Shovel blade: Carbon Steel Hilt: Aluminum Cover: plastic Dimensions shovel blade: 21 x 15 cm Thickness shovel blade: 2,5 mm Total length: 59 cm Length folded: 23,5 cm Weight: 1.280 g &#8211; shovel blade with saw-tooth; &#8211; including cover; &#8211; 3-fold.<\/p>\n","protected":false},"featured_media":106250,"template":"","meta":[],"product_brand":[],"product_cat":[4558,5057],"product_tag":[],"class_list":{"0":"post-80430","1":"product","2":"type-product","3":"status-publish","4":"has-post-thumbnail","6":"product_cat-for-tourism-recreation","7":"product_cat-survival-for-tourism-recreation","9":"first","10":"instock","11":"shipping-taxable","12":"purchasable","13":"product-type-simple"},"_links":{"self":[{"href":"https:\/\/sezona.lv\/en\/wp-json\/wp\/v2\/product\/80430","targetHints":{"allow":["GET"]}}],"collection":[{"href":"https:\/\/sezona.lv\/en\/wp-json\/wp\/v2\/product"}],"about":[{"href":"https:\/\/sezona.lv\/en\/wp-json\/wp\/v2\/types\/product"}],"wp:featuredmedia":[{"embeddable":true,"href":"https:\/\/sezona.lv\/en\/wp-json\/wp\/v2\/media\/106250"}],"wp:attachment":[{"href":"https:\/\/sezona.lv\/en\/wp-json\/wp\/v2\/media?parent=80430"}],"wp:term":[{"taxonomy":"product_brand","embeddable":true,"href":"https:\/\/sezona.lv\/en\/wp-json\/wp\/v2\/product_brand?post=80430"},{"taxonomy":"product_cat","embeddable":true,"href":"https:\/\/sezona.lv\/en\/wp-json\/wp\/v2\/product_cat?post=80430"},{"taxonomy":"product_tag","embeddable":true,"href":"https:\/\/sezona.lv\/en\/wp-json\/wp\/v2\/product_tag?post=80430"}],"curies":[{"name":"wp","href":"https:\/\/api.w.org\/{rel}","templated":true}]}}