{"id":80434,"date":"2025-07-14T15:57:07","date_gmt":"2025-07-14T12:57:07","guid":{"rendered":"https:\/\/demo8.ecube.lv\/sezona.lv\/products\/edamriks-nerusejosais-terauds-bcb-cn222\/"},"modified":"2025-07-14T15:57:07","modified_gmt":"2025-07-14T12:57:07","slug":"edamriks-nerusejosais-terauds-bcb-cn222","status":"publish","type":"product","link":"https:\/\/sezona.lv\/en\/products\/edamriks-nerusejosais-terauds-bcb-cn222\/","title":{"rendered":"\u0112damr\u012bks ner\u016bs\u0113jo\u0161ais t\u0113rauds BCB CN222"},"content":{"rendered":"<p>&nbsp;<\/p>\n<p class=\"MsoNormal\"><span>Folds down to half its size. <\/span><\/p>\n<p class=\"MsoNormal\"><span>Size closed: 10cm (3.9&rdquo;);<\/span><\/p>\n<p class=\"MsoNormal\"><span>Size open: 15.8cm (6.2&rdquo;);<\/span><\/p>\n<p class=\"MsoNormal\">&nbsp;<\/p>\n<p class=\"MsoNormal\"><span>Material: 410 Stainless steel.<\/span><\/p>\n<p>&nbsp;<\/p>\n","protected":false},"excerpt":{"rendered":"<p>&nbsp; Folds down to half its size. Size closed: 10cm (3.9&rdquo;); Size open: 15.8cm (6.2&rdquo;); &nbsp; Material: 410 Stainless steel. &nbsp;<\/p>\n","protected":false},"featured_media":0,"template":"","meta":[],"product_brand":[3442],"product_cat":[4558,4571,4640,4732],"product_tag":[],"class_list":{"0":"post-80434","1":"product","2":"type-product","3":"status-publish","5":"product_brand-bcb","6":"product_cat-for-tourism-recreation","7":"product_cat-dishes-knives-folding-tables-for-tourism-recreation","8":"product_cat-recreation","9":"product_cat-cutlery-dishes-knives-folding-tables-for-tourism-recreation","11":"first","12":"instock","13":"shipping-taxable","14":"product-type-simple"},"_links":{"self":[{"href":"https:\/\/sezona.lv\/en\/wp-json\/wp\/v2\/product\/80434","targetHints":{"allow":["GET"]}}],"collection":[{"href":"https:\/\/sezona.lv\/en\/wp-json\/wp\/v2\/product"}],"about":[{"href":"https:\/\/sezona.lv\/en\/wp-json\/wp\/v2\/types\/product"}],"wp:attachment":[{"href":"https:\/\/sezona.lv\/en\/wp-json\/wp\/v2\/media?parent=80434"}],"wp:term":[{"taxonomy":"product_brand","embeddable":true,"href":"https:\/\/sezona.lv\/en\/wp-json\/wp\/v2\/product_brand?post=80434"},{"taxonomy":"product_cat","embeddable":true,"href":"https:\/\/sezona.lv\/en\/wp-json\/wp\/v2\/product_cat?post=80434"},{"taxonomy":"product_tag","embeddable":true,"href":"https:\/\/sezona.lv\/en\/wp-json\/wp\/v2\/product_tag?post=80434"}],"curies":[{"name":"wp","href":"https:\/\/api.w.org\/{rel}","templated":true}]}}