{"id":80439,"date":"2025-07-14T15:57:12","date_gmt":"2025-07-14T12:57:12","guid":{"rendered":"https:\/\/demo8.ecube.lv\/sezona.lv\/products\/saliekamais-kresls-norfin-vihti\/"},"modified":"2025-07-14T15:57:12","modified_gmt":"2025-07-14T12:57:12","slug":"saliekamais-kresls-norfin-vihti","status":"publish","type":"product","link":"https:\/\/sezona.lv\/en\/products\/saliekamais-kresls-norfin-vihti\/","title":{"rendered":"Saliekamais kr\u0113sls Norfin VIHTI"},"content":{"rendered":"<p><span>Atzveltnes kr\u0113sls &#8211; apa\u013c&scaron;, saliekams ar m\u012bkstu s\u0113dekli un atzveltni. Ide\u0101li piem\u0113rots gan mak&scaron;\u0137er\u0113&scaron;anai, gan atp\u016btai br\u012bv\u0101 dab\u0101. Komplekt\u0101 ietilpst soma \u0113rtai kr\u0113sla transport\u0113&scaron;anai. Maksim\u0101l\u0101 slodze &#8211; 100kg.<\/span><\/p>\n<h4 class=\"table_title\">\u012apa&scaron;\u012bbas un materi\u0101li<\/h4>\n<table class=\"spec\" border=\"0\">\n<tbody>\n<tr>\n<td>Izm\u0113rs (cm)<\/td>\n<td><span>38\/78 x 85 x 69<\/span><\/td>\n<\/tr>\n<tr>\n<td>Izm\u0113rs salikt\u0101 veid\u0101 (cm)<\/td>\n<td><span>20 x 27 x 89<\/span><\/td>\n<\/tr>\n<tr>\n<td>Svars (kg)<\/td>\n<td>5,0<\/td>\n<\/tr>\n<tr>\n<td>Maksim\u0101l\u0101 nestsp\u0113ja (kg)<\/td>\n<td>100<\/td>\n<\/tr>\n<tr>\n<td>Materi\u0101ls<\/td>\n<td><span>Poliesters 600D<\/span><\/td>\n<\/tr>\n<tr>\n<td>Konstrukcija<\/td>\n<td>Steel 16mm<\/td>\n<\/tr>\n<\/tbody>\n<\/table>\n","protected":false},"excerpt":{"rendered":"<p>Atzveltnes kr\u0113sls &#8211; apa\u013c&scaron;, saliekams ar m\u012bkstu s\u0113dekli un atzveltni. Ide\u0101li piem\u0113rots gan mak&scaron;\u0137er\u0113&scaron;anai, gan atp\u016btai br\u012bv\u0101 dab\u0101. Komplekt\u0101 ietilpst soma \u0113rtai kr\u0113sla transport\u0113&scaron;anai. Maksim\u0101l\u0101 slodze &#8211; 100kg. \u012apa&scaron;\u012bbas un materi\u0101li Izm\u0113rs (cm) 38\/78 x 85 x 69 Izm\u0113rs salikt\u0101 veid\u0101 (cm) 20 x 27 x 89 Svars (kg) 5,0 Maksim\u0101l\u0101 nestsp\u0113ja (kg) 100 Materi\u0101ls [&hellip;]<\/p>\n","protected":false},"featured_media":0,"template":"","meta":[],"product_brand":[899],"product_cat":[4558,4640,4679],"product_tag":[],"class_list":{"0":"post-80439","1":"product","2":"type-product","3":"status-publish","5":"product_brand-norfin","6":"product_cat-for-tourism-recreation","7":"product_cat-recreation","8":"product_cat-folding-chairs-camp-beds-for-tourism-recreation","10":"first","11":"instock","12":"shipping-taxable","13":"product-type-simple"},"_links":{"self":[{"href":"https:\/\/sezona.lv\/en\/wp-json\/wp\/v2\/product\/80439","targetHints":{"allow":["GET"]}}],"collection":[{"href":"https:\/\/sezona.lv\/en\/wp-json\/wp\/v2\/product"}],"about":[{"href":"https:\/\/sezona.lv\/en\/wp-json\/wp\/v2\/types\/product"}],"wp:attachment":[{"href":"https:\/\/sezona.lv\/en\/wp-json\/wp\/v2\/media?parent=80439"}],"wp:term":[{"taxonomy":"product_brand","embeddable":true,"href":"https:\/\/sezona.lv\/en\/wp-json\/wp\/v2\/product_brand?post=80439"},{"taxonomy":"product_cat","embeddable":true,"href":"https:\/\/sezona.lv\/en\/wp-json\/wp\/v2\/product_cat?post=80439"},{"taxonomy":"product_tag","embeddable":true,"href":"https:\/\/sezona.lv\/en\/wp-json\/wp\/v2\/product_tag?post=80439"}],"curies":[{"name":"wp","href":"https:\/\/api.w.org\/{rel}","templated":true}]}}