{"id":80440,"date":"2025-07-14T15:57:13","date_gmt":"2025-07-14T12:57:13","guid":{"rendered":"https:\/\/demo8.ecube.lv\/sezona.lv\/products\/saliekamais-kresls-norfin-impola-compact\/"},"modified":"2025-07-14T15:57:13","modified_gmt":"2025-07-14T12:57:13","slug":"saliekamais-kresls-norfin-impola-compact","status":"publish","type":"product","link":"https:\/\/sezona.lv\/en\/products\/saliekamais-kresls-norfin-impola-compact\/","title":{"rendered":"Saliekamais kr\u0113sls Norfin IMPOLA COMPACT"},"content":{"rendered":"<p><span>Saliekams kempinga kr\u0113sls ar alum\u012bnija r\u0101mi. \u013boti viegls un \u012bpa&scaron;i kompakts salikt\u0101 veid\u0101, viegli p\u0101rn\u0113s\u0101jams, praktisks un \u0113rts lieto&scaron;an\u0101. Piem\u0113rots izmanto&scaron;anai karst\u0101s vasaras dien\u0101s, jo kr\u0113sla materi\u0101ls ir ra\u017eots no iztur\u012bga t\u012bklveida auduma. Papildus kabata s\u012bkumu un telefona uzglab\u0101&scaron;anai. Komplekt\u0101 iek\u013cauta soma transport\u0113&scaron;anai.<\/span><\/p>\n<p>\u012apa&scaron;\u012bbas un materi\u0101ls:<\/p>\n<li>Izm\u0113rs &#8211; 66 x 59 x 45\/96cm<\/li>\n<li>Izm\u0113rs salikt\u0101 veid\u0101 &#8211; 46 x 12 x 18cm<\/li>\n<li>Svars &#8211; 1,45kg<\/li>\n<li>Maksim\u0101l\u0101 slodze &#8211; 120kg<\/li>\n<li>Materi\u0101ls &#8211; Poliesters 600D<\/li>\n<li>R\u0101mis &#8211; alum\u012bnijs 22mm<\/li>\n","protected":false},"excerpt":{"rendered":"<p>Saliekams kempinga kr\u0113sls ar alum\u012bnija r\u0101mi. \u013boti viegls un \u012bpa&scaron;i kompakts salikt\u0101 veid\u0101, viegli p\u0101rn\u0113s\u0101jams, praktisks un \u0113rts lieto&scaron;an\u0101. Piem\u0113rots izmanto&scaron;anai karst\u0101s vasaras dien\u0101s, jo kr\u0113sla materi\u0101ls ir ra\u017eots no iztur\u012bga t\u012bklveida auduma. Papildus kabata s\u012bkumu un telefona uzglab\u0101&scaron;anai. Komplekt\u0101 iek\u013cauta soma transport\u0113&scaron;anai. \u012apa&scaron;\u012bbas un materi\u0101ls: Izm\u0113rs &#8211; 66 x 59 x 45\/96cm Izm\u0113rs salikt\u0101 [&hellip;]<\/p>\n","protected":false},"featured_media":0,"template":"","meta":[],"product_brand":[899],"product_cat":[4558,4640,4679],"product_tag":[],"class_list":{"0":"post-80440","1":"product","2":"type-product","3":"status-publish","5":"product_brand-norfin","6":"product_cat-for-tourism-recreation","7":"product_cat-recreation","8":"product_cat-folding-chairs-camp-beds-for-tourism-recreation","10":"first","11":"instock","12":"shipping-taxable","13":"product-type-simple"},"_links":{"self":[{"href":"https:\/\/sezona.lv\/en\/wp-json\/wp\/v2\/product\/80440","targetHints":{"allow":["GET"]}}],"collection":[{"href":"https:\/\/sezona.lv\/en\/wp-json\/wp\/v2\/product"}],"about":[{"href":"https:\/\/sezona.lv\/en\/wp-json\/wp\/v2\/types\/product"}],"wp:attachment":[{"href":"https:\/\/sezona.lv\/en\/wp-json\/wp\/v2\/media?parent=80440"}],"wp:term":[{"taxonomy":"product_brand","embeddable":true,"href":"https:\/\/sezona.lv\/en\/wp-json\/wp\/v2\/product_brand?post=80440"},{"taxonomy":"product_cat","embeddable":true,"href":"https:\/\/sezona.lv\/en\/wp-json\/wp\/v2\/product_cat?post=80440"},{"taxonomy":"product_tag","embeddable":true,"href":"https:\/\/sezona.lv\/en\/wp-json\/wp\/v2\/product_tag?post=80440"}],"curies":[{"name":"wp","href":"https:\/\/api.w.org\/{rel}","templated":true}]}}