{"id":80441,"date":"2025-07-14T15:57:14","date_gmt":"2025-07-14T12:57:14","guid":{"rendered":"https:\/\/demo8.ecube.lv\/sezona.lv\/products\/saliekamais-kresls-norfin-corby\/"},"modified":"2025-07-14T15:57:14","modified_gmt":"2025-07-14T12:57:14","slug":"saliekamais-kresls-norfin-corby","status":"publish","type":"product","link":"https:\/\/sezona.lv\/en\/products\/saliekamais-kresls-norfin-corby\/","title":{"rendered":"Saliekamais kr\u0113sls Norfin CORBY"},"content":{"rendered":"<p><span>Uzticams, funkcion\u0101ls, saliekams kr\u0113sls. Vair\u0101ki atzveltnes regul\u0113&scaron;anas l\u012bme\u0146i, k\u0101jas ar neatkar\u012bgu augstuma regul\u0113&scaron;anu un platiem uzga\u013ciem \u013cauj uzst\u0101d\u012bt kr\u0113slu uz jebkuras nel\u012bdzenas virsmas. \u0112rts polster\u0113ts s\u0113deklis un fl\u012bsa galvas balsts nodro&scaron;ina maksim\u0101lu komfortu. Viegls un \u012bpa&scaron;i iztur\u012bgs alum\u012bnija r\u0101mis. Kr\u0113sls ir viegli salok\u0101ms un p\u0101rn\u0113s\u0101jams. Ide\u0101la izv\u0113le mak&scaron;\u0137erniekiem.<\/span><\/p>\n<p>\u012apa&scaron;\u012bbas un materi\u0101ls:<\/p>\n<li>Izm\u0113rs &#8211; 63 x 55 x 39\/102cm<\/li>\n<li>Izm\u0113rs salikt\u0101 veid\u0101 &#8211; 76 x 18 x 60cm<\/li>\n<li>Svars &#8211; 5,7kg<\/li>\n<li>Maksim\u0101l\u0101 slodze &#8211; 120kg<\/li>\n<li>Materi\u0101ls &#8211; Poliesters 600D + Polar Fleece<\/li>\n<li>R\u0101mis &#8211; Alum\u012bnijs 22mm<\/li>\n","protected":false},"excerpt":{"rendered":"<p>Uzticams, funkcion\u0101ls, saliekams kr\u0113sls. Vair\u0101ki atzveltnes regul\u0113&scaron;anas l\u012bme\u0146i, k\u0101jas ar neatkar\u012bgu augstuma regul\u0113&scaron;anu un platiem uzga\u013ciem \u013cauj uzst\u0101d\u012bt kr\u0113slu uz jebkuras nel\u012bdzenas virsmas. \u0112rts polster\u0113ts s\u0113deklis un fl\u012bsa galvas balsts nodro&scaron;ina maksim\u0101lu komfortu. Viegls un \u012bpa&scaron;i iztur\u012bgs alum\u012bnija r\u0101mis. Kr\u0113sls ir viegli salok\u0101ms un p\u0101rn\u0113s\u0101jams. Ide\u0101la izv\u0113le mak&scaron;\u0137erniekiem. \u012apa&scaron;\u012bbas un materi\u0101ls: Izm\u0113rs &#8211; 63 x [&hellip;]<\/p>\n","protected":false},"featured_media":0,"template":"","meta":[],"product_brand":[899],"product_cat":[4558,4640,4679],"product_tag":[],"class_list":{"0":"post-80441","1":"product","2":"type-product","3":"status-publish","5":"product_brand-norfin","6":"product_cat-for-tourism-recreation","7":"product_cat-recreation","8":"product_cat-folding-chairs-camp-beds-for-tourism-recreation","10":"first","11":"instock","12":"shipping-taxable","13":"product-type-simple"},"_links":{"self":[{"href":"https:\/\/sezona.lv\/en\/wp-json\/wp\/v2\/product\/80441","targetHints":{"allow":["GET"]}}],"collection":[{"href":"https:\/\/sezona.lv\/en\/wp-json\/wp\/v2\/product"}],"about":[{"href":"https:\/\/sezona.lv\/en\/wp-json\/wp\/v2\/types\/product"}],"wp:attachment":[{"href":"https:\/\/sezona.lv\/en\/wp-json\/wp\/v2\/media?parent=80441"}],"wp:term":[{"taxonomy":"product_brand","embeddable":true,"href":"https:\/\/sezona.lv\/en\/wp-json\/wp\/v2\/product_brand?post=80441"},{"taxonomy":"product_cat","embeddable":true,"href":"https:\/\/sezona.lv\/en\/wp-json\/wp\/v2\/product_cat?post=80441"},{"taxonomy":"product_tag","embeddable":true,"href":"https:\/\/sezona.lv\/en\/wp-json\/wp\/v2\/product_tag?post=80441"}],"curies":[{"name":"wp","href":"https:\/\/api.w.org\/{rel}","templated":true}]}}