{"id":80442,"date":"2025-07-14T15:57:14","date_gmt":"2025-07-14T12:57:14","guid":{"rendered":"https:\/\/demo8.ecube.lv\/sezona.lv\/products\/saliekamais-kresls-norfin-tokke\/"},"modified":"2025-07-14T15:57:14","modified_gmt":"2025-07-14T12:57:14","slug":"saliekamais-kresls-norfin-tokke","status":"publish","type":"product","link":"https:\/\/sezona.lv\/en\/products\/saliekamais-kresls-norfin-tokke\/","title":{"rendered":"Saliekamais kr\u0113sls Norfin TOKKE"},"content":{"rendered":"<p><span>Saliekams kempinga kr\u0113sls ar jumti\u0146u. Jumti\u0146u var regul\u0113t un noliekt, ide\u0101li pasarg\u0101jot no saules un nelieliem nokri&scaron;\u0146iem. Ja jumti\u0146&scaron; nav nepiecie&scaron;ams, to var viegli saloc\u012bt atpaka\u013c. Labaj\u0101 roku balst\u0101 ir ieb\u016bv\u0113ta termokabata ar magn\u0113tisku aizdari. Kreisaj\u0101 roku balst\u0101 ir ieb\u016bv\u0113ts t\u012bklveida kr\u016bz\u012b&scaron;u tur\u0113t\u0101js dz\u0113rienu novieto&scaron;anai. Ergonomiskais kr\u0113sla dizains \u013caus jums justies p\u0113c iesp\u0113jas \u0113rt\u0101k. Kr\u0113sls ir \u0101tri un viegli salok\u0101ms un atlok\u0101ms. Saloc\u012bt\u0101 st\u0101vokl\u012b to ir \u0113rti uzglab\u0101t un viegli transport\u0113t. Komplekt\u0101 ietilpst soma \u0113rtai transport\u0113&scaron;anai.<\/span><\/p>\n<p>\u012apa&scaron;\u012bbas un materi\u0101ls:<\/p>\n<li>Izm\u0113rs &#8211; 56 x 49 x 47\/93cm<\/li>\n<li>Izm\u0113rs salikt\u0101 veid\u0101 &#8211; 95 x 21 x 21cm<\/li>\n<li>Svars &#8211; 4,9kg<\/li>\n<li>Maksim\u0101l\u0101 slodze &#8211; 100kg<\/li>\n<li>Materi\u0101ls &#8211; Poliesters 600D<\/li>\n<li>R\u0101mis &#8211; Met\u0101ls 16mm<\/li>\n","protected":false},"excerpt":{"rendered":"<p>Saliekams kempinga kr\u0113sls ar jumti\u0146u. Jumti\u0146u var regul\u0113t un noliekt, ide\u0101li pasarg\u0101jot no saules un nelieliem nokri&scaron;\u0146iem. Ja jumti\u0146&scaron; nav nepiecie&scaron;ams, to var viegli saloc\u012bt atpaka\u013c. Labaj\u0101 roku balst\u0101 ir ieb\u016bv\u0113ta termokabata ar magn\u0113tisku aizdari. Kreisaj\u0101 roku balst\u0101 ir ieb\u016bv\u0113ts t\u012bklveida kr\u016bz\u012b&scaron;u tur\u0113t\u0101js dz\u0113rienu novieto&scaron;anai. Ergonomiskais kr\u0113sla dizains \u013caus jums justies p\u0113c iesp\u0113jas \u0113rt\u0101k. Kr\u0113sls [&hellip;]<\/p>\n","protected":false},"featured_media":0,"template":"","meta":[],"product_brand":[899],"product_cat":[4558,4640,4679],"product_tag":[],"class_list":{"0":"post-80442","1":"product","2":"type-product","3":"status-publish","5":"product_brand-norfin","6":"product_cat-for-tourism-recreation","7":"product_cat-recreation","8":"product_cat-folding-chairs-camp-beds-for-tourism-recreation","10":"first","11":"instock","12":"shipping-taxable","13":"product-type-simple"},"_links":{"self":[{"href":"https:\/\/sezona.lv\/en\/wp-json\/wp\/v2\/product\/80442","targetHints":{"allow":["GET"]}}],"collection":[{"href":"https:\/\/sezona.lv\/en\/wp-json\/wp\/v2\/product"}],"about":[{"href":"https:\/\/sezona.lv\/en\/wp-json\/wp\/v2\/types\/product"}],"wp:attachment":[{"href":"https:\/\/sezona.lv\/en\/wp-json\/wp\/v2\/media?parent=80442"}],"wp:term":[{"taxonomy":"product_brand","embeddable":true,"href":"https:\/\/sezona.lv\/en\/wp-json\/wp\/v2\/product_brand?post=80442"},{"taxonomy":"product_cat","embeddable":true,"href":"https:\/\/sezona.lv\/en\/wp-json\/wp\/v2\/product_cat?post=80442"},{"taxonomy":"product_tag","embeddable":true,"href":"https:\/\/sezona.lv\/en\/wp-json\/wp\/v2\/product_tag?post=80442"}],"curies":[{"name":"wp","href":"https:\/\/api.w.org\/{rel}","templated":true}]}}