{"id":80443,"date":"2025-07-14T15:57:15","date_gmt":"2025-07-14T12:57:15","guid":{"rendered":"https:\/\/demo8.ecube.lv\/sezona.lv\/products\/saliekama-gulta-norfin-halkia\/"},"modified":"2025-07-14T15:57:15","modified_gmt":"2025-07-14T12:57:15","slug":"saliekama-gulta-norfin-halkia","status":"publish","type":"product","link":"https:\/\/sezona.lv\/en\/products\/saliekama-gulta-norfin-halkia\/","title":{"rendered":"Saliekam\u0101 gulta Norfin HALKIA"},"content":{"rendered":"<p><span>Klasiska saliekam\u0101 gulta. Karkass ir izgatavots no augstas iztur\u012bbas t\u0113rauda, turkl\u0101t laba gultas stabilit\u0101te tiek nodro&scaron;in\u0101ta uz \u012bpa&scaron;as tr\u012bsst\u016brveida sp\u0113ka konstrukcijas k\u0101j\u0101m. Gultas auduma p\u0101rvalks ir izgatavots no nodilumiztur\u012bga materi\u0101la ar augstu iztur\u012bbu, labu gaisa caurlaid\u012bbu, kas nodro&scaron;ina komfortu un iztur\u012bbu. Gultu ir viegli saloc\u012bt un atloc\u012bt, to ir \u0113rti uzglab\u0101t. Komplekt\u0101 ietilpst no\u0146emams galvas balsts \u0113rtai atp\u016btai, kuru var regul\u0113t izv\u0113loties sev vis\u0113rt\u0101ko galvas balsta augstumu. Gultas mal\u0101 ir iekarin\u0101ma kabata telefona, bri\u013c\u013cu vai citu s\u012bkumu glab\u0101&scaron;anai.<\/span><\/p>\n<ul>\n<li>Izm\u0113rs &#8211; 35 x 60 x 190cm<\/li>\n<li>Transport\u0113jamais izm\u0113rs &#8211; 75 x 60 x 16cm<\/li>\n<li>Svars &#8211; 6.1kg<\/li>\n<li>Maksim\u0101l\u0101 iztur\u012bba &#8211; 100kg<\/li>\n<li>Materi\u0101ls &#8211; 600D poliesters<\/li>\n<li>Karkass &#8211; t\u0113rauds 16mm<\/li>\n<\/ul>\n","protected":false},"excerpt":{"rendered":"<p>Klasiska saliekam\u0101 gulta. Karkass ir izgatavots no augstas iztur\u012bbas t\u0113rauda, turkl\u0101t laba gultas stabilit\u0101te tiek nodro&scaron;in\u0101ta uz \u012bpa&scaron;as tr\u012bsst\u016brveida sp\u0113ka konstrukcijas k\u0101j\u0101m. Gultas auduma p\u0101rvalks ir izgatavots no nodilumiztur\u012bga materi\u0101la ar augstu iztur\u012bbu, labu gaisa caurlaid\u012bbu, kas nodro&scaron;ina komfortu un iztur\u012bbu. Gultu ir viegli saloc\u012bt un atloc\u012bt, to ir \u0113rti uzglab\u0101t. Komplekt\u0101 ietilpst no\u0146emams galvas [&hellip;]<\/p>\n","protected":false},"featured_media":0,"template":"","meta":[],"product_brand":[899],"product_cat":[4558,4640,4679],"product_tag":[],"class_list":{"0":"post-80443","1":"product","2":"type-product","3":"status-publish","5":"product_brand-norfin","6":"product_cat-for-tourism-recreation","7":"product_cat-recreation","8":"product_cat-folding-chairs-camp-beds-for-tourism-recreation","10":"first","11":"instock","12":"shipping-taxable","13":"product-type-simple"},"_links":{"self":[{"href":"https:\/\/sezona.lv\/en\/wp-json\/wp\/v2\/product\/80443","targetHints":{"allow":["GET"]}}],"collection":[{"href":"https:\/\/sezona.lv\/en\/wp-json\/wp\/v2\/product"}],"about":[{"href":"https:\/\/sezona.lv\/en\/wp-json\/wp\/v2\/types\/product"}],"wp:attachment":[{"href":"https:\/\/sezona.lv\/en\/wp-json\/wp\/v2\/media?parent=80443"}],"wp:term":[{"taxonomy":"product_brand","embeddable":true,"href":"https:\/\/sezona.lv\/en\/wp-json\/wp\/v2\/product_brand?post=80443"},{"taxonomy":"product_cat","embeddable":true,"href":"https:\/\/sezona.lv\/en\/wp-json\/wp\/v2\/product_cat?post=80443"},{"taxonomy":"product_tag","embeddable":true,"href":"https:\/\/sezona.lv\/en\/wp-json\/wp\/v2\/product_tag?post=80443"}],"curies":[{"name":"wp","href":"https:\/\/api.w.org\/{rel}","templated":true}]}}