{"id":80450,"date":"2025-07-11T15:53:17","date_gmt":"2025-07-11T12:53:17","guid":{"rendered":"https:\/\/demo8.ecube.lv\/sezona.lv\/products\/simex-sport-multi-organizer-roma-multifunkcionalais-kempinga-skapis-42185\/"},"modified":"2025-07-14T15:57:22","modified_gmt":"2025-07-14T12:57:22","slug":"simex-sport-multi-organizer-roma-multifunkcionalais-kempinga-skapis-42185","status":"publish","type":"product","link":"https:\/\/sezona.lv\/en\/products\/simex-sport-multi-organizer-roma-multifunkcionalais-kempinga-skapis-42185\/","title":{"rendered":"Simex Sport Multi Organizer Roma multifunkcion\u0101lais kempinga skapis (42185)"},"content":{"rendered":"<p><span>Tavai kempinga nometnei noder\u0113s saliekamie kr\u0113sli un citas m\u0113beles. Ne vienm\u0113r atrad\u012bsies ide\u0101la vieta, kur var \u0113rti iek\u0101rtoties un apmesties. Uzce\u013cot telti, izvieto blakus kr\u0113slus, galdi\u0146u un s\u0101c gatavoties vakara ugunskuram. Kvalitat\u012bvas un iztur\u012bgas m\u0113beles no m\u0113t\u0101la konstrukcij\u0101m tev taj\u0101 pal\u012bdz\u0113s.<\/span><\/p>\n<p><strong>Specifik\u0101cija<\/strong><br \/><span>* Materi\u0101ls: 100% poliesters, 600D.<\/span><br \/><span>* R\u0101mis: alum\u012bnija caurules, nodro&scaron;ina stabilu un iztur\u012bgu konstrukciju.<\/span><br \/><span>* Ar 3 atsevi&scaron;\u0137iem plauktiem un gr\u012bdu.<\/span><br \/><span>* 1 liels plaukts.<\/span><br \/><span>* Ventil\u0101cija skapja aizmugur\u0113.<\/span><br \/><span>* Transport\u0113&scaron;anas maiss iek\u013cauts komplekt\u0101.<\/span><br \/><span>* Izm\u0113rs: 115cm x 53cm x 44cm.<\/span><br \/><span>* Iepakojuma izm\u0113ri: 67cm x 57cm x 38cm.<\/span><\/p>\n<p><strong>Citas \u012bpa&scaron;\u012bbas<\/strong><br \/><span>* Multifunkcion\u0101lais skapis, trauku un p\u0101rtikas uzglab\u0101&scaron;anai.<\/span><br \/><span>* Plastmasas p\u0113das ne\u013cauj skapim iegrimt m\u012bkst\u0101 zem\u0113.<\/span><br \/><span>* \u013boti rentabls ar mazu svaru.<\/span><br \/><strong><br \/>Svars<\/strong><br \/><span>* Svars: 3.8kg.<\/span><\/p>\n","protected":false},"excerpt":{"rendered":"<p>Tavai kempinga nometnei noder\u0113s saliekamie kr\u0113sli un citas m\u0113beles. Ne vienm\u0113r atrad\u012bsies ide\u0101la vieta, kur var \u0113rti iek\u0101rtoties un apmesties. Uzce\u013cot telti, izvieto blakus kr\u0113slus, galdi\u0146u un s\u0101c gatavoties vakara ugunskuram. Kvalitat\u012bvas un iztur\u012bgas m\u0113beles no m\u0113t\u0101la konstrukcij\u0101m tev taj\u0101 pal\u012bdz\u0113s. Specifik\u0101cija* Materi\u0101ls: 100% poliesters, 600D.* R\u0101mis: alum\u012bnija caurules, nodro&scaron;ina stabilu un iztur\u012bgu konstrukciju.* Ar [&hellip;]<\/p>\n","protected":false},"featured_media":62481,"template":"","meta":[],"product_brand":[963],"product_cat":[4558,4663,4771],"product_tag":[],"class_list":{"0":"post-80450","1":"product","2":"type-product","3":"status-publish","4":"has-post-thumbnail","6":"product_brand-high-peak","7":"product_cat-for-tourism-recreation","8":"product_cat-mattresses-and-travel-mats-for-tourism-recreation","9":"product_cat-inflatable-mattresses-mattresses-and-travel-mats-for-tourism-recreation","11":"first","12":"instock","13":"shipping-taxable","14":"purchasable","15":"product-type-simple"},"_links":{"self":[{"href":"https:\/\/sezona.lv\/en\/wp-json\/wp\/v2\/product\/80450","targetHints":{"allow":["GET"]}}],"collection":[{"href":"https:\/\/sezona.lv\/en\/wp-json\/wp\/v2\/product"}],"about":[{"href":"https:\/\/sezona.lv\/en\/wp-json\/wp\/v2\/types\/product"}],"wp:featuredmedia":[{"embeddable":true,"href":"https:\/\/sezona.lv\/en\/wp-json\/wp\/v2\/media\/62481"}],"wp:attachment":[{"href":"https:\/\/sezona.lv\/en\/wp-json\/wp\/v2\/media?parent=80450"}],"wp:term":[{"taxonomy":"product_brand","embeddable":true,"href":"https:\/\/sezona.lv\/en\/wp-json\/wp\/v2\/product_brand?post=80450"},{"taxonomy":"product_cat","embeddable":true,"href":"https:\/\/sezona.lv\/en\/wp-json\/wp\/v2\/product_cat?post=80450"},{"taxonomy":"product_tag","embeddable":true,"href":"https:\/\/sezona.lv\/en\/wp-json\/wp\/v2\/product_tag?post=80450"}],"curies":[{"name":"wp","href":"https:\/\/api.w.org\/{rel}","templated":true}]}}