{"id":80451,"date":"2025-07-11T17:27:19","date_gmt":"2025-07-11T14:27:19","guid":{"rendered":"https:\/\/demo8.ecube.lv\/sezona.lv\/products\/wechsel-lito-m-2-5-paspiepusamais-matracis\/"},"modified":"2025-07-14T15:57:23","modified_gmt":"2025-07-14T12:57:23","slug":"wechsel-lito-m-2-5-paspiepusamais-matracis","status":"publish","type":"product","link":"https:\/\/sezona.lv\/en\/products\/wechsel-lito-m-2-5-paspiepusamais-matracis\/","title":{"rendered":"Wechsel Lito M 2.5 pa\u0161piep\u016b\u0161amais matracis"},"content":{"rendered":"<p>The lightest of its kind!<\/p>\n<p>Round corners, semi rectangular shape<\/p>\n<p>Top fabric: 30 D Rip Stop Polyester<\/p>\n<p>Bottom fabric: 30 D Rip Stop Polyester, anti slip, water proof<\/p>\n<p>PU Foam, 12 kg\/m&sup3;, R-Value 2.1 matches approx. 1&deg;C<\/p>\n<p>Push In valve<\/p>\n<p>Repair Kit included<\/p>\n<p>&nbsp;<\/p>\n<p>Colours<span> <\/span>Green<\/p>\n<p>Top fabric<span> <\/span>30 D Rip Stop Polyester<\/p>\n<p>Bottom fabric<span> <\/span>30 D Rip Stop Polyester<\/p>\n<p>R-Value<span> <\/span>2.1<\/p>\n<p>Size (LxWxH)<span> <\/span>183 x 51 x 2,5 cm<\/p>\n<p>Weight<span> <\/span>0,440 kg<\/p>\n<p>Packing Size<span> <\/span>26 x 12 cm<\/p>\n<ul>\n<\/ul>\n","protected":false},"excerpt":{"rendered":"<p>The lightest of its kind! Round corners, semi rectangular shape Top fabric: 30 D Rip Stop Polyester Bottom fabric: 30 D Rip Stop Polyester, anti slip, water proof PU Foam, 12 kg\/m&sup3;, R-Value 2.1 matches approx. 1&deg;C Push In valve Repair Kit included &nbsp; Colours Green Top fabric 30 D Rip Stop Polyester Bottom fabric [&hellip;]<\/p>\n","protected":false},"featured_media":75305,"template":"","meta":[],"product_brand":[3380],"product_cat":[4558,4663,4772],"product_tag":[],"class_list":{"0":"post-80451","1":"product","2":"type-product","3":"status-publish","4":"has-post-thumbnail","6":"product_brand-wechsel","7":"product_cat-for-tourism-recreation","8":"product_cat-mattresses-and-travel-mats-for-tourism-recreation","9":"product_cat-self-inflating-mattresses-mattresses-and-travel-mats-for-tourism-recreation","11":"first","12":"instock","13":"shipping-taxable","14":"purchasable","15":"product-type-simple"},"_links":{"self":[{"href":"https:\/\/sezona.lv\/en\/wp-json\/wp\/v2\/product\/80451","targetHints":{"allow":["GET"]}}],"collection":[{"href":"https:\/\/sezona.lv\/en\/wp-json\/wp\/v2\/product"}],"about":[{"href":"https:\/\/sezona.lv\/en\/wp-json\/wp\/v2\/types\/product"}],"wp:featuredmedia":[{"embeddable":true,"href":"https:\/\/sezona.lv\/en\/wp-json\/wp\/v2\/media\/75305"}],"wp:attachment":[{"href":"https:\/\/sezona.lv\/en\/wp-json\/wp\/v2\/media?parent=80451"}],"wp:term":[{"taxonomy":"product_brand","embeddable":true,"href":"https:\/\/sezona.lv\/en\/wp-json\/wp\/v2\/product_brand?post=80451"},{"taxonomy":"product_cat","embeddable":true,"href":"https:\/\/sezona.lv\/en\/wp-json\/wp\/v2\/product_cat?post=80451"},{"taxonomy":"product_tag","embeddable":true,"href":"https:\/\/sezona.lv\/en\/wp-json\/wp\/v2\/product_tag?post=80451"}],"curies":[{"name":"wp","href":"https:\/\/api.w.org\/{rel}","templated":true}]}}