{"id":80452,"date":"2025-07-11T17:27:21","date_gmt":"2025-07-11T14:27:21","guid":{"rendered":"https:\/\/demo8.ecube.lv\/sezona.lv\/products\/wechsel-teron-m-3-8-paspiepusamais-matracis\/"},"modified":"2025-07-14T15:57:24","modified_gmt":"2025-07-14T12:57:24","slug":"wechsel-teron-m-3-8-paspiepusamais-matracis","status":"publish","type":"product","link":"https:\/\/sezona.lv\/en\/products\/wechsel-teron-m-3-8-paspiepusamais-matracis\/","title":{"rendered":"Wechsel Teron M 3.8 pa\u0161piep\u016b\u0161amais matracis"},"content":{"rendered":"<p>High insulation on cozy fabric.<\/p>\n<p>Comfort, insulation and durability take centre stage in the Teron series. The reclining surfaces are covered with a soft, velvety material that invites you to relax, while the &ldquo;Core Comfort Concept&rdquo; ensures lightness without compromising warmth.<\/p>\n<p>&nbsp;<\/p>\n<p>Features:<\/p>\n<p>Round corners, rectangular shape<\/p>\n<p>Core Comfort Area, solid foam<\/p>\n<p>Top fabric: 50 D Stretch Polyester<\/p>\n<p>Bottom fabric: 75 D Brushed Polyester<\/p>\n<p>PU Foam, 16 kg\/m&sup3;, R-Value 3.5 matches -8&deg;C<\/p>\n<p>Big Push In valve<\/p>\n<p>Repair Kit included<\/p>\n<p>&nbsp;<\/p>\n<p>Colours<span> <\/span>Oak<\/p>\n<p>R-Value<span> <\/span>3.5<\/p>\n<p>Size (LxWxH)<span> <\/span>183 x 51 x 3,8 cm<\/p>\n<p>Weight<span> <\/span>0,880 kg<\/p>\n<p>Packing Size<span> <\/span>27 x 15 cm<\/p>\n<ul>\n<\/ul>\n","protected":false},"excerpt":{"rendered":"<p>High insulation on cozy fabric. Comfort, insulation and durability take centre stage in the Teron series. The reclining surfaces are covered with a soft, velvety material that invites you to relax, while the &ldquo;Core Comfort Concept&rdquo; ensures lightness without compromising warmth. &nbsp; Features: Round corners, rectangular shape Core Comfort Area, solid foam Top fabric: 50 [&hellip;]<\/p>\n","protected":false},"featured_media":75318,"template":"","meta":[],"product_brand":[3380],"product_cat":[4558,4663,4772],"product_tag":[],"class_list":{"0":"post-80452","1":"product","2":"type-product","3":"status-publish","4":"has-post-thumbnail","6":"product_brand-wechsel","7":"product_cat-for-tourism-recreation","8":"product_cat-mattresses-and-travel-mats-for-tourism-recreation","9":"product_cat-self-inflating-mattresses-mattresses-and-travel-mats-for-tourism-recreation","11":"first","12":"instock","13":"sale","14":"shipping-taxable","15":"purchasable","16":"product-type-simple"},"_links":{"self":[{"href":"https:\/\/sezona.lv\/en\/wp-json\/wp\/v2\/product\/80452","targetHints":{"allow":["GET"]}}],"collection":[{"href":"https:\/\/sezona.lv\/en\/wp-json\/wp\/v2\/product"}],"about":[{"href":"https:\/\/sezona.lv\/en\/wp-json\/wp\/v2\/types\/product"}],"wp:featuredmedia":[{"embeddable":true,"href":"https:\/\/sezona.lv\/en\/wp-json\/wp\/v2\/media\/75318"}],"wp:attachment":[{"href":"https:\/\/sezona.lv\/en\/wp-json\/wp\/v2\/media?parent=80452"}],"wp:term":[{"taxonomy":"product_brand","embeddable":true,"href":"https:\/\/sezona.lv\/en\/wp-json\/wp\/v2\/product_brand?post=80452"},{"taxonomy":"product_cat","embeddable":true,"href":"https:\/\/sezona.lv\/en\/wp-json\/wp\/v2\/product_cat?post=80452"},{"taxonomy":"product_tag","embeddable":true,"href":"https:\/\/sezona.lv\/en\/wp-json\/wp\/v2\/product_tag?post=80452"}],"curies":[{"name":"wp","href":"https:\/\/api.w.org\/{rel}","templated":true}]}}