{"id":80468,"date":"2025-07-11T17:21:11","date_gmt":"2025-07-11T14:21:11","guid":{"rendered":"https:\/\/demo8.ecube.lv\/sezona.lv\/products\/high-peak-nahtdichter-100ml-suvju-hermetiskais-parklajejs-41702\/"},"modified":"2025-07-14T15:57:43","modified_gmt":"2025-07-14T12:57:43","slug":"high-peak-nahtdichter-100ml-suvju-hermetiskais-parklajejs-41702","status":"publish","type":"product","link":"https:\/\/sezona.lv\/en\/products\/high-peak-nahtdichter-100ml-suvju-hermetiskais-parklajejs-41702\/","title":{"rendered":"High Peak Nahtdichter 100ML \u0161uvju herm\u0113tiskais p\u0101rkl\u0101j\u0113js (41702)"},"content":{"rendered":"<p>Speci\u0101lais aizpild\u012bt\u0101js, ilgsto&scaron;ai, mitruma necaurlaid\u012bgai &scaron;uvju p\u0101rkl\u0101&scaron;anai.<\/p>\n<p><strong>Pielieto&scaron;ana<\/strong><br \/>Pielieto&scaron;ana: aizpild\u012bt\u0101ju vienm\u0113r\u012bgi uzkl\u0101t uz saus\u0101m &scaron;uv\u0113m un \u013caut no\u017e\u016bt. (Telts iek&scaron;pus\u0113). Aizpild\u012bt\u0101ja notur\u012bbu un sader\u012bbu ar audumu pirms lieto&scaron;anas p\u0101rbaud\u012bt neitr\u0101l\u0101 viet\u0101 uz auduma.<\/p>\n<p><strong>Specifik\u0101cija<\/strong><br \/>* Aizpild\u012bt\u0101js kuru var izmantot telt\u012bm, mugursom\u0101m, ap\u0123\u0113rbiem.<br \/>* Tilpums: 100ML.<\/p>\n","protected":false},"excerpt":{"rendered":"<p>Speci\u0101lais aizpild\u012bt\u0101js, ilgsto&scaron;ai, mitruma necaurlaid\u012bgai &scaron;uvju p\u0101rkl\u0101&scaron;anai. Pielieto&scaron;anaPielieto&scaron;ana: aizpild\u012bt\u0101ju vienm\u0113r\u012bgi uzkl\u0101t uz saus\u0101m &scaron;uv\u0113m un \u013caut no\u017e\u016bt. (Telts iek&scaron;pus\u0113). Aizpild\u012bt\u0101ja notur\u012bbu un sader\u012bbu ar audumu pirms lieto&scaron;anas p\u0101rbaud\u012bt neitr\u0101l\u0101 viet\u0101 uz auduma. Specifik\u0101cija* Aizpild\u012bt\u0101js kuru var izmantot telt\u012bm, mugursom\u0101m, ap\u0123\u0113rbiem.* Tilpums: 100ML.<\/p>\n","protected":false},"featured_media":74861,"template":"","meta":[],"product_brand":[963],"product_cat":[4558,4663,4772],"product_tag":[],"class_list":{"0":"post-80468","1":"product","2":"type-product","3":"status-publish","4":"has-post-thumbnail","6":"product_brand-high-peak","7":"product_cat-for-tourism-recreation","8":"product_cat-mattresses-and-travel-mats-for-tourism-recreation","9":"product_cat-self-inflating-mattresses-mattresses-and-travel-mats-for-tourism-recreation","11":"first","12":"instock","13":"shipping-taxable","14":"purchasable","15":"product-type-simple"},"_links":{"self":[{"href":"https:\/\/sezona.lv\/en\/wp-json\/wp\/v2\/product\/80468","targetHints":{"allow":["GET"]}}],"collection":[{"href":"https:\/\/sezona.lv\/en\/wp-json\/wp\/v2\/product"}],"about":[{"href":"https:\/\/sezona.lv\/en\/wp-json\/wp\/v2\/types\/product"}],"wp:featuredmedia":[{"embeddable":true,"href":"https:\/\/sezona.lv\/en\/wp-json\/wp\/v2\/media\/74861"}],"wp:attachment":[{"href":"https:\/\/sezona.lv\/en\/wp-json\/wp\/v2\/media?parent=80468"}],"wp:term":[{"taxonomy":"product_brand","embeddable":true,"href":"https:\/\/sezona.lv\/en\/wp-json\/wp\/v2\/product_brand?post=80468"},{"taxonomy":"product_cat","embeddable":true,"href":"https:\/\/sezona.lv\/en\/wp-json\/wp\/v2\/product_cat?post=80468"},{"taxonomy":"product_tag","embeddable":true,"href":"https:\/\/sezona.lv\/en\/wp-json\/wp\/v2\/product_tag?post=80468"}],"curies":[{"name":"wp","href":"https:\/\/api.w.org\/{rel}","templated":true}]}}