{"id":80469,"date":"2025-07-14T15:57:44","date_gmt":"2025-07-14T12:57:44","guid":{"rendered":"https:\/\/demo8.ecube.lv\/sezona.lv\/products\/sufix-pita-aukla-sfx-4x-dzeltena\/"},"modified":"2025-07-14T15:57:44","modified_gmt":"2025-07-14T12:57:44","slug":"sufix-pita-aukla-sfx-4x-dzeltena","status":"publish","type":"product","link":"https:\/\/sezona.lv\/en\/products\/sufix-pita-aukla-sfx-4x-dzeltena\/","title":{"rendered":"SUFIX p\u012bt\u0101 aukla SFX 4X dzeltena"},"content":{"rendered":"<div class=\"desc_block\">Jaun\u0101 4 dz\u012blu Sufix SFX 4X p\u012bt\u0101 aukla ir izgatavota no 100% Jap\u0101nas UHMPE &scaron;\u0137iedras, ar augstu p\u0101rr\u0101vuma iztur\u012bbu un izcilu nodilumiztur\u012bbu. Ide\u0101li piem\u0113rota zvejai sare\u017e\u0123\u012btos apst\u0101k\u013cos un ar lieliem m\u0101nek\u013ciem.<\/div>\n<div class=\"desc_block\">\n<table class=\"MsoTableGrid\" border=\"1\" cellspacing=\"0\" cellpadding=\"0\">\n<tbody>\n<tr>\n<td width=\"113\" valign=\"top\">\n<p class=\"MsoNormal\" align=\"center\"><span lang=\"LV\">Diametrs (mm)<\/span><\/p>\n<\/td>\n<td width=\"104\" valign=\"top\">\n<p class=\"MsoNormal\" align=\"center\"><span lang=\"LV\">Tests (kg)<\/span><\/p>\n<\/td>\n<\/tr>\n<tr>\n<td width=\"113\" valign=\"top\">\n<p class=\"MsoNormal\" align=\"center\"><span lang=\"LV\">0.128<\/span><\/p>\n<\/td>\n<td width=\"104\" valign=\"top\">\n<p class=\"MsoNormal\" align=\"center\"><span lang=\"LV\">5.5<\/span><\/p>\n<\/td>\n<\/tr>\n<tr>\n<td width=\"113\" valign=\"top\">\n<p class=\"MsoNormal\" align=\"center\"><span lang=\"LV\">0.148<\/span><\/p>\n<\/td>\n<td width=\"104\" valign=\"top\">\n<p class=\"MsoNormal\" align=\"center\"><span lang=\"LV\">7.0<\/span><\/p>\n<\/td>\n<\/tr>\n<tr>\n<td width=\"113\" valign=\"top\">\n<p class=\"MsoNormal\" align=\"center\"><span lang=\"LV\">0.165<\/span><\/p>\n<\/td>\n<td width=\"104\" valign=\"top\">\n<p class=\"MsoNormal\" align=\"center\"><span lang=\"LV\">8.6<\/span><\/p>\n<\/td>\n<\/tr>\n<tr>\n<td width=\"113\" valign=\"top\">\n<p class=\"MsoNormal\" align=\"center\"><span lang=\"LV\">0.185<\/span><\/p>\n<\/td>\n<td width=\"104\" valign=\"top\">\n<p class=\"MsoNormal\" align=\"center\"><span lang=\"LV\">10.0<\/span><\/p>\n<\/td>\n<\/tr>\n<tr>\n<td width=\"113\" valign=\"top\">\n<p class=\"MsoNormal\" align=\"center\"><span lang=\"LV\">0.205<\/span><\/p>\n<\/td>\n<td width=\"104\" valign=\"top\">\n<p class=\"MsoNormal\" align=\"center\"><span lang=\"LV\">11.5<\/span><\/p>\n<\/td>\n<\/tr>\n<tr>\n<td width=\"113\" valign=\"top\">\n<p class=\"MsoNormal\" align=\"center\"><span lang=\"LV\">0.235<\/span><\/p>\n<\/td>\n<td width=\"104\" valign=\"top\">\n<p class=\"MsoNormal\" align=\"center\"><span lang=\"LV\">13.6<\/span><\/p>\n<\/td>\n<\/tr>\n<tr>\n<td width=\"113\" valign=\"top\">\n<p class=\"MsoNormal\" align=\"center\"><span lang=\"LV\">0.285<\/span><\/p>\n<\/td>\n<td width=\"104\" valign=\"top\">\n<p class=\"MsoNormal\" align=\"center\"><span lang=\"LV\">18.0<\/span><\/p>\n<\/td>\n<\/tr>\n<\/tbody>\n<\/table>\n<\/div>\n","protected":false},"excerpt":{"rendered":"<p>Jaun\u0101 4 dz\u012blu Sufix SFX 4X p\u012bt\u0101 aukla ir izgatavota no 100% Jap\u0101nas UHMPE &scaron;\u0137iedras, ar augstu p\u0101rr\u0101vuma iztur\u012bbu un izcilu nodilumiztur\u012bbu. Ide\u0101li piem\u0113rota zvejai sare\u017e\u0123\u012btos apst\u0101k\u013cos un ar lieliem m\u0101nek\u013ciem. Diametrs (mm) Tests (kg) 0.128 5.5 0.148 7.0 0.165 8.6 0.185 10.0 0.205 11.5 0.235 13.6 0.285 18.0<\/p>\n","protected":false},"featured_media":0,"template":"","meta":[],"product_brand":[3392],"product_cat":[4538,4552,4554,4640],"product_tag":[],"class_list":{"0":"post-80469","1":"product","2":"type-product","3":"status-publish","5":"product_brand-sufix","6":"product_cat-fishing-equipment-recreation","7":"product_cat-cords-fishing-equipment-recreation","8":"product_cat-braided-fishing-lines-cords-fishing-equipment-recreation","9":"product_cat-recreation","11":"first","12":"instock","13":"shipping-taxable","14":"product-type-simple"},"_links":{"self":[{"href":"https:\/\/sezona.lv\/en\/wp-json\/wp\/v2\/product\/80469","targetHints":{"allow":["GET"]}}],"collection":[{"href":"https:\/\/sezona.lv\/en\/wp-json\/wp\/v2\/product"}],"about":[{"href":"https:\/\/sezona.lv\/en\/wp-json\/wp\/v2\/types\/product"}],"wp:attachment":[{"href":"https:\/\/sezona.lv\/en\/wp-json\/wp\/v2\/media?parent=80469"}],"wp:term":[{"taxonomy":"product_brand","embeddable":true,"href":"https:\/\/sezona.lv\/en\/wp-json\/wp\/v2\/product_brand?post=80469"},{"taxonomy":"product_cat","embeddable":true,"href":"https:\/\/sezona.lv\/en\/wp-json\/wp\/v2\/product_cat?post=80469"},{"taxonomy":"product_tag","embeddable":true,"href":"https:\/\/sezona.lv\/en\/wp-json\/wp\/v2\/product_tag?post=80469"}],"curies":[{"name":"wp","href":"https:\/\/api.w.org\/{rel}","templated":true}]}}