{"id":80471,"date":"2025-07-11T17:27:38","date_gmt":"2025-07-11T14:27:38","guid":{"rendered":"https:\/\/demo8.ecube.lv\/sezona.lv\/products\/coleman-telts-chimney-rock-3-plus\/"},"modified":"2025-07-14T15:57:46","modified_gmt":"2025-07-14T12:57:46","slug":"coleman-telts-chimney-rock-3-plus","status":"publish","type":"product","link":"https:\/\/sezona.lv\/en\/products\/coleman-telts-chimney-rock-3-plus\/","title":{"rendered":"Coleman telts Chimney Rock 3 Plus"},"content":{"rendered":"<p>Chimney Rock 3 Plus BlackOut, kas ir ide\u0101ls sabiedrotais kust\u012bb\u0101, ir apr\u012bkots ar m\u016bsu patent\u0113to BlackOut Bedroom&trade; ar katedr\u0101les smailes stabiem, lai optimiz\u0113tu iek&scaron;\u0113jo galvas augstumu. Tune\u013ca konstrukcija ar smail\u0113m ir \u0101tri nosl\u012bd\u0113ta un nodro&scaron;ina stabilit\u0101ti v\u0113jainos apst\u0101k\u013cos. D\u0101sni proporcion\u0101lais lievenis ir lieliski piem\u0113rots dub\u013cainiem z\u0101bakiem, som\u0101m un kempinga piederumiem, savuk\u0101rt abas durvis palielina s\u0113&scaron;an\u0101s \u0113rt\u012bbas un nodro&scaron;ina \u0113rtu iek\u0101p&scaron;anu un izk\u0101p&scaron;anu no telts.<\/p>\n<p>&nbsp;<\/p>\n<p>BlackOut Bedroom&trade; &#8211; \u012bpa&scaron;i izstr\u0101d\u0101ts telts audums blo\u0137\u0113 dienasgaismu no gu\u013camistabas, saglab\u0101jot to v\u0113s\u0101ku dienas laik\u0101! G\u016bstiet ilg\u0101ku un mier\u012bg\u0101ku miegu<br \/>WeatherTec&trade;&nbsp;&mdash; \u016bdensiztur\u012bgs l\u012bdz 4500&nbsp;mm HH&nbsp;v\u0113rt\u0113jumam, un &scaron;uves ar l\u012bmlenti nodro&scaron;ina, ka j\u016bsu telts paliek jauka un sausa<br \/>Piln\u012bb\u0101 ie&scaron;\u016bta pamatne &#8211; aizsarg\u0101 telts iek&scaron;pusi no kukai\u0146iem un \u016bdens, lai nodro&scaron;in\u0101tu papildu komforta l\u012bmeni<br \/>Ugunsdro&scaron;s &#8211; m\u016bsu materi\u0101ls nodro&scaron;ina, ka audums nekontrol\u0113jami b\u012bstami uzliesmo un pats nodziest, dodot laiku aizb\u0113gt \u0101rk\u0101rtas situ\u0101cij\u0101<br \/>Stikla &scaron;\u0137iedras stabi &#8211; \u012bpa&scaron;i elast\u012bgi un viegli stikla &scaron;\u0137iedras stabi garant\u0113 labu reakciju uz v\u0113ju un v\u0113tr\u0101m<br \/>UVGuard saules aizsardz\u012bba &#8211; sertific\u0113ti laboratorij\u0101 p\u0101rbaud\u012bti audumi ar SPF50 nodro&scaron;ina lielisku aizsardz\u012bbu pret saules ultravioletajiem stariem<\/p>\n<p>&nbsp;<\/p>\n<p>SKU Nr.<br \/><span>2000032117<\/span><br \/>Izm\u0113ri:<br \/>2.0 x 4.4 x 1.5 m<br \/>Telts forma:<br \/>Tunelis<br \/>Telts uzst\u0101d\u012b&scaron;ana:<br \/>Vispirms iek&scaron;\u0113jais<br \/>Zonas (gu\u013camvieta, dz\u012bvojam\u0101, vestibils):<br \/>Gu\u013cgu\u013camvieta,&nbsp;dz\u012bvojam\u0101, vestibils<br \/>Gu\u013camzonu skaits:<br \/>1<br \/>Gu\u013camzonas platums:<br \/>180&nbsp;cm<br \/>Gu\u013camzonas&nbsp;izm\u0113rs:<br \/>4.0 m&sup2;<br \/>Uzglab\u0101&scaron;anas zona:<br \/>J\u0101<br \/>Telts tips:<br \/>R\u0101mis<br \/>Iek&scaron;\u0113jais audums:<br \/>Elpojo&scaron;s poliesters, poliestera PU p\u0101rkl\u0101jums,&nbsp;No-see-um siets<br \/>Ieejas veids:<br \/>Standarta ieeja<br \/>Durvju tips:<br \/>Saliekam\u0101s durvis<br \/>Gu\u013camzonas&nbsp;aptum&scaron;o&scaron;anas tehnolo\u0123ija:<br \/>J\u0101<br \/>R\u0101v\u0113jsl\u0113dz\u0113ja aizb\u0101znis:<br \/>J\u0101<br \/>XXL Gu\u013camzona:<br \/>N\u0113<br \/>Augstums:<br \/>145&nbsp;cm<br \/>Darb\u012bbas veids\/lietojuma veids:<br \/>Ned\u0113\u013cas nogales kempings<br \/>Pola veids:<br \/>Stikla &scaron;\u0137iedra<br \/>&Scaron;uves:<br \/>Ar l\u012bmlenti<br \/>Pamatnes materi\u0101ls:<br \/>PE no\u0146emams (gu\u013camistaba), PE, metin\u0101ts, piln\u012bb\u0101 integr\u0113ts (gu\u013camistaba)<br \/>\u0100r\u0113jais audums:<br \/>Poliesters, PU p\u0101rkl\u0101jums, antipir\u0113ns<br \/>\u016adens&nbsp;izt\u016br\u012bba (mm):<br \/>4000 mm<br \/>Logi:<br \/>2<br \/>UV aizsargs:<br \/>J\u0101<br \/>\u016adensiztur\u012bgs:<br \/>J\u0101<br \/>Antipir\u0113ns (uguns izt\u016br\u012bba):<br \/>J\u0101<br \/>Ietilp\u012bba (personas):<br \/>3&nbsp;Personas<br \/>Iepakojuma lielums:<br \/>58 x 18 x 18 cm<br \/>S\u0113rija:<br \/>Festiv\u0101ls<br \/>Svars (kg):<br \/>6.9 kg<br \/>Iek\u013cauta soma:<br \/>J\u0101<br \/>P\u0101rn\u0113s\u0101&scaron;anas somas materi\u0101ls:<br \/>100% poliesters<\/p>\n","protected":false},"excerpt":{"rendered":"<p>Chimney Rock 3 Plus BlackOut, kas ir ide\u0101ls sabiedrotais kust\u012bb\u0101, ir apr\u012bkots ar m\u016bsu patent\u0113to BlackOut Bedroom&trade; ar katedr\u0101les smailes stabiem, lai optimiz\u0113tu iek&scaron;\u0113jo galvas augstumu. Tune\u013ca konstrukcija ar smail\u0113m ir \u0101tri nosl\u012bd\u0113ta un nodro&scaron;ina stabilit\u0101ti v\u0113jainos apst\u0101k\u013cos. D\u0101sni proporcion\u0101lais lievenis ir lieliski piem\u0113rots dub\u013cainiem z\u0101bakiem, som\u0101m un kempinga piederumiem, savuk\u0101rt abas durvis palielina s\u0113&scaron;an\u0101s [&hellip;]<\/p>\n","protected":false},"featured_media":75351,"template":"","meta":[],"product_brand":[3381],"product_cat":[4558,4568,4952],"product_tag":[],"class_list":{"0":"post-80471","1":"product","2":"type-product","3":"status-publish","4":"has-post-thumbnail","6":"product_brand-coleman","7":"product_cat-for-tourism-recreation","8":"product_cat-tents-for-tourism-recreation","9":"product_cat-coleman-tents-tents-for-tourism-recreation","11":"first","12":"instock","13":"shipping-taxable","14":"purchasable","15":"product-type-simple"},"_links":{"self":[{"href":"https:\/\/sezona.lv\/en\/wp-json\/wp\/v2\/product\/80471","targetHints":{"allow":["GET"]}}],"collection":[{"href":"https:\/\/sezona.lv\/en\/wp-json\/wp\/v2\/product"}],"about":[{"href":"https:\/\/sezona.lv\/en\/wp-json\/wp\/v2\/types\/product"}],"wp:featuredmedia":[{"embeddable":true,"href":"https:\/\/sezona.lv\/en\/wp-json\/wp\/v2\/media\/75351"}],"wp:attachment":[{"href":"https:\/\/sezona.lv\/en\/wp-json\/wp\/v2\/media?parent=80471"}],"wp:term":[{"taxonomy":"product_brand","embeddable":true,"href":"https:\/\/sezona.lv\/en\/wp-json\/wp\/v2\/product_brand?post=80471"},{"taxonomy":"product_cat","embeddable":true,"href":"https:\/\/sezona.lv\/en\/wp-json\/wp\/v2\/product_cat?post=80471"},{"taxonomy":"product_tag","embeddable":true,"href":"https:\/\/sezona.lv\/en\/wp-json\/wp\/v2\/product_tag?post=80471"}],"curies":[{"name":"wp","href":"https:\/\/api.w.org\/{rel}","templated":true}]}}