{"id":80472,"date":"2025-07-11T17:27:42","date_gmt":"2025-07-11T14:27:42","guid":{"rendered":"https:\/\/demo8.ecube.lv\/sezona.lv\/products\/coleman-telts-oak-canyon-4\/"},"modified":"2025-07-14T15:57:47","modified_gmt":"2025-07-14T12:57:47","slug":"coleman-telts-oak-canyon-4","status":"publish","type":"product","link":"https:\/\/sezona.lv\/en\/products\/coleman-telts-oak-canyon-4\/","title":{"rendered":"Coleman telts Oak Canyon 4"},"content":{"rendered":"<div><strong>Oak Canyon 4<\/strong><span><span>&nbsp;<\/span>ir \u0113rts un<span>&nbsp;<\/span><\/span><strong>pla&scaron;s \u0123imenes telts<\/strong><span><span>&nbsp;<\/span>ar inovat\u012bvu hibr\u012bda pole dizains, kas nodro&scaron;ina iztur\u012bbu un uzticam\u012bbu, vienlaikus saglab\u0101jot iepakojuma lielumu un svara zems.&nbsp;<\/span><\/div>\n<div>&nbsp;<\/div>\n<div><span>Ar div\u0101m durv\u012bm un lielu PVC logu ar v\u0101ku Oak Canyon 4 liel\u0101 viesistabas zona ir ide\u0101la vieta atp\u016btai visai \u0123imenei.<span>&nbsp;<\/span>Maksim\u0101lais lievenis nodro&scaron;ina aizsarg\u0101tu vietu dub\u013cainiem z\u0101bakiem un nodro&scaron;ina aizsardz\u012bbu ieejot un izejot.<span>&nbsp;<\/span>Telt\u012b ir ar\u012b m\u016bsu<span>&nbsp;<\/span><\/span><strong>revolucion\u0101r\u0101 BlackOut gu\u013camistaba<\/strong><span><span>&nbsp;<\/span>, kas blo\u0137\u0113 l\u012bdz 99% gaismas ilg\u0101kam miegam un ne\u013cauj jums pamodin\u0101t ar pirmo gaismu.<\/span><\/div>\n<div>&nbsp;<\/div>\n<div><span>Oak Canyon 4 ir viegli izb\u016bv\u0113jama tune\u013ca konstrukcija, kur\u0101<span>&nbsp;<\/span>maksim\u0101lajam iztur\u012bbas un svara l\u012bdzsvaram<span>&nbsp;<\/span>tiek izmantoti gan t\u0113rauda, \u200b\u200bgan<span>&nbsp;<\/span><\/span><strong>stikla &scaron;\u0137iedras stabi<\/strong><span><span>&nbsp;<\/span>.<span>&nbsp;<\/span>Augstas veiktsp\u0113jas skrejlapa ar 4500 mm<span>&nbsp;<\/span><\/span><strong>hidrostatisku galvu<\/strong><span><span>&nbsp;<\/span>pied\u0101v\u0101 lielisku aizsardz\u012bbu pret mitru laika apst\u0101k\u013ciem, un iztur\u012bg\u0101, integr\u0113t\u0101 PE pamatne nodro&scaron;ina sausu un bez k\u013c\u016bd\u0101m salonu.&nbsp;<\/span><\/div>\n<div>&nbsp;<\/div>\n<div><span>Visi audumi ir ugunsdro&scaron;i, un papildu dro&scaron;\u012bbai r\u0101v\u0113jsl\u0113dz\u0113ju aizb\u0101\u017e\u0146i uz telts durv\u012bm nodro&scaron;ina to, ka av\u0101rijas gad\u012bjum\u0101 r\u0101v\u0113jsl\u0113dz\u0113ji vienm\u0113r ir \u0113rti sasniedzami pat b\u0113rniem.<span>&nbsp;<\/span><\/span><strong>Lidlapu<\/strong><span><span>&nbsp;<\/span>apstr\u0101d\u0101 ar\u012b ar Coleman&#8217;s<span>&nbsp;<\/span><strong>UVGuard &trade;, kas<\/strong><span>&nbsp;<\/span>nodro&scaron;ina SPF 50 aizsardz\u012bbu pret saules stariem.<\/span><\/div>\n<div>&nbsp;<\/div>\n<div>\n<table class=\"table table--striped table--cozy\" border=\"0\">\n<tbody>\n<tr>\n<td>Tips<\/td>\n<td class=\"text-right\">Tune\u013ca<\/td>\n<\/tr>\n<tr>\n<td>Svars, kg<\/td>\n<td class=\"text-right\">18.5<\/td>\n<\/tr>\n<tr>\n<td>Materi\u0101ls<\/td>\n<td class=\"text-right\">Poliesters; Polietil\u0113ns (PE)<\/td>\n<\/tr>\n<tr>\n<td>Garums, m<\/td>\n<td class=\"text-right\">4.85<\/td>\n<\/tr>\n<tr>\n<td>Platums, m<\/td>\n<td class=\"text-right\">2.80<\/td>\n<\/tr>\n<tr>\n<td>Vietu skaits<\/td>\n<td class=\"text-right\">4<\/td>\n<\/tr>\n<tr>\n<td>Augstums, m<\/td>\n<td class=\"text-right\">2.0<\/td>\n<\/tr>\n<tr>\n<td>Karkasa materi\u0101ls<\/td>\n<td class=\"text-right\">Stikla &scaron;\u0137iedra<\/td>\n<\/tr>\n<tr>\n<td>\u016adens iztur\u012bba<\/td>\n<td class=\"text-right\">4500 mm<\/td>\n<\/tr>\n<tr>\n<td>Ieejas<\/td>\n<td class=\"text-right\">2<\/td>\n<\/tr>\n<\/tbody>\n<\/table>\n<\/div>\n","protected":false},"excerpt":{"rendered":"<p>Oak Canyon 4&nbsp;ir \u0113rts un&nbsp;pla&scaron;s \u0123imenes telts&nbsp;ar inovat\u012bvu hibr\u012bda pole dizains, kas nodro&scaron;ina iztur\u012bbu un uzticam\u012bbu, vienlaikus saglab\u0101jot iepakojuma lielumu un svara zems.&nbsp; &nbsp; Ar div\u0101m durv\u012bm un lielu PVC logu ar v\u0101ku Oak Canyon 4 liel\u0101 viesistabas zona ir ide\u0101la vieta atp\u016btai visai \u0123imenei.&nbsp;Maksim\u0101lais lievenis nodro&scaron;ina aizsarg\u0101tu vietu dub\u013cainiem z\u0101bakiem un nodro&scaron;ina aizsardz\u012bbu ieejot [&hellip;]<\/p>\n","protected":false},"featured_media":75356,"template":"","meta":[],"product_brand":[3381],"product_cat":[4558,4568,4952],"product_tag":[],"class_list":{"0":"post-80472","1":"product","2":"type-product","3":"status-publish","4":"has-post-thumbnail","6":"product_brand-coleman","7":"product_cat-for-tourism-recreation","8":"product_cat-tents-for-tourism-recreation","9":"product_cat-coleman-tents-tents-for-tourism-recreation","11":"first","12":"instock","13":"shipping-taxable","14":"purchasable","15":"product-type-simple"},"_links":{"self":[{"href":"https:\/\/sezona.lv\/en\/wp-json\/wp\/v2\/product\/80472","targetHints":{"allow":["GET"]}}],"collection":[{"href":"https:\/\/sezona.lv\/en\/wp-json\/wp\/v2\/product"}],"about":[{"href":"https:\/\/sezona.lv\/en\/wp-json\/wp\/v2\/types\/product"}],"wp:featuredmedia":[{"embeddable":true,"href":"https:\/\/sezona.lv\/en\/wp-json\/wp\/v2\/media\/75356"}],"wp:attachment":[{"href":"https:\/\/sezona.lv\/en\/wp-json\/wp\/v2\/media?parent=80472"}],"wp:term":[{"taxonomy":"product_brand","embeddable":true,"href":"https:\/\/sezona.lv\/en\/wp-json\/wp\/v2\/product_brand?post=80472"},{"taxonomy":"product_cat","embeddable":true,"href":"https:\/\/sezona.lv\/en\/wp-json\/wp\/v2\/product_cat?post=80472"},{"taxonomy":"product_tag","embeddable":true,"href":"https:\/\/sezona.lv\/en\/wp-json\/wp\/v2\/product_tag?post=80472"}],"curies":[{"name":"wp","href":"https:\/\/api.w.org\/{rel}","templated":true}]}}