{"id":80473,"date":"2025-07-11T17:27:45","date_gmt":"2025-07-11T14:27:45","guid":{"rendered":"https:\/\/demo8.ecube.lv\/sezona.lv\/products\/coleman-telts-castle-pines-4\/"},"modified":"2025-07-14T15:57:49","modified_gmt":"2025-07-14T12:57:49","slug":"coleman-telts-castle-pines-4","status":"publish","type":"product","link":"https:\/\/sezona.lv\/en\/products\/coleman-telts-castle-pines-4\/","title":{"rendered":"Coleman telts Castle Pines 4"},"content":{"rendered":"<p><strong>Castle Pines&nbsp;<span>&trade;<\/span>&nbsp;4<\/strong>&nbsp;ir pla&scaron;s \u0123imenes tunelis telts, kas apr\u012bkoti ar m\u016bsu patent\u0113to&nbsp;<strong>tum&scaron;ie Gu\u013camistaba&nbsp;<span>&reg;<\/span>&nbsp;tehnolo\u0123iju,<\/strong>&nbsp;lai nodro&scaron;in\u0101tu papildu priv\u0101tumu un \u0113rts \u0101ra gul\u0113&scaron;anai \u0123imen\u0113m.&nbsp;Revolucion\u0101r\u0101s, \u012bpa&scaron;i liel\u0101s BlackOut gu\u013camistabas&nbsp;<strong>blo\u0137\u0113 l\u012bdz pat 99% dienasgaismas<\/strong>&nbsp;ilg\u0101kam miegam, k\u0101 ar\u012b pal\u012bdz uztur\u0113t \u0113rtu iek&scaron;\u0113jo temperat\u016bru, uzturot telts gu\u013camistabas dienas laik\u0101 l\u012bdz 5 gr\u0101diem v\u0113s\u0101kas un laik\u0101 &#8211; l\u012bdz 1 gr\u0101dam silt\u0101kas. nakts.&nbsp;<\/p>\n<div>&nbsp;<\/div>\n<div><strong>Vair\u0101kas ieejas<\/strong>&nbsp;pied\u0101v\u0101 viegl\u0101ku iek\u013c\u016b&scaron;anu un izie&scaron;anu nepat\u012bkamos apst\u0101k\u013cos.&nbsp;Telts&nbsp;<strong>\u0101r\u0113jais audums ir ugunsdro&scaron;s,<\/strong>&nbsp;un papildu dro&scaron;\u012bbai&nbsp;<strong>r\u0101v\u0113jsl\u0113dz\u0113ju aizb\u0101\u017e\u0146i<\/strong>&nbsp;uz telts durv\u012bm nodro&scaron;ina, ka av\u0101rijas gad\u012bjum\u0101 r\u0101v\u0113jsl\u0113dz\u0113ji vienm\u0113r ir \u0113rti sasniedzami pat b\u0113rniem.&nbsp;<\/div>\n<div>&nbsp;<\/div>\n<div>Sp\u0113c\u012bgs lietus nav piem\u0113rots poliestera skrejlapai, kurai ir&nbsp;<strong>iespaid\u012bga hidrostatisk\u0101 galva 6000 mm,<\/strong>&nbsp;k\u0101 ar\u012b piln\u012bb\u0101 uzl\u012bm\u0113tas &scaron;uves. Tas apvienojum\u0101 ar&nbsp;<strong>iztur\u012bgo&nbsp;<\/strong><strong>, integr\u0113to polietil\u0113na pamatni<\/strong>&nbsp;nodro&scaron;ina sausu un bez k\u013c\u016bd\u0101m salonu.&nbsp;<strong>Lidlapu<\/strong>&nbsp;apstr\u0101d\u0101 ar\u012b ar&nbsp;<strong>Coleman&#8217;s UVGuard&nbsp;<\/strong><strong><span>&trade;, kas<\/span><\/strong>&nbsp;nodro&scaron;ina&nbsp;<strong>SPF 50 aizsardz\u012bbu<\/strong>&nbsp;pret saules stariem.&nbsp;<\/div>\n<div>&nbsp;<\/div>\n<div>Papildu funkcijas ietver&nbsp;<strong>piek\u013cuvi bez &scaron;\u0137\u0113r&scaron;\u013ciem,<\/strong>&nbsp;lai nodro&scaron;in\u0101tu vieglu p\u0101rvieto&scaron;anos telt\u012b un no t\u0101s, gan&nbsp;<strong>augstu<\/strong>&nbsp;, gan&nbsp;<strong>zemu ventil\u0101ciju,<\/strong>&nbsp;lai samazin\u0101tu kondens\u0101ta risku, un&nbsp;<strong>r\u0101v\u0113jsl\u0113dz\u0113ju logu \u017eal\u016bzijas, kas<\/strong>&nbsp;nodro&scaron;ina piel\u0101gojamu priv\u0101tumu.<\/div>\n<div>\n<ul>\n<li><strong>Denj\u0113<\/strong>&nbsp;: 68D<\/li>\n<li><strong>Jauda:<\/strong>&nbsp;4<\/li>\n<li><strong>Iestat\u012b&scaron;ana:<\/strong>&nbsp;pi\u0137is vien\u0101<\/li>\n<li><strong>Strukt\u016bra:<\/strong>&nbsp;tunelis<\/li>\n<li><strong>Po\u013ci:<\/strong>&nbsp;Stikla &scaron;\u0137iedra<\/li>\n<li><strong>Pamatsl\u0101nis:<\/strong>&nbsp;PE, metin\u0101ts, piln\u012bb\u0101 integr\u0113ts<\/li>\n<li><strong>\u0100r\u0113jais audums:<\/strong>&nbsp;poliestera PU p\u0101rkl\u0101jums \/ ugunsdro&scaron;s<\/li>\n<li><strong>Iek&scaron;\u0113jais audums:<\/strong>&nbsp;poliestera siets, kas nav redzams<\/li>\n<li><strong>&Scaron;uves:<\/strong>&nbsp;L\u012bm\u0113tas &scaron;uves<\/li>\n<li><strong>P\u0101rn\u0113s\u0101&scaron;anas soma:<\/strong>&nbsp;iek\u013cauta komplekt\u0101<\/li>\n<li><strong>Iepakojuma izm\u0113rs:<\/strong>&nbsp;72 x 32 x 32 cm<\/li>\n<li><strong>Svars:<\/strong>&nbsp;16,8 kg<\/li>\n<li><strong>Hidrostatisk\u0101 galva:<\/strong>&nbsp;6000mm<\/li>\n<li><strong>Kop\u0101:<\/strong>&nbsp;10,5 m&nbsp;<span>2<\/span>&nbsp;(gu\u013c 5,88 m&nbsp;<span>2<\/span>&nbsp;, dz\u012bvojamais 4,62 m&nbsp;<span>2<\/span>&nbsp;)<\/li>\n<\/ul>\n<\/div>\n","protected":false},"excerpt":{"rendered":"<p>Castle Pines&nbsp;&trade;&nbsp;4&nbsp;ir pla&scaron;s \u0123imenes tunelis telts, kas apr\u012bkoti ar m\u016bsu patent\u0113to&nbsp;tum&scaron;ie Gu\u013camistaba&nbsp;&reg;&nbsp;tehnolo\u0123iju,&nbsp;lai nodro&scaron;in\u0101tu papildu priv\u0101tumu un \u0113rts \u0101ra gul\u0113&scaron;anai \u0123imen\u0113m.&nbsp;Revolucion\u0101r\u0101s, \u012bpa&scaron;i liel\u0101s BlackOut gu\u013camistabas&nbsp;blo\u0137\u0113 l\u012bdz pat 99% dienasgaismas&nbsp;ilg\u0101kam miegam, k\u0101 ar\u012b pal\u012bdz uztur\u0113t \u0113rtu iek&scaron;\u0113jo temperat\u016bru, uzturot telts gu\u013camistabas dienas laik\u0101 l\u012bdz 5 gr\u0101diem v\u0113s\u0101kas un laik\u0101 &#8211; l\u012bdz 1 gr\u0101dam silt\u0101kas. nakts.&nbsp; &nbsp; Vair\u0101kas [&hellip;]<\/p>\n","protected":false},"featured_media":75363,"template":"","meta":[],"product_brand":[3381],"product_cat":[4558,4568,4952],"product_tag":[],"class_list":{"0":"post-80473","1":"product","2":"type-product","3":"status-publish","4":"has-post-thumbnail","6":"product_brand-coleman","7":"product_cat-for-tourism-recreation","8":"product_cat-tents-for-tourism-recreation","9":"product_cat-coleman-tents-tents-for-tourism-recreation","11":"first","12":"instock","13":"shipping-taxable","14":"purchasable","15":"product-type-simple"},"_links":{"self":[{"href":"https:\/\/sezona.lv\/en\/wp-json\/wp\/v2\/product\/80473","targetHints":{"allow":["GET"]}}],"collection":[{"href":"https:\/\/sezona.lv\/en\/wp-json\/wp\/v2\/product"}],"about":[{"href":"https:\/\/sezona.lv\/en\/wp-json\/wp\/v2\/types\/product"}],"wp:featuredmedia":[{"embeddable":true,"href":"https:\/\/sezona.lv\/en\/wp-json\/wp\/v2\/media\/75363"}],"wp:attachment":[{"href":"https:\/\/sezona.lv\/en\/wp-json\/wp\/v2\/media?parent=80473"}],"wp:term":[{"taxonomy":"product_brand","embeddable":true,"href":"https:\/\/sezona.lv\/en\/wp-json\/wp\/v2\/product_brand?post=80473"},{"taxonomy":"product_cat","embeddable":true,"href":"https:\/\/sezona.lv\/en\/wp-json\/wp\/v2\/product_cat?post=80473"},{"taxonomy":"product_tag","embeddable":true,"href":"https:\/\/sezona.lv\/en\/wp-json\/wp\/v2\/product_tag?post=80473"}],"curies":[{"name":"wp","href":"https:\/\/api.w.org\/{rel}","templated":true}]}}