{"id":80474,"date":"2025-07-11T17:27:46","date_gmt":"2025-07-11T14:27:46","guid":{"rendered":"https:\/\/demo8.ecube.lv\/sezona.lv\/products\/coleman-telts-meadowood-4-long\/"},"modified":"2025-07-14T15:57:50","modified_gmt":"2025-07-14T12:57:50","slug":"coleman-telts-meadowood-4-long","status":"publish","type":"product","link":"https:\/\/sezona.lv\/en\/products\/coleman-telts-meadowood-4-long\/","title":{"rendered":"Coleman telts Meadowood 4 Long"},"content":{"rendered":"<div><strong>Meadowood&nbsp;<span>&trade;<\/span>&nbsp;4L<\/strong>&nbsp;ir pla&scaron;s \u0123imenes tunelis telts, kas apr\u012bkoti ar m\u016bsu patent\u0113to&nbsp;<strong>tum&scaron;ie Gu\u013camistaba&nbsp;<span>&reg;<\/span>&nbsp;tehnolo\u0123iju,<\/strong>&nbsp;lai nodro&scaron;in\u0101tu papildu priv\u0101tumu un \u0113rts \u0101ra gul\u0113&scaron;anai \u0123imen\u0113m.&nbsp;<\/div>\n<div>&nbsp;<\/div>\n<div>Revolucion\u0101r\u0101s, \u012bpa&scaron;i liel\u0101s BlackOut gu\u013camistabas&nbsp;<strong>blo\u0137\u0113 l\u012bdz pat 99% dienasgaismas<\/strong>&nbsp;ilg\u0101kam miegam, k\u0101 ar\u012b pal\u012bdz uztur\u0113t \u0113rtu iek&scaron;\u0113jo temperat\u016bru, uzturot telts gu\u013camistabas dienas laik\u0101 l\u012bdz 5 gr\u0101diem v\u0113s\u0101kas un laik\u0101 &#8211; l\u012bdz 1 gr\u0101dam silt\u0101kas. nakts.&nbsp;<\/div>\n<div>&nbsp;<\/div>\n<div><strong>Vair\u0101kas ieejas<\/strong>&nbsp;pied\u0101v\u0101 viegl\u0101ku iek\u013c\u016b&scaron;anu un izie&scaron;anu nepat\u012bkamos apst\u0101k\u013cos.&nbsp;<strong>Meadowood&nbsp;<span>&trade;<\/span>&nbsp;4L<\/strong>&nbsp;ir d\u0101sna un gai&scaron;a dz\u012bvojam\u0101 plat\u012bba papildus pla&scaron;a veranda ar lielu telpu \u0113damistaba kop\u0101 vai uzglab\u0101&scaron;anai kempinga apr\u012bkojumu un somas.&nbsp;Telts&nbsp;<strong>\u0101r\u0113jais audums ir ugunsdro&scaron;s,<\/strong>&nbsp;un papildu dro&scaron;\u012bbai&nbsp;<strong>r\u0101v\u0113jsl\u0113dz\u0113ju aizb\u0101\u017e\u0146i<\/strong>&nbsp;uz telts durv\u012bm nodro&scaron;ina, ka av\u0101rijas gad\u012bjum\u0101 r\u0101v\u0113jsl\u0113dz\u0113ji vienm\u0113r ir \u0113rti sasniedzami pat b\u0113rniem.&nbsp;<\/div>\n<div>&nbsp;<\/div>\n<div>Sp\u0113c\u012bgs lietus nav piem\u0113rots poliestera skrejlapai, kuras&nbsp;<strong>hidrostatisk\u0101 galva ir 4000 mm,<\/strong>&nbsp;k\u0101 ar\u012b piln\u012bb\u0101 iel\u012bm\u0113tas &scaron;uves. Tas apvienojum\u0101 ar&nbsp;<strong>iztur\u012bgo, integr\u0113to polietil\u0113na pamatni<\/strong>&nbsp;nodro&scaron;ina sausu un bez k\u013c\u016bd\u0101m salonu.&nbsp;<strong>Lidlapu<\/strong>&nbsp;apstr\u0101d\u0101 ar\u012b ar&nbsp;<strong>Coleman&#8217;s UVGuard&nbsp;<\/strong><strong>&trade;, kas<\/strong>&nbsp;nodro&scaron;ina&nbsp;<strong>SPF 50 aizsardz\u012bbu<\/strong>&nbsp;pret saules stariem.&nbsp;<\/div>\n<div>&nbsp;<\/div>\n<div>Papildu funkcijas ietver&nbsp;<strong>piek\u013cuvi bez &scaron;\u0137\u0113r&scaron;\u013ciem,<\/strong>&nbsp;lai nodro&scaron;in\u0101tu vieglu p\u0101rvieto&scaron;anos telt\u012b un no t\u0101s, gan&nbsp;<strong>augstu<\/strong>&nbsp;, gan&nbsp;<strong>zemu ventil\u0101ciju,<\/strong>&nbsp;lai samazin\u0101tu kondens\u0101ta risku, un&nbsp;<strong>r\u0101v\u0113jsl\u0113dz\u0113ju logu \u017eal\u016bzijas, kas<\/strong>&nbsp;nodro&scaron;ina piel\u0101gojamu priv\u0101tumu.<\/div>\n<div><\/div>\n<div>\n<p><strong>Parametri:<\/strong><span>&nbsp;<\/span><\/p>\n<ul>\n<li><strong>4 gu\u013camvietas.<\/strong><span>&nbsp;<\/span><\/li>\n<li><span>Gu\u013camistaba 1&#215;4 (var sadal\u012bt 2&#215;2).<\/span><span>&nbsp;<\/span><\/li>\n<li><strong>Papla&scaron;in\u0101ts priek&scaron;nams.<\/strong><span>&nbsp;<\/span><\/li>\n<li><span>UV aizsardz\u012bba&trade;.<\/span><span>&nbsp;<\/span><\/li>\n<li><span>\u0100r\u0113j\u0101 telts da\u013ca:&nbsp;<\/span><strong>PU poliesters, liesmu sl\u0101p\u0113jo&scaron;s.<\/strong><span>&nbsp;<\/span><\/li>\n<li><span>Iek&scaron;\u0113jais audums:&nbsp;<\/span><strong>poliestera t\u012bkli\u0146&scaron;.<\/strong><span>&nbsp;<\/span><\/li>\n<li><span>Pamats:&nbsp;<\/span><strong>PE, l\u012bm\u0113ts, piln\u012bb\u0101 integr\u0113ts.<\/strong><span>&nbsp;<\/span><\/li>\n<li><strong>L\u012bm\u0113tas &scaron;uves.<\/strong><span>&nbsp;<\/span><\/li>\n<li><span>\u016adensiztur\u012bba:&nbsp;<\/span><strong>4000 mm.<\/strong><span>&nbsp;<\/span><\/li>\n<li><span>Stikla &scaron;\u0137iedras stabi\u0146i.<\/span><span>&nbsp;<\/span><\/li>\n<li><span>Izm\u0113ri:&nbsp;<\/span><strong>garums &#8211; 625 cm, platums &#8211; 300 cm.<\/strong><span>&nbsp;<\/span><\/li>\n<li><span>Augstums:&nbsp;<\/span><strong>200 cm.<\/strong><span>&nbsp;<\/span><\/li>\n<li><span>Iepakojuma izm\u0113rs:<\/span><strong>&nbsp;74 x 36 x 36 cm.<\/strong><span>&nbsp;<\/span><\/li>\n<li><span>Svars:&nbsp;<\/span><strong>22,5 kg.<\/strong><span>&nbsp;<\/span><\/li>\n<li><span>Kr\u0101sa:&nbsp;<\/span><strong>zila, pel\u0113ka.<\/strong><span>&nbsp;<\/span><\/li>\n<li><span>Coleman&reg; BlackOut&reg; gu\u013camistaba.<\/span><span>&nbsp;<\/span><\/li>\n<li><span>Piek\u013cuve bez &scaron;\u0137\u0113r&scaron;\u013ciem.<\/span><span>&nbsp;<\/span><\/li>\n<li><span>Tune\u013ca telts.<\/span><span>&nbsp;<\/span><\/li>\n<li><span>Uzst\u0101d\u012b&scaron;ana: s\u0101kotn\u0113ji \u0101rpuse.<\/span><span>&nbsp;<\/span><\/li>\n<\/ul>\n<\/div>\n<div>\n<ul>\n<\/ul>\n<\/div>\n","protected":false},"excerpt":{"rendered":"<p>Meadowood&nbsp;&trade;&nbsp;4L&nbsp;ir pla&scaron;s \u0123imenes tunelis telts, kas apr\u012bkoti ar m\u016bsu patent\u0113to&nbsp;tum&scaron;ie Gu\u013camistaba&nbsp;&reg;&nbsp;tehnolo\u0123iju,&nbsp;lai nodro&scaron;in\u0101tu papildu priv\u0101tumu un \u0113rts \u0101ra gul\u0113&scaron;anai \u0123imen\u0113m.&nbsp; &nbsp; Revolucion\u0101r\u0101s, \u012bpa&scaron;i liel\u0101s BlackOut gu\u013camistabas&nbsp;blo\u0137\u0113 l\u012bdz pat 99% dienasgaismas&nbsp;ilg\u0101kam miegam, k\u0101 ar\u012b pal\u012bdz uztur\u0113t \u0113rtu iek&scaron;\u0113jo temperat\u016bru, uzturot telts gu\u013camistabas dienas laik\u0101 l\u012bdz 5 gr\u0101diem v\u0113s\u0101kas un laik\u0101 &#8211; l\u012bdz 1 gr\u0101dam silt\u0101kas. nakts.&nbsp; &nbsp; [&hellip;]<\/p>\n","protected":false},"featured_media":75370,"template":"","meta":[],"product_brand":[3381],"product_cat":[4558,4568,4952],"product_tag":[],"class_list":{"0":"post-80474","1":"product","2":"type-product","3":"status-publish","4":"has-post-thumbnail","6":"product_brand-coleman","7":"product_cat-for-tourism-recreation","8":"product_cat-tents-for-tourism-recreation","9":"product_cat-coleman-tents-tents-for-tourism-recreation","11":"first","12":"instock","13":"shipping-taxable","14":"purchasable","15":"product-type-simple"},"_links":{"self":[{"href":"https:\/\/sezona.lv\/en\/wp-json\/wp\/v2\/product\/80474","targetHints":{"allow":["GET"]}}],"collection":[{"href":"https:\/\/sezona.lv\/en\/wp-json\/wp\/v2\/product"}],"about":[{"href":"https:\/\/sezona.lv\/en\/wp-json\/wp\/v2\/types\/product"}],"wp:featuredmedia":[{"embeddable":true,"href":"https:\/\/sezona.lv\/en\/wp-json\/wp\/v2\/media\/75370"}],"wp:attachment":[{"href":"https:\/\/sezona.lv\/en\/wp-json\/wp\/v2\/media?parent=80474"}],"wp:term":[{"taxonomy":"product_brand","embeddable":true,"href":"https:\/\/sezona.lv\/en\/wp-json\/wp\/v2\/product_brand?post=80474"},{"taxonomy":"product_cat","embeddable":true,"href":"https:\/\/sezona.lv\/en\/wp-json\/wp\/v2\/product_cat?post=80474"},{"taxonomy":"product_tag","embeddable":true,"href":"https:\/\/sezona.lv\/en\/wp-json\/wp\/v2\/product_tag?post=80474"}],"curies":[{"name":"wp","href":"https:\/\/api.w.org\/{rel}","templated":true}]}}