{"id":80475,"date":"2025-07-11T17:27:48","date_gmt":"2025-07-11T14:27:48","guid":{"rendered":"https:\/\/demo8.ecube.lv\/sezona.lv\/products\/coleman-telts-the-blackout-3\/"},"modified":"2025-07-14T15:57:51","modified_gmt":"2025-07-14T12:57:51","slug":"coleman-telts-the-blackout-3","status":"publish","type":"product","link":"https:\/\/sezona.lv\/en\/products\/coleman-telts-the-blackout-3\/","title":{"rendered":"Coleman telts The BlackOut 3"},"content":{"rendered":"<div>\n<div><strong>Coleman telts The BlackOut 3.<\/strong><\/div>\n<div>\n<p><strong>5000 mm \u016bdensiztur\u012bgais p\u0101rkl\u0101js<\/strong>&nbsp;un Coleman&nbsp;<strong>BlackOut Bedroom&nbsp;<span>&reg;<\/span><\/strong>&nbsp;ir &scaron;\u012bs telts b\u016btisk\u0101k\u0101s priek&scaron;roc\u012bbas.<\/p>\n<div><strong>Maluti 3 BlackOut<\/strong>&nbsp;priek&scaron;\u0113j\u0101 lieven\u012b ir&nbsp;augstas veiktsp\u0113jas, viegli materi\u0101li, tostarp alum\u012bnija stabi un poliestera pamatne, un tam&nbsp;ir&nbsp;<strong>divas ieejas,<\/strong>&nbsp;lai nodro&scaron;in\u0101tu papildu aizsardz\u012bbu pret v\u0113ju un lietu, pat ja main\u0101s v\u0113ja virziens.<\/div>\n<div>\n<ul>\n<li><strong>Jauda:<\/strong>&nbsp;3 personas<\/li>\n<li><strong>Iestat\u012b&scaron;ana:<\/strong>&nbsp;vispirms Flysheet<\/li>\n<li><strong>Strukt\u016bra:<\/strong>&nbsp;Viegla semigeod\u0113zisk\u0101 telts<\/li>\n<li><strong>Stabi:<\/strong>&nbsp;3 x alum\u012bnija stabi 8,5 mm<\/li>\n<li><strong>Pamatne:<\/strong>&nbsp;poliesteris, ar 5000 mm PU p\u0101rkl\u0101jumu, ar l\u012bm\u0113t\u0101m &scaron;uv\u0113m, antipir\u0113ns<\/li>\n<li><strong>\u0100r\u0113jais audums:<\/strong>&nbsp;poliestera PU p\u0101rkl\u0101jums, Ripstop, ugunsdro&scaron;s<\/li>\n<li><strong>Iek&scaron;\u0113jais audums:<\/strong>&nbsp;poliestera tafetta iek&scaron;\u0113j\u0101 istaba<\/li>\n<li><strong>&Scaron;uves:<\/strong>&nbsp;L\u012bm\u0113tas &scaron;uves<\/li>\n<li><strong>P\u0101rn\u0113s\u0101&scaron;anas soma:<\/strong>&nbsp;iek\u013cauta komplekt\u0101<\/li>\n<li><strong>Iepakojuma izm\u0113rs:<\/strong>&nbsp;39 x 22 cm<\/li>\n<li><strong>Svars:<\/strong>&nbsp;4 kg<\/li>\n<li><strong>\u016adens kolonna:<\/strong>&nbsp;5000 mm<\/li>\n<li><strong>Kop\u0101:<\/strong>&nbsp;21 m&nbsp;<span>2<\/span>&nbsp;(gu\u013c 3,8 m&nbsp;<span>2<\/span>&nbsp;, dz\u012bvojamais 1,9 m&nbsp;<span>2<\/span>&nbsp;)<\/li>\n<\/ul>\n<\/div>\n<\/div>\n<\/div>\n<div>\n<ul>\n<\/ul>\n<\/div>\n<div>\n<ul>\n<\/ul>\n<\/div>\n","protected":false},"excerpt":{"rendered":"<p>Coleman telts The BlackOut 3. 5000 mm \u016bdensiztur\u012bgais p\u0101rkl\u0101js&nbsp;un Coleman&nbsp;BlackOut Bedroom&nbsp;&reg;&nbsp;ir &scaron;\u012bs telts b\u016btisk\u0101k\u0101s priek&scaron;roc\u012bbas. Maluti 3 BlackOut&nbsp;priek&scaron;\u0113j\u0101 lieven\u012b ir&nbsp;augstas veiktsp\u0113jas, viegli materi\u0101li, tostarp alum\u012bnija stabi un poliestera pamatne, un tam&nbsp;ir&nbsp;divas ieejas,&nbsp;lai nodro&scaron;in\u0101tu papildu aizsardz\u012bbu pret v\u0113ju un lietu, pat ja main\u0101s v\u0113ja virziens. Jauda:&nbsp;3 personas Iestat\u012b&scaron;ana:&nbsp;vispirms Flysheet Strukt\u016bra:&nbsp;Viegla semigeod\u0113zisk\u0101 telts Stabi:&nbsp;3 x alum\u012bnija stabi [&hellip;]<\/p>\n","protected":false},"featured_media":75375,"template":"","meta":[],"product_brand":[3381],"product_cat":[4558,4568,4952],"product_tag":[],"class_list":{"0":"post-80475","1":"product","2":"type-product","3":"status-publish","4":"has-post-thumbnail","6":"product_brand-coleman","7":"product_cat-for-tourism-recreation","8":"product_cat-tents-for-tourism-recreation","9":"product_cat-coleman-tents-tents-for-tourism-recreation","11":"first","12":"instock","13":"shipping-taxable","14":"purchasable","15":"product-type-simple"},"_links":{"self":[{"href":"https:\/\/sezona.lv\/en\/wp-json\/wp\/v2\/product\/80475","targetHints":{"allow":["GET"]}}],"collection":[{"href":"https:\/\/sezona.lv\/en\/wp-json\/wp\/v2\/product"}],"about":[{"href":"https:\/\/sezona.lv\/en\/wp-json\/wp\/v2\/types\/product"}],"wp:featuredmedia":[{"embeddable":true,"href":"https:\/\/sezona.lv\/en\/wp-json\/wp\/v2\/media\/75375"}],"wp:attachment":[{"href":"https:\/\/sezona.lv\/en\/wp-json\/wp\/v2\/media?parent=80475"}],"wp:term":[{"taxonomy":"product_brand","embeddable":true,"href":"https:\/\/sezona.lv\/en\/wp-json\/wp\/v2\/product_brand?post=80475"},{"taxonomy":"product_cat","embeddable":true,"href":"https:\/\/sezona.lv\/en\/wp-json\/wp\/v2\/product_cat?post=80475"},{"taxonomy":"product_tag","embeddable":true,"href":"https:\/\/sezona.lv\/en\/wp-json\/wp\/v2\/product_tag?post=80475"}],"curies":[{"name":"wp","href":"https:\/\/api.w.org\/{rel}","templated":true}]}}