{"id":80476,"date":"2025-07-11T17:27:50","date_gmt":"2025-07-11T14:27:50","guid":{"rendered":"https:\/\/demo8.ecube.lv\/sezona.lv\/products\/coleman-telts-waterfall-5-dlx\/"},"modified":"2025-07-14T15:57:52","modified_gmt":"2025-07-14T12:57:52","slug":"coleman-telts-waterfall-5-dlx","status":"publish","type":"product","link":"https:\/\/sezona.lv\/en\/products\/coleman-telts-waterfall-5-dlx\/","title":{"rendered":"Coleman telts Waterfall 5 DLX"},"content":{"rendered":"<div>\n<div>\n<div>\n<div>\n<div>\n<div><strong>Coleman telts Waterfall 5 DLX.<\/strong><\/div>\n<div><\/div>\n<div>\n<p>Piecviet\u012bga telts ar pla&scaron;u priek&scaron;telpu un gu\u013camistabu! Priek&scaron;telp\u0101 ir pietiekami daudz vietas j\u016bsu mant\u0101m un t\u016brisma invent\u0101ram. Augsti griesti \u013cauj staig\u0101t nesaliekoties! Integr\u0113ta gr\u012bda ar augst\u0101m mal\u0101m aizsarg\u0101 no \u016bdens un kukai\u0146u iek\u013c\u016b&scaron;an\u0101s telt\u012b! PVC logi nodro&scaron;ina liel\u0101ku komfortu un gaismu, priv\u0101tuma nodro&scaron;in\u0101&scaron;anai uz logiem ir aizkari!<\/p>\n<p><span style=\"text-decoration: underline\"><strong>Parametri:<\/strong><\/span><\/p>\n<p><span style=\"text-decoration: underline\"><strong><\/strong><\/span>\u0100r\u0113jais materi\u0101ls: 75D poliesters, parkl\u0101ts ar PU (poliuret\u0101ns) p\u0101rkl\u0101jumu;<\/p>\n<p>P\u0101rl\u012bmet\u0101s &scaron;uves;<\/p>\n<p>Iek&scaron;\u0113jais materi\u0101ls: elpojo&scaron;s poliesters;<\/p>\n<p>Aizsargt\u012bkls pret kukai\u0146iem;<\/p>\n<p>Telts izm\u0113ri: 510 x 280 x 165\/200 cm;<\/p>\n<p>Svars: 13,5 kg;<\/p>\n<p>Iepakojuma izm\u0113ri: 71 x 26 x 26 cm;<\/p>\n<p>Vietu skaits: 5;<\/p>\n<p>Mitrumiztur\u012bba: 3000 mm;<\/p>\n<p>Ieeju skaits: 2<\/p>\n<\/div>\n<\/div>\n<div>\n<div><\/div>\n<\/div>\n<\/div>\n<\/div>\n<div>\n<div>\n<ul>\n<\/ul>\n<\/div>\n<\/div>\n<\/div>\n<div>\n<div>\n<ul>\n<\/ul>\n<\/div>\n<\/div>\n<\/div>\n<div>\n<ul>\n<\/ul>\n<\/div>\n<div>\n<ul>\n<\/ul>\n<\/div>\n","protected":false},"excerpt":{"rendered":"<p>Coleman telts Waterfall 5 DLX. Piecviet\u012bga telts ar pla&scaron;u priek&scaron;telpu un gu\u013camistabu! Priek&scaron;telp\u0101 ir pietiekami daudz vietas j\u016bsu mant\u0101m un t\u016brisma invent\u0101ram. Augsti griesti \u013cauj staig\u0101t nesaliekoties! Integr\u0113ta gr\u012bda ar augst\u0101m mal\u0101m aizsarg\u0101 no \u016bdens un kukai\u0146u iek\u013c\u016b&scaron;an\u0101s telt\u012b! PVC logi nodro&scaron;ina liel\u0101ku komfortu un gaismu, priv\u0101tuma nodro&scaron;in\u0101&scaron;anai uz logiem ir aizkari! Parametri: \u0100r\u0113jais materi\u0101ls: [&hellip;]<\/p>\n","protected":false},"featured_media":75380,"template":"","meta":[],"product_brand":[3381],"product_cat":[4558,4568,4952],"product_tag":[],"class_list":{"0":"post-80476","1":"product","2":"type-product","3":"status-publish","4":"has-post-thumbnail","6":"product_brand-coleman","7":"product_cat-for-tourism-recreation","8":"product_cat-tents-for-tourism-recreation","9":"product_cat-coleman-tents-tents-for-tourism-recreation","11":"first","12":"instock","13":"shipping-taxable","14":"purchasable","15":"product-type-simple"},"_links":{"self":[{"href":"https:\/\/sezona.lv\/en\/wp-json\/wp\/v2\/product\/80476","targetHints":{"allow":["GET"]}}],"collection":[{"href":"https:\/\/sezona.lv\/en\/wp-json\/wp\/v2\/product"}],"about":[{"href":"https:\/\/sezona.lv\/en\/wp-json\/wp\/v2\/types\/product"}],"wp:featuredmedia":[{"embeddable":true,"href":"https:\/\/sezona.lv\/en\/wp-json\/wp\/v2\/media\/75380"}],"wp:attachment":[{"href":"https:\/\/sezona.lv\/en\/wp-json\/wp\/v2\/media?parent=80476"}],"wp:term":[{"taxonomy":"product_brand","embeddable":true,"href":"https:\/\/sezona.lv\/en\/wp-json\/wp\/v2\/product_brand?post=80476"},{"taxonomy":"product_cat","embeddable":true,"href":"https:\/\/sezona.lv\/en\/wp-json\/wp\/v2\/product_cat?post=80476"},{"taxonomy":"product_tag","embeddable":true,"href":"https:\/\/sezona.lv\/en\/wp-json\/wp\/v2\/product_tag?post=80476"}],"curies":[{"name":"wp","href":"https:\/\/api.w.org\/{rel}","templated":true}]}}