{"id":80477,"date":"2025-07-11T17:27:51","date_gmt":"2025-07-11T14:27:51","guid":{"rendered":"https:\/\/demo8.ecube.lv\/sezona.lv\/products\/coleman-telts-cook-4\/"},"modified":"2025-07-14T15:57:53","modified_gmt":"2025-07-14T12:57:53","slug":"coleman-telts-cook-4","status":"publish","type":"product","link":"https:\/\/sezona.lv\/en\/products\/coleman-telts-cook-4\/","title":{"rendered":"Coleman telts COOK 4"},"content":{"rendered":"<div>\n<div>\n<div>\n<div>\n<div>\n<div>\n<div><strong>Coleman telts COOK 4.<\/strong><\/div>\n<div><\/div>\n<div><span>Coleman&nbsp;<\/span><span>Cook 4<\/span><span>&nbsp;ir&nbsp;<\/span><em>\u010detrviet\u012bga telts<\/em><span>&nbsp;, kas pied\u0101v\u0101 optim\u0101lu vietu j\u016bsu kempinga br\u012bvdienu laik\u0101.&nbsp;&Scaron;ai \u0123imenes teltij ir laba ventil\u0101cija un t\u0101 ir gudri izstr\u0101d\u0101ta.&nbsp;<\/span><em>T\u0101d\u0101 veid\u0101 Coleman<\/em><span>&nbsp;telt\u012b ir&nbsp;maksim\u0101la dz\u012bves un gu\u013camvieta, kas veicina komfortu un \u0113rt\u012bbas.&nbsp;Elast\u012bgajam dizainam ir priek&scaron;roc\u012bba, ka gu\u013camzonu var no\u0146emt, palielinot dz\u012bvojamo plat\u012bbu.&nbsp;Tas var b\u016bt noder\u012bgi, piem\u0113ram, ja ir slikti laikapst\u0101k\u013ci.&nbsp;Ie&scaron;\u016bt\u0101 pamatne nodro&scaron;ina&nbsp;<\/span><span>Coleman Cook 4<\/span><span>&nbsp;t\u012bru, sausu un bez k\u013c\u016bd\u0101m vidi .&nbsp;Atstarojo&scaron;\u0101s virves samazina paklup&scaron;anas risku.<\/span><\/div>\n<div><\/div>\n<div>\n<p><span style=\"text-decoration: underline\"><strong>Parametri:<\/strong><\/span><\/p>\n<p><span style=\"text-decoration: underline\"><strong><\/strong><\/span>\u0100r\u0113jais materi\u0101ls: 75D poliesters, parkl\u0101ts ar PU (poliuret\u0101ns) p\u0101rkl\u0101jumu;<\/p>\n<p>P\u0101rl\u012bmet\u0101s &scaron;uves;<\/p>\n<p>Iek&scaron;\u0113jais materi\u0101ls: elpojo&scaron;s poliesters;<\/p>\n<p>Aizsargt\u012bkls pret kukai\u0146iem;<\/p>\n<p>Telts izm\u0113ri: 5,9 m2 + 6,0 m2<\/p>\n<p>Svars: 13,7 kg;<\/p>\n<p>Iepakojuma izm\u0113ri: 59 x 29 x 29 cm;<\/p>\n<p>Vietu skaits: 4;<\/p>\n<p>Mitrumiztur\u012bba: 3000 mm;<\/p>\n<p>Ieeju skaits: 2<\/p>\n<\/div>\n<\/div>\n<div><\/div>\n<\/div>\n<div><\/div>\n<\/div>\n<\/div>\n<div>\n<div>\n<ul>\n<\/ul>\n<\/div>\n<\/div>\n<\/div>\n<div>\n<div>\n<ul>\n<\/ul>\n<\/div>\n<\/div>\n<\/div>\n<div>\n<ul>\n<\/ul>\n<\/div>\n<div>\n<ul>\n<\/ul>\n<\/div>\n","protected":false},"excerpt":{"rendered":"<p>Coleman telts COOK 4. Coleman&nbsp;Cook 4&nbsp;ir&nbsp;\u010detrviet\u012bga telts&nbsp;, kas pied\u0101v\u0101 optim\u0101lu vietu j\u016bsu kempinga br\u012bvdienu laik\u0101.&nbsp;&Scaron;ai \u0123imenes teltij ir laba ventil\u0101cija un t\u0101 ir gudri izstr\u0101d\u0101ta.&nbsp;T\u0101d\u0101 veid\u0101 Coleman&nbsp;telt\u012b ir&nbsp;maksim\u0101la dz\u012bves un gu\u013camvieta, kas veicina komfortu un \u0113rt\u012bbas.&nbsp;Elast\u012bgajam dizainam ir priek&scaron;roc\u012bba, ka gu\u013camzonu var no\u0146emt, palielinot dz\u012bvojamo plat\u012bbu.&nbsp;Tas var b\u016bt noder\u012bgi, piem\u0113ram, ja ir slikti laikapst\u0101k\u013ci.&nbsp;Ie&scaron;\u016bt\u0101 pamatne [&hellip;]<\/p>\n","protected":false},"featured_media":75385,"template":"","meta":[],"product_brand":[3381],"product_cat":[4558,4568,4952],"product_tag":[],"class_list":{"0":"post-80477","1":"product","2":"type-product","3":"status-publish","4":"has-post-thumbnail","6":"product_brand-coleman","7":"product_cat-for-tourism-recreation","8":"product_cat-tents-for-tourism-recreation","9":"product_cat-coleman-tents-tents-for-tourism-recreation","11":"first","12":"instock","13":"shipping-taxable","14":"purchasable","15":"product-type-simple"},"_links":{"self":[{"href":"https:\/\/sezona.lv\/en\/wp-json\/wp\/v2\/product\/80477","targetHints":{"allow":["GET"]}}],"collection":[{"href":"https:\/\/sezona.lv\/en\/wp-json\/wp\/v2\/product"}],"about":[{"href":"https:\/\/sezona.lv\/en\/wp-json\/wp\/v2\/types\/product"}],"wp:featuredmedia":[{"embeddable":true,"href":"https:\/\/sezona.lv\/en\/wp-json\/wp\/v2\/media\/75385"}],"wp:attachment":[{"href":"https:\/\/sezona.lv\/en\/wp-json\/wp\/v2\/media?parent=80477"}],"wp:term":[{"taxonomy":"product_brand","embeddable":true,"href":"https:\/\/sezona.lv\/en\/wp-json\/wp\/v2\/product_brand?post=80477"},{"taxonomy":"product_cat","embeddable":true,"href":"https:\/\/sezona.lv\/en\/wp-json\/wp\/v2\/product_cat?post=80477"},{"taxonomy":"product_tag","embeddable":true,"href":"https:\/\/sezona.lv\/en\/wp-json\/wp\/v2\/product_tag?post=80477"}],"curies":[{"name":"wp","href":"https:\/\/api.w.org\/{rel}","templated":true}]}}