{"id":80478,"date":"2025-07-11T17:27:53","date_gmt":"2025-07-11T14:27:53","guid":{"rendered":"https:\/\/demo8.ecube.lv\/sezona.lv\/products\/coleman-telts-aspen-4\/"},"modified":"2025-07-14T15:57:54","modified_gmt":"2025-07-14T12:57:54","slug":"coleman-telts-aspen-4","status":"publish","type":"product","link":"https:\/\/sezona.lv\/en\/products\/coleman-telts-aspen-4\/","title":{"rendered":"Coleman telts Aspen 4"},"content":{"rendered":"<div>\n<div>\n<div>\n<div>\n<div>\n<div>\n<div>\n<div><strong>Coleman telts Aspen 4.<\/strong><\/div>\n<div>\n<p>Komforts atva\u013cin\u0101jum\u0101 ir b\u016btisks!&nbsp;Pla&scaron;\u0101 dz\u012bvojam\u0101 zona ir gai&scaron;a un nodro&scaron;ina daudz vietas socializ\u0101cijai.&nbsp;Lieliski piem\u0113rots \u0123imenes brokast\u012bm vai k\u0101 papildu bag\u0101\u017eas telpa velosip\u0113diem un kempinga piederumiem.&nbsp;\u012apa&scaron;i lielais vestibils b\u016bs lieliska vieta atp\u016btai, pasarg\u0101jot j\u016bs no skarb\u0101s saules un lietus.&nbsp;Coleman z\u012bmolam dro&scaron;\u012bba \u0123imenes br\u012bvdienu laik\u0101 ir b\u016btiska.&nbsp;Telts \u0101r\u0113jais audums ir nedego&scaron;s un pats nodziest p\u0113c ugunsgr\u0113ka avota no\u0146em&scaron;anas.&nbsp;Sp\u0113c\u012bgs lietus nevar konkur\u0113t ar poliestera loksni ar \u016bdensiztur\u012bbu l\u012bdz 4000 mm.&nbsp;Piln\u012bb\u0101 apl\u012bm\u0113tas un herm\u0113tiskas &scaron;uves apvienojum\u0101 ar iztur\u012bgu, integr\u0113tu polietil\u0113na pamatni dro&scaron;i nobl\u012bv\u0113 lietus un kukai\u0146us.&nbsp;Lai aizsarg\u0101tu pret intens\u012bvu sauli, trops ir p\u0101rkl\u0101ts ar papildu UVGuard&trade; filtru,<\/p>\n<h3>Specifik\u0101cija:<\/h3>\n<ul>\n<li>Cilv\u0113ku skaits: 4<\/li>\n<li>Svars: 15,3 kg<\/li>\n<li>Flysheet materi\u0101ls: poliesters ar PU p\u0101rkl\u0101jumu<\/li>\n<li>Flysheet \u016bdensiztur\u012bba: 4000 mm<\/li>\n<li>Gr\u012bdas materi\u0101ls: polietil\u0113ns<\/li>\n<li>Gu\u013camistabas materi\u0101ls: elpojo&scaron;s poliesters<\/li>\n<li>Iepakojuma izm\u0113ri: &Oslash;30 x 66 cm<\/li>\n<li>Ieejas: 2<\/li>\n<li>Galvas lentes materi\u0101ls: stikla &scaron;\u0137iedra<\/li>\n<li>Apl\u012bm\u0113tas &scaron;uves: j\u0101<\/li>\n<\/ul>\n<\/div>\n<\/div>\n<div><\/div>\n<\/div>\n<\/div>\n<\/div>\n<\/div>\n<div>\n<div>\n<ul>\n<\/ul>\n<\/div>\n<\/div>\n<\/div>\n<div>\n<div>\n<ul>\n<\/ul>\n<\/div>\n<\/div>\n<\/div>\n<div>\n<ul>\n<\/ul>\n<\/div>\n<div>\n<ul>\n<\/ul>\n<\/div>\n","protected":false},"excerpt":{"rendered":"<p>Coleman telts Aspen 4. Komforts atva\u013cin\u0101jum\u0101 ir b\u016btisks!&nbsp;Pla&scaron;\u0101 dz\u012bvojam\u0101 zona ir gai&scaron;a un nodro&scaron;ina daudz vietas socializ\u0101cijai.&nbsp;Lieliski piem\u0113rots \u0123imenes brokast\u012bm vai k\u0101 papildu bag\u0101\u017eas telpa velosip\u0113diem un kempinga piederumiem.&nbsp;\u012apa&scaron;i lielais vestibils b\u016bs lieliska vieta atp\u016btai, pasarg\u0101jot j\u016bs no skarb\u0101s saules un lietus.&nbsp;Coleman z\u012bmolam dro&scaron;\u012bba \u0123imenes br\u012bvdienu laik\u0101 ir b\u016btiska.&nbsp;Telts \u0101r\u0113jais audums ir nedego&scaron;s un pats [&hellip;]<\/p>\n","protected":false},"featured_media":75390,"template":"","meta":[],"product_brand":[3381],"product_cat":[4558,4568,4952],"product_tag":[],"class_list":{"0":"post-80478","1":"product","2":"type-product","3":"status-publish","4":"has-post-thumbnail","6":"product_brand-coleman","7":"product_cat-for-tourism-recreation","8":"product_cat-tents-for-tourism-recreation","9":"product_cat-coleman-tents-tents-for-tourism-recreation","11":"first","12":"instock","13":"shipping-taxable","14":"purchasable","15":"product-type-simple"},"_links":{"self":[{"href":"https:\/\/sezona.lv\/en\/wp-json\/wp\/v2\/product\/80478","targetHints":{"allow":["GET"]}}],"collection":[{"href":"https:\/\/sezona.lv\/en\/wp-json\/wp\/v2\/product"}],"about":[{"href":"https:\/\/sezona.lv\/en\/wp-json\/wp\/v2\/types\/product"}],"wp:featuredmedia":[{"embeddable":true,"href":"https:\/\/sezona.lv\/en\/wp-json\/wp\/v2\/media\/75390"}],"wp:attachment":[{"href":"https:\/\/sezona.lv\/en\/wp-json\/wp\/v2\/media?parent=80478"}],"wp:term":[{"taxonomy":"product_brand","embeddable":true,"href":"https:\/\/sezona.lv\/en\/wp-json\/wp\/v2\/product_brand?post=80478"},{"taxonomy":"product_cat","embeddable":true,"href":"https:\/\/sezona.lv\/en\/wp-json\/wp\/v2\/product_cat?post=80478"},{"taxonomy":"product_tag","embeddable":true,"href":"https:\/\/sezona.lv\/en\/wp-json\/wp\/v2\/product_tag?post=80478"}],"curies":[{"name":"wp","href":"https:\/\/api.w.org\/{rel}","templated":true}]}}