{"id":80480,"date":"2025-07-11T17:27:56","date_gmt":"2025-07-11T14:27:56","guid":{"rendered":"https:\/\/demo8.ecube.lv\/sezona.lv\/products\/coleman-telts-vail-6-long\/"},"modified":"2025-07-14T15:57:56","modified_gmt":"2025-07-14T12:57:56","slug":"coleman-telts-vail-6-long","status":"publish","type":"product","link":"https:\/\/sezona.lv\/en\/products\/coleman-telts-vail-6-long\/","title":{"rendered":"Coleman telts Vail 6 Long"},"content":{"rendered":"<div>\n<div>\n<div>\n<div>\n<div>\n<div>\n<div>\n<div>\n<div>\n<div><strong>Coleman telts Vail 6 Long.<\/strong><\/div>\n<div><\/div>\n<div>\n<p>Vail&reg; 6L ir jauna, pla&scaron;a tune\u013cveida telts visai \u0123imenei ar priek&scaron;\u0113jo un s\u0101nu ieeju.&nbsp;&nbsp;<\/p>\n<p>Pla&scaron;\u0101 dz\u012bvojam\u0101 istaba ir gai&scaron;a un lieliski piem\u0113rota \u0123imenes brokast\u012bm vai k\u0101 papildu vieta velosip\u0113du un kempinga invent\u0101ra glab\u0101&scaron;anai. \u012apa&scaron;i liels priek&scaron;nams b\u016bs lieliska vieta atp\u016btai un pasarg\u0101s j\u016bs no karst\u0101s saules un lietus.&nbsp;<\/p>\n<p>Vail&reg; 6L telts \u0101r\u0113jais audums ir nedego&scaron;s un, saskar\u0113 ar uguni, nodziest pats. Turkl\u0101t r\u0101v\u0113jsl\u0113dz\u0113ji ir apr\u012bkoti ar materi\u0101la fiksatoriem, t\u0101p\u0113c \u0101rk\u0101rtas situ\u0101cij\u0101s tie vienm\u0113r ir viegli pieejami un tos var viegli atv\u0113rt pat b\u0113rni.&nbsp;&nbsp;<\/p>\n<p>Telts ir \u016bdensiztur\u012bga l\u012bdz 4000 mm. Piln\u012bb\u0101 nosl\u0113gtas un fiks\u0113tas &scaron;uves kop\u0101 ar iztur\u012bgu, integr\u0113tu polietil\u0113na gr\u012bdas segumu nodro&scaron;ina dro&scaron;u aizsardz\u012bbu pret lietus un kukai\u0146iem. Teltij ir ar\u012b papildu p\u0101rsegs ar UVGuard&trade; filtru, kas nodro&scaron;ina SPF 50 aizsardz\u012bbu.&nbsp;<\/p>\n<p>Ieliekamais durvju slieksnis atvieglo iek\u0101p&scaron;anu telt\u012b un izk\u0101p&scaron;anu no t\u0101s. Divas papla&scaron;in\u0101t\u0101s XXL gu\u013camistabas ir lieliski piem\u0113rotas \u0113rtai gul\u0113&scaron;anai un liel\u0101kam komfortam. Pagarin\u0101tais priek&scaron;\u0113jais jumti\u0146&scaron; pasarg\u0101 no saules un lietus.&nbsp;<\/p>\n<p>Coleman XXL gu\u013camistabas ir projekt\u0113tas t\u0101, lai b\u016btu liel\u0101kas nek\u0101 vid\u0113j\u0101 telts gu\u013camistaba. \u0112rti piestiprin\u0101ts pie dubultiem matra\u010diem, tas nodro&scaron;ina pat\u012bkamu un \u0113rtu miegu kempinga un br\u012bvdabas ce\u013cojumu laik\u0101.&nbsp;<\/p>\n<p>Audumu sast\u0101v\u0101 eso&scaron;ais antipir\u0113ns nov\u0113r&scaron; strauju, b\u012bstamu un nekontrol\u0113jamu telts deg&scaron;anu. Audumu pa&scaron;dz\u0113so&scaron;\u0101s \u012bpa&scaron;\u012bbas dod jums laiku, lai gl\u0101btos b\u012bstam\u0101s situ\u0101cij\u0101s.&nbsp;<\/p>\n<p>Coleman&reg; UVGuard&trade; SPF50 aizsardz\u012bba ir sertific\u0113ta laboratorij\u0101s un nodro&scaron;ina lielisku UV aizsardz\u012bbu.&nbsp;<\/p>\n<p><strong>Specifik\u0101cijas:<\/strong>&nbsp;<\/p>\n<ul>\n<li>Konstrukcija:&nbsp;<strong>tunelis.<\/strong>&nbsp;<\/li>\n<li>Tilpums:&nbsp;<strong>6 cilv\u0113ki.<\/strong>&nbsp;<\/li>\n<li>Tips: divu sl\u0101\u0146u.&nbsp;<\/li>\n<li>Svars: 25,2 kg.&nbsp;<\/li>\n<li>Kr\u0101sa: pel\u0113ka.&nbsp;<\/li>\n<li>R\u0101mis: stikla &scaron;\u0137iedra.&nbsp;<\/li>\n<li>Garums:<strong>&nbsp;625 cm<\/strong>.&nbsp;<\/li>\n<li>Platums:&nbsp;<strong>410 cm.<\/strong>&nbsp;<\/li>\n<li>Augstums:&nbsp;<strong>210 cm.<\/strong>&nbsp;<\/li>\n<li>Izm\u0113ri iepakojum\u0101: 63x42x36 cm.&nbsp;<\/li>\n<li>Priek&scaron;nams: ir.&nbsp;<\/li>\n<li>Priek&scaron;nama garums: 400 cm.&nbsp;<\/li>\n<li>Priek&scaron;nama platums: 410 cm.&nbsp;<\/li>\n<li>Gu\u013camistabas garums: 210 cm.&nbsp;<\/li>\n<li>Gu\u013camistabas platums: 390 cm.&nbsp;<\/li>\n<li>Gu\u013camistabas augstums: 200 cm.&nbsp;<\/li>\n<li>Pamats: PE, metin\u0101ts, piln\u012bb\u0101 integr\u0113ts.&nbsp;<\/li>\n<li>\u0100r\u0113jais audums: poliesteris, ar PU p\u0101rkl\u0101jumu \/ ugunsdro&scaron;s.&nbsp;<\/li>\n<li>Iek&scaron;\u0113jais audums: poliesteris, necaursp\u012bd\u012bgs t\u012bkli\u0146&scaron;.&nbsp;<\/li>\n<li>&Scaron;uves: l\u012bm\u0113tas &scaron;uves.&nbsp;<\/li>\n<li>Gr\u012bdas \u016bdensiztur\u012bba: 4000 mm.&nbsp;&nbsp;<\/li>\n<li>Telts \u016bdensnecaurlaid\u012bba:&nbsp;<strong>4000 mm.<\/strong>&nbsp;<\/li>\n<li>UV filtrs:&nbsp;<strong>J\u0101 (SPF50)<\/strong>.&nbsp;<\/li>\n<li>Gaisa atveres: j\u0101.&nbsp;<\/li>\n<li>T\u012bkli\u0146&scaron; pret odiem: j\u0101.&nbsp;<\/li>\n<\/ul>\n<\/div>\n<\/div>\n<div>\n<ul>\n<\/ul>\n<\/div>\n<\/div>\n<div>\n<ul>\n<\/ul>\n<\/div>\n<\/div>\n<\/div>\n<\/div>\n<\/div>\n<\/div>\n<div>\n<div>\n<ul>\n<\/ul>\n<\/div>\n<\/div>\n<\/div>\n<div>\n<div>\n<ul>\n<\/ul>\n<\/div>\n<\/div>\n<\/div>\n<div>\n<ul>\n<\/ul>\n<\/div>\n<div>\n<ul>\n<\/ul>\n<\/div>\n","protected":false},"excerpt":{"rendered":"<p>Coleman telts Vail 6 Long. Vail&reg; 6L ir jauna, pla&scaron;a tune\u013cveida telts visai \u0123imenei ar priek&scaron;\u0113jo un s\u0101nu ieeju.&nbsp;&nbsp; Pla&scaron;\u0101 dz\u012bvojam\u0101 istaba ir gai&scaron;a un lieliski piem\u0113rota \u0123imenes brokast\u012bm vai k\u0101 papildu vieta velosip\u0113du un kempinga invent\u0101ra glab\u0101&scaron;anai. \u012apa&scaron;i liels priek&scaron;nams b\u016bs lieliska vieta atp\u016btai un pasarg\u0101s j\u016bs no karst\u0101s saules un lietus.&nbsp; Vail&reg; 6L [&hellip;]<\/p>\n","protected":false},"featured_media":75400,"template":"","meta":[],"product_brand":[3381],"product_cat":[4558,4568,4952],"product_tag":[],"class_list":{"0":"post-80480","1":"product","2":"type-product","3":"status-publish","4":"has-post-thumbnail","6":"product_brand-coleman","7":"product_cat-for-tourism-recreation","8":"product_cat-tents-for-tourism-recreation","9":"product_cat-coleman-tents-tents-for-tourism-recreation","11":"first","12":"instock","13":"shipping-taxable","14":"purchasable","15":"product-type-simple"},"_links":{"self":[{"href":"https:\/\/sezona.lv\/en\/wp-json\/wp\/v2\/product\/80480","targetHints":{"allow":["GET"]}}],"collection":[{"href":"https:\/\/sezona.lv\/en\/wp-json\/wp\/v2\/product"}],"about":[{"href":"https:\/\/sezona.lv\/en\/wp-json\/wp\/v2\/types\/product"}],"wp:featuredmedia":[{"embeddable":true,"href":"https:\/\/sezona.lv\/en\/wp-json\/wp\/v2\/media\/75400"}],"wp:attachment":[{"href":"https:\/\/sezona.lv\/en\/wp-json\/wp\/v2\/media?parent=80480"}],"wp:term":[{"taxonomy":"product_brand","embeddable":true,"href":"https:\/\/sezona.lv\/en\/wp-json\/wp\/v2\/product_brand?post=80480"},{"taxonomy":"product_cat","embeddable":true,"href":"https:\/\/sezona.lv\/en\/wp-json\/wp\/v2\/product_cat?post=80480"},{"taxonomy":"product_tag","embeddable":true,"href":"https:\/\/sezona.lv\/en\/wp-json\/wp\/v2\/product_tag?post=80480"}],"curies":[{"name":"wp","href":"https:\/\/api.w.org\/{rel}","templated":true}]}}