{"id":80481,"date":"2025-07-11T17:27:59","date_gmt":"2025-07-11T14:27:59","guid":{"rendered":"https:\/\/demo8.ecube.lv\/sezona.lv\/products\/coleman-telts-octagon-black-out-bedroom\/"},"modified":"2025-07-14T15:57:57","modified_gmt":"2025-07-14T12:57:57","slug":"coleman-telts-octagon-black-out-bedroom","status":"publish","type":"product","link":"https:\/\/sezona.lv\/en\/products\/coleman-telts-octagon-black-out-bedroom\/","title":{"rendered":"Coleman telts OCTAGON BLACK OUT BEDROOM"},"content":{"rendered":"<div>\n<div>\n<div>\n<div>\n<div>\n<div>\n<div>\n<div>\n<div>\n<div>\n<div><strong>Coleman telts OCTAGON BLACK OUT BEDROOM .<\/strong><\/div>\n<div><\/div>\n<div>\n<div><strong>Asto\u0146st\u016bra aptum&scaron;o&scaron;anas<\/strong>&nbsp;tehnolo\u0123ija vienk\u0101r&scaron;i Coleman&nbsp;<span>&reg;&nbsp;<\/span><strong>aptum&scaron;ojo&scaron;\u0101 gu\u013camistaba&nbsp;<span>&reg;<\/span><\/strong>&nbsp;<strong>aiz\u0146em 99% gaismas<\/strong>&nbsp;, nodro&scaron;inot nep\u0101rtrauktu miegu.<\/div>\n<div>&nbsp;<\/div>\n<div>Octagon BlackOut nodro&scaron;ina&nbsp;<strong>360 &deg; panor\u0101mas skatu<\/strong>&nbsp;uz apk\u0101rtni.&nbsp;Liels vestibils un veram\u0101s durvis rada patiesi m\u0101j\u012bgu atmosf\u0113ru.&nbsp;&Scaron;ai pla&scaron;ajai teltij ir daudz lietojumu.&nbsp;J\u016bs to varat izmantot k\u0101 greznu glamping gu\u013camistabu, b\u0113rnu rota\u013cu istabu vai kop\u012bgu festiv\u0101la &#8220;atp\u016btas telpu&#8221;.&nbsp;<\/div>\n<div>&nbsp;<\/div>\n<div>Ja jums nepiecie&scaron;ama aizsardz\u012bba pret kukai\u0146iem, viss, kas jums j\u0101dara, ir no\u0146emt telts lapi\u0146u un p\u0101rv\u0113rst savu Octagon BlackOut p\u0101rn\u0113s\u0101jam\u0101 mosk\u012btu t\u012bkl\u0101, kas ir lieliski piem\u0113rots j\u016bsu d\u0101rzam.&nbsp;Telts ir apr\u012bkota ar maisu uz rite\u0146iem un viegli saliekamu sist\u0113mu, kas atvieglo transport\u0113&scaron;anu un uzglab\u0101&scaron;anu.<\/div>\n<div>\n<ul>\n<li>\n<div id=\"Features\">\n<div id=\"SummaryArea\">\n<ul>\n<li><strong>Ietilp\u012bba:<\/strong>&nbsp;8 personas<\/li>\n<li><strong>Uzst\u0101d\u012b&scaron;ana:<\/strong>&nbsp;Vispirms iek&scaron;\u0113j\u0101 telts<\/li>\n<li><strong>Strukt\u016bra:<\/strong>&nbsp;asto\u0146st\u016bris<\/li>\n<li><strong>Stabi:<\/strong>&nbsp;stikla &scaron;\u0137iedra un t\u0113rauds<\/li>\n<li><strong>Pamatne:<\/strong>&nbsp;PE, metin\u0101ta, piln\u012bb\u0101 integr\u0113ta<\/li>\n<li><strong>\u0100r\u0113jais audums:<\/strong>&nbsp;poliesters ar PU p\u0101rkl\u0101jumu\/uguns sl\u0101p\u0113t\u0101js<\/li>\n<li><strong>Iek&scaron;\u0113jais audums:<\/strong>&nbsp;elpojo&scaron;s poliesters, poliesters ar PU p\u0101rkl\u0101jumu, mosk\u012btu t\u012bkls<\/li>\n<li><strong>&Scaron;uves:<\/strong>&nbsp;L\u012bm\u0113tas &scaron;uves<\/li>\n<li><strong>P\u0101rn\u0113s\u0101&scaron;anas soma:<\/strong>&nbsp;Iek\u013cauts<\/li>\n<li><strong>Iepakojuma izm\u0113ri:<\/strong>&nbsp;85 x 32 x 28 cm<\/li>\n<li><strong>Svars:<\/strong>&nbsp;20,6 kg<\/li>\n<li><strong>\u016adens stabs:<\/strong>&nbsp;4500 mm<\/li>\n<li><strong>Kop\u0101:<\/strong>&nbsp;15,7 m&nbsp;<span>2<\/span><\/li>\n<\/ul>\n<\/div>\n<\/div>\n<\/li>\n<\/ul>\n<\/div>\n<\/div>\n<\/div>\n<div>\n<ul>\n<\/ul>\n<\/div>\n<\/div>\n<div>\n<ul>\n<\/ul>\n<\/div>\n<\/div>\n<div>\n<ul>\n<\/ul>\n<\/div>\n<\/div>\n<\/div>\n<\/div>\n<\/div>\n<\/div>\n<div>\n<div>\n<ul>\n<\/ul>\n<\/div>\n<\/div>\n<\/div>\n<div>\n<div>\n<ul>\n<\/ul>\n<\/div>\n<\/div>\n<\/div>\n<div>\n<ul>\n<\/ul>\n<\/div>\n<div>\n<ul>\n<\/ul>\n<\/div>\n","protected":false},"excerpt":{"rendered":"<p>Coleman telts OCTAGON BLACK OUT BEDROOM . Asto\u0146st\u016bra aptum&scaron;o&scaron;anas&nbsp;tehnolo\u0123ija vienk\u0101r&scaron;i Coleman&nbsp;&reg;&nbsp;aptum&scaron;ojo&scaron;\u0101 gu\u013camistaba&nbsp;&reg;&nbsp;aiz\u0146em 99% gaismas&nbsp;, nodro&scaron;inot nep\u0101rtrauktu miegu. &nbsp; Octagon BlackOut nodro&scaron;ina&nbsp;360 &deg; panor\u0101mas skatu&nbsp;uz apk\u0101rtni.&nbsp;Liels vestibils un veram\u0101s durvis rada patiesi m\u0101j\u012bgu atmosf\u0113ru.&nbsp;&Scaron;ai pla&scaron;ajai teltij ir daudz lietojumu.&nbsp;J\u016bs to varat izmantot k\u0101 greznu glamping gu\u013camistabu, b\u0113rnu rota\u013cu istabu vai kop\u012bgu festiv\u0101la &#8220;atp\u016btas telpu&#8221;.&nbsp; &nbsp; Ja [&hellip;]<\/p>\n","protected":false},"featured_media":75405,"template":"","meta":[],"product_brand":[3381],"product_cat":[4558,4568,4952],"product_tag":[],"class_list":{"0":"post-80481","1":"product","2":"type-product","3":"status-publish","4":"has-post-thumbnail","6":"product_brand-coleman","7":"product_cat-for-tourism-recreation","8":"product_cat-tents-for-tourism-recreation","9":"product_cat-coleman-tents-tents-for-tourism-recreation","11":"first","12":"instock","13":"shipping-taxable","14":"purchasable","15":"product-type-simple"},"_links":{"self":[{"href":"https:\/\/sezona.lv\/en\/wp-json\/wp\/v2\/product\/80481","targetHints":{"allow":["GET"]}}],"collection":[{"href":"https:\/\/sezona.lv\/en\/wp-json\/wp\/v2\/product"}],"about":[{"href":"https:\/\/sezona.lv\/en\/wp-json\/wp\/v2\/types\/product"}],"wp:featuredmedia":[{"embeddable":true,"href":"https:\/\/sezona.lv\/en\/wp-json\/wp\/v2\/media\/75405"}],"wp:attachment":[{"href":"https:\/\/sezona.lv\/en\/wp-json\/wp\/v2\/media?parent=80481"}],"wp:term":[{"taxonomy":"product_brand","embeddable":true,"href":"https:\/\/sezona.lv\/en\/wp-json\/wp\/v2\/product_brand?post=80481"},{"taxonomy":"product_cat","embeddable":true,"href":"https:\/\/sezona.lv\/en\/wp-json\/wp\/v2\/product_cat?post=80481"},{"taxonomy":"product_tag","embeddable":true,"href":"https:\/\/sezona.lv\/en\/wp-json\/wp\/v2\/product_tag?post=80481"}],"curies":[{"name":"wp","href":"https:\/\/api.w.org\/{rel}","templated":true}]}}