{"id":80482,"date":"2025-07-11T17:28:05","date_gmt":"2025-07-11T14:28:05","guid":{"rendered":"https:\/\/demo8.ecube.lv\/sezona.lv\/products\/coleman-telts-octago-small\/"},"modified":"2025-07-14T15:57:58","modified_gmt":"2025-07-14T12:57:58","slug":"coleman-telts-octago-small","status":"publish","type":"product","link":"https:\/\/sezona.lv\/en\/products\/coleman-telts-octago-small\/","title":{"rendered":"Coleman telts OCTAGO SMALL"},"content":{"rendered":"<div>\n<div>\n<div>\n<div>\n<div>\n<div>\n<div>\n<div>\n<div>\n<div>\n<div>\n<div>\n<div>\n<div><strong>Coleman telts OCTAGO SMALL.<\/strong><\/div>\n<div><\/div>\n<div>\n<div>Viegli iesai\u0146ojama un \u0101tri uzst\u0101d\u0101ma jaun\u0101&nbsp;<strong>OctaGo<\/strong>&nbsp;Coleman&nbsp;<span>&reg;<\/span>&nbsp;telts&nbsp;ir lielisks aksesu\u0101rs ned\u0113\u013cas nogales ce\u013cojumiem kop\u0101 ar draugiem, trakiem m\u016bzikas festiv\u0101liem vai vienk\u0101r&scaron;i atp\u016btai pie kalnu straumes.&nbsp;<\/div>\n<div>Flysheet ir no\u0146emams, un OctaGo p\u0101rveidojas par p\u0101rbaud\u012btu, k\u013c\u016bd\u0101m dro&scaron;u telpu, kas ir lieliski piem\u0113rota d\u0101rzam.&nbsp;Telts ir apr\u012bkota ar somu p\u0101rn\u0113s\u0101&scaron;anai, un to var viegli saloc\u012bt, lai to var\u0113tu \u0113rti transport\u0113t un uzglab\u0101t.<\/div>\n<div>\n<ul>\n<li><strong>Cilv\u0113ku skaits:<\/strong>&nbsp;3&nbsp;<\/li>\n<li><strong>Atkl\u0101&scaron;an\u0101s:<\/strong>&nbsp;vispirms gu\u013camistaba<\/li>\n<li><strong>Konstrukcija:<\/strong>&nbsp;Asto\u0146st\u016bris<\/li>\n<li><strong>R\u0101mis:<\/strong>&nbsp;19 mm t\u0113rauda caurules<\/li>\n<li><strong>Gr\u012bdas:<\/strong>&nbsp;polietil\u0113na PE, metin\u0101tas, integr\u0113tas gu\u013camistab\u0101<\/li>\n<li><strong>Lidlapa:<\/strong>&nbsp;poliestera PU \/ liesmas sl\u0101p\u0113t\u0101js<\/li>\n<li><strong>Gu\u013camistaba:<\/strong>&nbsp;elpojo&scaron;s poliesters \/ neredzams siets<\/li>\n<li><strong>&Scaron;uves: ar<\/strong>&nbsp;l\u012bmlenti<\/li>\n<li><strong>V\u0101ks:<\/strong>&nbsp;J\u0101<\/li>\n<li><strong>Saloc\u012bti izm\u0113ri:<\/strong>&nbsp;69 x 25 x 25 cm<\/li>\n<li><strong>Svars:<\/strong>&nbsp;10,9 kg<\/li>\n<li><strong>\u016adensiztur\u012bba:<\/strong>&nbsp;2000 mm<\/li>\n<li><strong>Plat\u012bba:<\/strong>&nbsp;7,5 m&nbsp;<span>2<\/span>&nbsp;(gu\u013camistaba 7,5 m&nbsp;<span>2<\/span>&nbsp;)<\/li>\n<\/ul>\n<\/div>\n<\/div>\n<\/div>\n<\/div>\n<\/div>\n<\/div>\n<div>\n<ul>\n<\/ul>\n<\/div>\n<\/div>\n<div>\n<ul>\n<\/ul>\n<\/div>\n<\/div>\n<div>\n<ul>\n<\/ul>\n<\/div>\n<\/div>\n<\/div>\n<\/div>\n<\/div>\n<\/div>\n<div>\n<div>\n<ul>\n<\/ul>\n<\/div>\n<\/div>\n<\/div>\n<div>\n<div>\n<ul>\n<\/ul>\n<\/div>\n<\/div>\n<\/div>\n<div>\n<ul>\n<\/ul>\n<\/div>\n<div>\n<ul>\n<\/ul>\n<\/div>\n","protected":false},"excerpt":{"rendered":"<p>Coleman telts OCTAGO SMALL. Viegli iesai\u0146ojama un \u0101tri uzst\u0101d\u0101ma jaun\u0101&nbsp;OctaGo&nbsp;Coleman&nbsp;&reg;&nbsp;telts&nbsp;ir lielisks aksesu\u0101rs ned\u0113\u013cas nogales ce\u013cojumiem kop\u0101 ar draugiem, trakiem m\u016bzikas festiv\u0101liem vai vienk\u0101r&scaron;i atp\u016btai pie kalnu straumes.&nbsp; Flysheet ir no\u0146emams, un OctaGo p\u0101rveidojas par p\u0101rbaud\u012btu, k\u013c\u016bd\u0101m dro&scaron;u telpu, kas ir lieliski piem\u0113rota d\u0101rzam.&nbsp;Telts ir apr\u012bkota ar somu p\u0101rn\u0113s\u0101&scaron;anai, un to var viegli saloc\u012bt, lai to [&hellip;]<\/p>\n","protected":false},"featured_media":75412,"template":"","meta":[],"product_brand":[3381],"product_cat":[4558,4568,4952],"product_tag":[],"class_list":{"0":"post-80482","1":"product","2":"type-product","3":"status-publish","4":"has-post-thumbnail","6":"product_brand-coleman","7":"product_cat-for-tourism-recreation","8":"product_cat-tents-for-tourism-recreation","9":"product_cat-coleman-tents-tents-for-tourism-recreation","11":"first","12":"instock","13":"shipping-taxable","14":"purchasable","15":"product-type-simple"},"_links":{"self":[{"href":"https:\/\/sezona.lv\/en\/wp-json\/wp\/v2\/product\/80482","targetHints":{"allow":["GET"]}}],"collection":[{"href":"https:\/\/sezona.lv\/en\/wp-json\/wp\/v2\/product"}],"about":[{"href":"https:\/\/sezona.lv\/en\/wp-json\/wp\/v2\/types\/product"}],"wp:featuredmedia":[{"embeddable":true,"href":"https:\/\/sezona.lv\/en\/wp-json\/wp\/v2\/media\/75412"}],"wp:attachment":[{"href":"https:\/\/sezona.lv\/en\/wp-json\/wp\/v2\/media?parent=80482"}],"wp:term":[{"taxonomy":"product_brand","embeddable":true,"href":"https:\/\/sezona.lv\/en\/wp-json\/wp\/v2\/product_brand?post=80482"},{"taxonomy":"product_cat","embeddable":true,"href":"https:\/\/sezona.lv\/en\/wp-json\/wp\/v2\/product_cat?post=80482"},{"taxonomy":"product_tag","embeddable":true,"href":"https:\/\/sezona.lv\/en\/wp-json\/wp\/v2\/product_tag?post=80482"}],"curies":[{"name":"wp","href":"https:\/\/api.w.org\/{rel}","templated":true}]}}