{"id":80484,"date":"2025-07-11T17:28:09","date_gmt":"2025-07-11T14:28:09","guid":{"rendered":"https:\/\/demo8.ecube.lv\/sezona.lv\/products\/coleman-telts-polygon-6\/"},"modified":"2025-07-14T15:58:01","modified_gmt":"2025-07-14T12:58:01","slug":"coleman-telts-polygon-6","status":"publish","type":"product","link":"https:\/\/sezona.lv\/en\/products\/coleman-telts-polygon-6\/","title":{"rendered":"Coleman telts POLYGON 6"},"content":{"rendered":"<div>\n<div>\n<div>\n<div>\n<div>\n<div>\n<div>\n<div>\n<div>\n<div>\n<div>\n<div>\n<div>\n<div>\n<div>\n<div><strong><strong>Coleman telts POLYGON 6.<\/strong><\/strong><\/div>\n<div>\n<p>Telts nodro&scaron;ina pilnu 360&deg; skatu uz apk\u0101rtni, un tai ir \u0123eni\u0101las stingras veramas durvis, kas kemping\u0101 rada m\u0101j\u012bgu saj\u016btu.&nbsp;\u010cetras no piec\u0101m pus\u0113m atveras piln\u012bb\u0101, \u013caujot telt\u012b iek\u013c\u016bt daudz gaismas un gaisa.&nbsp;Kr\u0101su kod\u0113ti t\u0113rauda stabi nodro&scaron;ina taisnu metienu uz priek&scaron;u un \u0101tru, maz\u0101k nek\u0101 15 min\u016bt\u0113s.&nbsp;Telt\u012b ir durvju aile, kas \u0113rti atveras l\u012bdz\u012bgi parastaj\u0101m durv\u012bm.&nbsp;&Scaron;ai vienistabas teltij ir daudz pielietojumu, to var iet\u0113rpt k\u0101 greznu gu\u013camistabu, rota\u013cu istabu b\u0113rniem vai ide\u0101lu telti festiv\u0101la sapulc\u0113m.&nbsp;Skrejlapu var ar\u012b no\u0146emt, p\u0101rveidojot to par k\u013c\u016bd\u0101m dro&scaron;u telpu, kas ir lieliski piem\u0113rota d\u0101rzam.&nbsp;<\/p>\n<ul>\n<li><strong>Ietilp\u012bba:<\/strong>&nbsp;6 personas<\/li>\n<li><strong>Uzst\u0101d\u012b&scaron;ana:<\/strong>&nbsp;vispirms iek&scaron;\u0113jais<\/li>\n<li><strong>Strukt\u016bra:<\/strong>&nbsp;kupols<\/li>\n<li><strong>Stabi:<\/strong>&nbsp;t\u0113rauds<\/li>\n<li><strong>Pamatne:<\/strong>&nbsp;PE, metin\u0101ta, piln\u012bb\u0101 integr\u0113ta<\/li>\n<li><strong>\u0100r\u0113jais audums:<\/strong>&nbsp;poliesters 2000mm PU p\u0101rkl\u0101jums \/ ugunsdro&scaron;s<\/li>\n<li><strong>Iek&scaron;\u0113jais audums:<\/strong>&nbsp;elpojo&scaron;s poliesters, poliestera PU p\u0101rkl\u0101jums, necaurlaid\u012bgs siets<\/li>\n<li><strong>&Scaron;uves:<\/strong>&nbsp;&scaron;uve ar l\u012bmlenti<\/li>\n<li><strong>\u016adens stabs:<\/strong>&nbsp;2000 mm<\/li>\n<li><strong>Gu\u013camvieta:<\/strong>&nbsp;11,6 m&sup2;<\/li>\n<li><strong>Kop\u0101:<\/strong>&nbsp;11,6m&sup2;<\/li>\n<li><strong>Svars:<\/strong>&nbsp;14,5 kg<\/li>\n<li><strong>Iepakojuma izm\u0113rs:<\/strong>&nbsp;72 x 28 x 28 cm<\/li>\n<li><strong>Izm\u0113ri (G x P x A):<\/strong>&nbsp;320 x 335 x 213 cm<\/li>\n<li><strong>Uzst\u0101&scaron;an\u0101s laiks:<\/strong>&nbsp;15 min\u016btes<\/li>\n<li><strong>Komplekt\u0101 soma:<\/strong>&nbsp;J\u0101<\/li>\n<\/ul>\n<\/div>\n<\/div>\n<div>\n<ul>\n<\/ul>\n<\/div>\n<\/div>\n<div>\n<div>\n<ul>\n<\/ul>\n<\/div>\n<\/div>\n<\/div>\n<\/div>\n<\/div>\n<\/div>\n<div>\n<ul>\n<\/ul>\n<\/div>\n<\/div>\n<div>\n<ul>\n<\/ul>\n<\/div>\n<\/div>\n<div>\n<ul>\n<\/ul>\n<\/div>\n<\/div>\n<\/div>\n<\/div>\n<\/div>\n<\/div>\n<div>\n<div>\n<ul>\n<\/ul>\n<\/div>\n<\/div>\n<\/div>\n<div>\n<div>\n<ul>\n<\/ul>\n<\/div>\n<\/div>\n<\/div>\n<div>\n<ul>\n<\/ul>\n<\/div>\n<div>\n<ul>\n<\/ul>\n<\/div>\n","protected":false},"excerpt":{"rendered":"<p>Coleman telts POLYGON 6. Telts nodro&scaron;ina pilnu 360&deg; skatu uz apk\u0101rtni, un tai ir \u0123eni\u0101las stingras veramas durvis, kas kemping\u0101 rada m\u0101j\u012bgu saj\u016btu.&nbsp;\u010cetras no piec\u0101m pus\u0113m atveras piln\u012bb\u0101, \u013caujot telt\u012b iek\u013c\u016bt daudz gaismas un gaisa.&nbsp;Kr\u0101su kod\u0113ti t\u0113rauda stabi nodro&scaron;ina taisnu metienu uz priek&scaron;u un \u0101tru, maz\u0101k nek\u0101 15 min\u016bt\u0113s.&nbsp;Telt\u012b ir durvju aile, kas \u0113rti atveras [&hellip;]<\/p>\n","protected":false},"featured_media":75422,"template":"","meta":[],"product_brand":[3381],"product_cat":[4558,4568,4952],"product_tag":[],"class_list":{"0":"post-80484","1":"product","2":"type-product","3":"status-publish","4":"has-post-thumbnail","6":"product_brand-coleman","7":"product_cat-for-tourism-recreation","8":"product_cat-tents-for-tourism-recreation","9":"product_cat-coleman-tents-tents-for-tourism-recreation","11":"first","12":"instock","13":"shipping-taxable","14":"purchasable","15":"product-type-simple"},"_links":{"self":[{"href":"https:\/\/sezona.lv\/en\/wp-json\/wp\/v2\/product\/80484","targetHints":{"allow":["GET"]}}],"collection":[{"href":"https:\/\/sezona.lv\/en\/wp-json\/wp\/v2\/product"}],"about":[{"href":"https:\/\/sezona.lv\/en\/wp-json\/wp\/v2\/types\/product"}],"wp:featuredmedia":[{"embeddable":true,"href":"https:\/\/sezona.lv\/en\/wp-json\/wp\/v2\/media\/75422"}],"wp:attachment":[{"href":"https:\/\/sezona.lv\/en\/wp-json\/wp\/v2\/media?parent=80484"}],"wp:term":[{"taxonomy":"product_brand","embeddable":true,"href":"https:\/\/sezona.lv\/en\/wp-json\/wp\/v2\/product_brand?post=80484"},{"taxonomy":"product_cat","embeddable":true,"href":"https:\/\/sezona.lv\/en\/wp-json\/wp\/v2\/product_cat?post=80484"},{"taxonomy":"product_tag","embeddable":true,"href":"https:\/\/sezona.lv\/en\/wp-json\/wp\/v2\/product_tag?post=80484"}],"curies":[{"name":"wp","href":"https:\/\/api.w.org\/{rel}","templated":true}]}}