{"id":80503,"date":"2025-07-11T17:21:00","date_gmt":"2025-07-11T14:21:00","guid":{"rendered":"https:\/\/demo8.ecube.lv\/sezona.lv\/products\/hq-invento-quickstep-ii-chroma-divu-auklu-gaisa-pukis-11234615\/"},"modified":"2025-07-14T15:58:23","modified_gmt":"2025-07-14T12:58:23","slug":"hq-invento-quickstep-ii-chroma-divu-auklu-gaisa-pukis-11234615","status":"publish","type":"product","link":"https:\/\/sezona.lv\/en\/products\/hq-invento-quickstep-ii-chroma-divu-auklu-gaisa-pukis-11234615\/","title":{"rendered":"HQ Invento Quickstep II Chroma divu auklu gaisa p\u016b\u0137is (11234615)"},"content":{"rendered":"<p><span>Izgatavots no iztur\u012bga ripstop poliestera un praktiski nepl\u012bsto&scaron;as stikla &scaron;\u0137iedras. Quickstep II ir paz\u012bstams ar savu iztur\u012bgo konstrukciju, kas bez piep\u016bles iztur\u0113s pat &scaron;ausmino&scaron;u ies\u0101c\u0113ja av\u0101riju. Quickstep II dizains ir \u013coti vienk\u0101r&scaron;s un veiktsp\u0113ja ir laba. Ies\u0101c\u0113ji var dro&scaron;i un uzticami vad\u012bt Quickstep II pla&scaron;\u0101 v\u0113ja diapazon\u0101. Vilces sp\u0113ki ir m\u0113reni, bet iev\u0113rojami &ndash; lidojuma \u0101trums nep\u0101rsp\u0113j pat ies\u0101c\u0113ju. Nedaudz praktiz\u0113jot, Quickstep II var veikt vienk\u0101r&scaron;us trikus. Uzlabots modelis ar fiks\u0113tiem stat\u0146iem.&nbsp;Uzman\u012bbu! Neizmantot p\u016b\u0137us me\u017e\u0101 un net\u0101lu no elektr\u012bbas vadiem.<\/span><\/p>\n<p><strong>Specifik\u0101cija<\/strong><br \/><span>* Platums: 135cm.<\/span><br \/><span>* Augstums: 60cm.<\/span><br \/><span>* Materi\u0101ls: Ripstop poliesters.<\/span><br \/><span>* R\u0101mis: 4+5mm stikla &scaron;\u0137iedras mieti\u0146i.<\/span><br \/><span>* Spoles un auklas: poliesters; 20kp; 2 x 25m.<\/span><br \/><span>* V\u0113j&scaron;: 2-5 Bft. (6&ndash;38km\/h; 4&ndash;24 j\u016bdzes stund\u0101).<\/span><br \/><span>* Vecums: 10+.<\/span><br \/><span>* Komplekt\u0101cija: p\u016b\u0137is; soma; 2 spoles; mieti\u0146i; instrukcija.<\/span><\/p>\n","protected":false},"excerpt":{"rendered":"<p>Izgatavots no iztur\u012bga ripstop poliestera un praktiski nepl\u012bsto&scaron;as stikla &scaron;\u0137iedras. Quickstep II ir paz\u012bstams ar savu iztur\u012bgo konstrukciju, kas bez piep\u016bles iztur\u0113s pat &scaron;ausmino&scaron;u ies\u0101c\u0113ja av\u0101riju. Quickstep II dizains ir \u013coti vienk\u0101r&scaron;s un veiktsp\u0113ja ir laba. Ies\u0101c\u0113ji var dro&scaron;i un uzticami vad\u012bt Quickstep II pla&scaron;\u0101 v\u0113ja diapazon\u0101. Vilces sp\u0113ki ir m\u0113reni, bet iev\u0113rojami &ndash; lidojuma [&hellip;]<\/p>\n","protected":false},"featured_media":74844,"template":"","meta":[],"product_brand":[963],"product_cat":[4558,4568,4953],"product_tag":[],"class_list":{"0":"post-80503","1":"product","2":"type-product","3":"status-publish","4":"has-post-thumbnail","6":"product_brand-high-peak","7":"product_cat-for-tourism-recreation","8":"product_cat-tents-for-tourism-recreation","9":"product_cat-high-peak-tents-tents-for-tourism-recreation","11":"first","12":"instock","13":"shipping-taxable","14":"purchasable","15":"product-type-simple"},"_links":{"self":[{"href":"https:\/\/sezona.lv\/en\/wp-json\/wp\/v2\/product\/80503","targetHints":{"allow":["GET"]}}],"collection":[{"href":"https:\/\/sezona.lv\/en\/wp-json\/wp\/v2\/product"}],"about":[{"href":"https:\/\/sezona.lv\/en\/wp-json\/wp\/v2\/types\/product"}],"wp:featuredmedia":[{"embeddable":true,"href":"https:\/\/sezona.lv\/en\/wp-json\/wp\/v2\/media\/74844"}],"wp:attachment":[{"href":"https:\/\/sezona.lv\/en\/wp-json\/wp\/v2\/media?parent=80503"}],"wp:term":[{"taxonomy":"product_brand","embeddable":true,"href":"https:\/\/sezona.lv\/en\/wp-json\/wp\/v2\/product_brand?post=80503"},{"taxonomy":"product_cat","embeddable":true,"href":"https:\/\/sezona.lv\/en\/wp-json\/wp\/v2\/product_cat?post=80503"},{"taxonomy":"product_tag","embeddable":true,"href":"https:\/\/sezona.lv\/en\/wp-json\/wp\/v2\/product_tag?post=80503"}],"curies":[{"name":"wp","href":"https:\/\/api.w.org\/{rel}","templated":true}]}}