{"id":80505,"date":"2025-07-11T17:28:35","date_gmt":"2025-07-11T14:28:35","guid":{"rendered":"https:\/\/demo8.ecube.lv\/sezona.lv\/products\/jetboil-kafijas-prese-silicone-grande\/"},"modified":"2025-07-14T15:58:25","modified_gmt":"2025-07-14T12:58:25","slug":"jetboil-kafijas-prese-silicone-grande","status":"publish","type":"product","link":"https:\/\/sezona.lv\/en\/products\/jetboil-kafijas-prese-silicone-grande\/","title":{"rendered":"Jetboil kafijas prese SILICONE GRANDE"},"content":{"rendered":"<p><span>Jauna dizaina Jetboil kafijas prese ar silikona gredzenu, ar kuras pal\u012bdz\u012bbu var pagatavot gardu kafiju vai ar\u012b tvaic\u0113t d\u0101rze\u0146us un zivis. Savietojams ar Jetboil Stash, MiniMo, SUMO<\/span><\/p>\n","protected":false},"excerpt":{"rendered":"<p>Jauna dizaina Jetboil kafijas prese ar silikona gredzenu, ar kuras pal\u012bdz\u012bbu var pagatavot gardu kafiju vai ar\u012b tvaic\u0113t d\u0101rze\u0146us un zivis. Savietojams ar Jetboil Stash, MiniMo, SUMO<\/p>\n","protected":false},"featured_media":75446,"template":"","meta":[],"product_brand":[935],"product_cat":[4558,4720,4723],"product_tag":[],"class_list":{"0":"post-80505","1":"product","2":"type-product","3":"status-publish","4":"has-post-thumbnail","6":"product_brand-jetboil","7":"product_cat-for-tourism-recreation","8":"product_cat-gas-stoves-burners-lanterns-heaters-for-tourism-recreation","9":"product_cat-gas-burners-gas-stoves-burners-lanterns-heaters-for-tourism-recreation","11":"first","12":"instock","13":"shipping-taxable","14":"purchasable","15":"product-type-simple"},"_links":{"self":[{"href":"https:\/\/sezona.lv\/en\/wp-json\/wp\/v2\/product\/80505","targetHints":{"allow":["GET"]}}],"collection":[{"href":"https:\/\/sezona.lv\/en\/wp-json\/wp\/v2\/product"}],"about":[{"href":"https:\/\/sezona.lv\/en\/wp-json\/wp\/v2\/types\/product"}],"wp:featuredmedia":[{"embeddable":true,"href":"https:\/\/sezona.lv\/en\/wp-json\/wp\/v2\/media\/75446"}],"wp:attachment":[{"href":"https:\/\/sezona.lv\/en\/wp-json\/wp\/v2\/media?parent=80505"}],"wp:term":[{"taxonomy":"product_brand","embeddable":true,"href":"https:\/\/sezona.lv\/en\/wp-json\/wp\/v2\/product_brand?post=80505"},{"taxonomy":"product_cat","embeddable":true,"href":"https:\/\/sezona.lv\/en\/wp-json\/wp\/v2\/product_cat?post=80505"},{"taxonomy":"product_tag","embeddable":true,"href":"https:\/\/sezona.lv\/en\/wp-json\/wp\/v2\/product_tag?post=80505"}],"curies":[{"name":"wp","href":"https:\/\/api.w.org\/{rel}","templated":true}]}}