{"id":80506,"date":"2025-07-14T15:58:26","date_gmt":"2025-07-14T12:58:26","guid":{"rendered":"https:\/\/demo8.ecube.lv\/sezona.lv\/products\/kimiska-gaisma-mil-tec-1-5x15cm\/"},"modified":"2025-07-14T15:58:26","modified_gmt":"2025-07-14T12:58:26","slug":"kimiska-gaisma-mil-tec-1-5x15cm","status":"publish","type":"product","link":"https:\/\/sezona.lv\/en\/products\/kimiska-gaisma-mil-tec-1-5x15cm\/","title":{"rendered":"\u0136\u012bmisk\u0101 gaisma Mil Tec 1.5x15cm"},"content":{"rendered":"<p><span style=\"font-weight: bold\">Chemical light Mil Tec 1.5x15cm<\/span><\/p>\n<p class=\"MsoNormal\"><span>Dimensions: 15 x 150 mm<\/span><br \/><span>Period of lighting: 8-12 hours<\/span><\/p>\n<p><span>Light sticks are a light source which works without electric energy.<\/span><br \/><span>The brightness will be activated by snaping the stick (that is why it is also called snap light).<\/span><br \/><span>The usability of the light stick is almost unlimited. It works even under the water.<\/span><\/p>\n","protected":false},"excerpt":{"rendered":"<p>Chemical light Mil Tec 1.5x15cm Dimensions: 15 x 150 mmPeriod of lighting: 8-12 hours Light sticks are a light source which works without electric energy.The brightness will be activated by snaping the stick (that is why it is also called snap light).The usability of the light stick is almost unlimited. It works even under the [&hellip;]<\/p>\n","protected":false},"featured_media":0,"template":"","meta":[],"product_brand":[],"product_cat":[4558,4572,4640,5040],"product_tag":[],"class_list":{"0":"post-80506","1":"product","2":"type-product","3":"status-publish","5":"product_cat-for-tourism-recreation","6":"product_cat-lights-for-tourism-recreation","7":"product_cat-recreation","8":"product_cat-chemical-lights-lights-for-tourism-recreation","10":"first","11":"instock","12":"shipping-taxable","13":"product-type-simple"},"_links":{"self":[{"href":"https:\/\/sezona.lv\/en\/wp-json\/wp\/v2\/product\/80506","targetHints":{"allow":["GET"]}}],"collection":[{"href":"https:\/\/sezona.lv\/en\/wp-json\/wp\/v2\/product"}],"about":[{"href":"https:\/\/sezona.lv\/en\/wp-json\/wp\/v2\/types\/product"}],"wp:attachment":[{"href":"https:\/\/sezona.lv\/en\/wp-json\/wp\/v2\/media?parent=80506"}],"wp:term":[{"taxonomy":"product_brand","embeddable":true,"href":"https:\/\/sezona.lv\/en\/wp-json\/wp\/v2\/product_brand?post=80506"},{"taxonomy":"product_cat","embeddable":true,"href":"https:\/\/sezona.lv\/en\/wp-json\/wp\/v2\/product_cat?post=80506"},{"taxonomy":"product_tag","embeddable":true,"href":"https:\/\/sezona.lv\/en\/wp-json\/wp\/v2\/product_tag?post=80506"}],"curies":[{"name":"wp","href":"https:\/\/api.w.org\/{rel}","templated":true}]}}