{"id":80508,"date":"2025-07-14T15:58:27","date_gmt":"2025-07-14T12:58:27","guid":{"rendered":"https:\/\/demo8.ecube.lv\/sezona.lv\/products\/starpsezonas-kostims-savage-gear-thermo-guard-3-daligs\/"},"modified":"2025-07-14T15:58:27","modified_gmt":"2025-07-14T12:58:27","slug":"starpsezonas-kostims-savage-gear-thermo-guard-3-daligs","status":"publish","type":"product","link":"https:\/\/sezona.lv\/en\/products\/starpsezonas-kostims-savage-gear-thermo-guard-3-daligs\/","title":{"rendered":"Starpsezonas kost\u012bms Savage Gear Thermo Guard 3 da\u013c\u012bgs"},"content":{"rendered":"<div class=\"pane description\" style=\"border: none;padding: 0;width: 100%\">\n<div class=\"pane description\" style=\"border: none;padding: 0;width: 100%\">\n<p><span>This three-piece suit consists of a warm padded jacket, a quilted inner jacket that can be used separately, and insulated trousers. It&rsquo;s reinforced on the most exposed areas, which increases durability. 100% waterproof, breathable and top functionality.<\/span><\/p>\n<p><span>&bull; Waterproof with 8,000mm TPU membrane<\/span><br \/><span>&bull; 800mvp breathability<\/span><br \/><span>&bull; Shell fabric of durable m&eacute;lange polyester<\/span><br \/><span>&bull; Reinforcement in 100 per cent polyester Oxford<\/span><br \/><span>&bull; Thermo insulation with 160gsm polyester down-like padding in body and 80gsm in sleeves, trousers and inner jacket.<\/span><br \/><span>&bull; Warm lining of 140gsm polyester microfleece<\/span><br \/><span>&bull; Waterproof zip at front<\/span><br \/><span>&bull; Handwarmer pockets and lower front pockets lined with soft, warm fleece<\/span><br \/><span>&bull; Detachable and adjustable hood<\/span><br \/><span>&bull; Trousers feature an elasticated, adjustable waist<\/span><br \/><span>&bull; Two zipped front pockets and a large thigh pocket<\/span><br \/><span>&bull; Reinforced back and knees<\/span><br \/><span>&bull; Long zippers in legs with gusset and adjustable velcro strap<\/span><br \/><span>&bull; Quilted inner jacket is windproof<\/span><br \/><span>&bull; Three zipped pockets<\/span><\/p>\n<\/div>\n<\/div>\n","protected":false},"excerpt":{"rendered":"<p>This three-piece suit consists of a warm padded jacket, a quilted inner jacket that can be used separately, and insulated trousers. It&rsquo;s reinforced on the most exposed areas, which increases durability. 100% waterproof, breathable and top functionality. &bull; Waterproof with 8,000mm TPU membrane&bull; 800mvp breathability&bull; Shell fabric of durable m&eacute;lange polyester&bull; Reinforcement in 100 per [&hellip;]<\/p>\n","protected":false},"featured_media":0,"template":"","meta":[],"product_brand":[],"product_cat":[4619,4640,4993,5033],"product_tag":[],"class_list":{"0":"post-80508","1":"product","2":"type-product","3":"status-publish","5":"product_cat-winter-clothes-recreation","6":"product_cat-recreation","7":"product_cat-winter-suits-for-fishing-winter-clothes-recreation","8":"product_cat-savage-gear-suits-winter-suits-for-fishing-winter-clothes-recreation","10":"first","11":"instock","12":"shipping-taxable","13":"product-type-simple"},"_links":{"self":[{"href":"https:\/\/sezona.lv\/en\/wp-json\/wp\/v2\/product\/80508","targetHints":{"allow":["GET"]}}],"collection":[{"href":"https:\/\/sezona.lv\/en\/wp-json\/wp\/v2\/product"}],"about":[{"href":"https:\/\/sezona.lv\/en\/wp-json\/wp\/v2\/types\/product"}],"wp:attachment":[{"href":"https:\/\/sezona.lv\/en\/wp-json\/wp\/v2\/media?parent=80508"}],"wp:term":[{"taxonomy":"product_brand","embeddable":true,"href":"https:\/\/sezona.lv\/en\/wp-json\/wp\/v2\/product_brand?post=80508"},{"taxonomy":"product_cat","embeddable":true,"href":"https:\/\/sezona.lv\/en\/wp-json\/wp\/v2\/product_cat?post=80508"},{"taxonomy":"product_tag","embeddable":true,"href":"https:\/\/sezona.lv\/en\/wp-json\/wp\/v2\/product_tag?post=80508"}],"curies":[{"name":"wp","href":"https:\/\/api.w.org\/{rel}","templated":true}]}}