{"id":80510,"date":"2025-07-11T17:28:41","date_gmt":"2025-07-11T14:28:41","guid":{"rendered":"https:\/\/demo8.ecube.lv\/sezona.lv\/products\/deeper-fishfinder-pro-plus-2-davana-laivas-turetajs\/"},"modified":"2025-07-14T15:58:29","modified_gmt":"2025-07-14T12:58:29","slug":"deeper-fishfinder-pro-plus-2-davana-laivas-turetajs","status":"publish","type":"product","link":"https:\/\/sezona.lv\/en\/products\/deeper-fishfinder-pro-plus-2-davana-laivas-turetajs\/","title":{"rendered":"DEEPER FISHFINDER PRO PLUS 2 + d\u0101van\u0101 laivas tur\u0113t\u0101js"},"content":{"rendered":"<p>DEEPER FISHFINDER PRO PLUS 2 + d\u0101van\u0101 laivas tur\u0113t\u0101js.<\/p>\n<p>Mak&scaron;\u0137er\u0113&scaron;anas ier\u012bce, kas nu jau gadiem ir zin\u0101ma un pier\u0101d\u012bjusi sevi k\u0101 viens no lab\u0101kajiem metamajiem son\u0101riem. To ir p\u0101rbaud\u012bju&scaron;i un iecien\u012bju&scaron;i mak&scaron;\u0137ernieki vis\u0101 pasaul\u0113. Tagad papildin\u0101ts un uzlabots, lab\u0101ks k\u0101 jebkad &minus; jaunais deeper pro+ 2.<\/p>\n<p><span>K\u0100P\u0112C PRO+ 2?<\/span><br \/><span>\u0145emiet l\u012bdzi Deeper PRO+ 2 neatkar\u012bgi no gadalaika un mak&scaron;\u0137er\u0113&scaron;anas veida. &Scaron;im vieglajam un p\u0101rn\u0113s\u0101jamajam mak&scaron;\u0137er\u0113&scaron;anas r\u012bkam ir izcils sken\u0113&scaron;anas diapazons un sken\u0113&scaron;anas dzi\u013cums. Ieg\u016bstiet prec\u012bzus re\u0101llaika datus sav\u0101 ekr\u0101n\u0101, izmantojot Fish Deeper&trade; lietotni. Pl\u0101nojiet, re\u0123istr\u0113jiet un analiz\u0113jiet mak&scaron;\u0137er\u0113&scaron;anas ce\u013cojumus un izveidojiet savas batimetrisk\u0101s kartes. Piek\u013c\u016bstiet saviem datiem no jebkuras ier\u012bces<\/span><\/p>\n<p><span>3 STARU FREKVENCES PRECIZIT\u0100TEI<\/span><br \/><span>Aptveriet pla&scaron;as teritorijas un atrodiet zivju uztur\u0113&scaron;an\u0101s vietas \u0101tr\u0101k, izmantojot plata le\u0146\u0137a staru. Izmantojiet vid\u0113jo staru, lai samazin\u0101tu zivju mekl\u0113&scaron;anas diapazonu. Ar &scaron;aur\u0101 le\u0146\u0137a staru skatiet konkr\u0113tus objektus un m\u0113r\u0137a sugas.<\/span><\/p>\n<p><span>IZCILS DZI\u013bUMA UN DARB\u012aBAS DIAPAZONS<\/span><br \/><span>Prec\u012bza sken\u0113&scaron;ana l\u012bdz 100 m \/ 330 p\u0113du dzi\u013cum\u0101. Tas \u0123ener\u0113 savu Wi-Fi sign\u0101lu (nav nepiecie&scaron;ami mobilie dati), lai izveidotu savienojumu ar j\u016bsu viedier\u012bci, vienk\u0101r&scaron;i aizmetiet to l\u012bdz 100 m \/ 330 p\u0113d\u0101m ar p\u0101rliec\u012bbu par sp\u0113c\u012bgu savienojam\u012bbu.<\/span><\/p>\n<p><span>TEICAMA M\u0112R\u0136U SADAL\u012a&Scaron;ANA<\/span><br \/><span>Ar 1 cm \/ 0,4 collu (&scaron;aurs stars) un 2,4 cm \/ 1 collas (plats un vid\u0113js stari) m\u0113r\u0137u dal\u012b&scaron;anu j\u016bs var\u0113siet \u0113rti atrast m\u0113r\u0137a sugas un izsekot pat vismaz\u0101ko m\u0101nek\u013ci, mak&scaron;\u0137er\u0113jot vertik\u0101li.<\/span><\/p>\n<p><span>IEB\u016aV\u0112TS GPS<\/span><br \/><span>Izveidojiet ezeru kartes, atrodoties piest\u0101tn\u0113 vai krast\u0101. Vienk\u0101r&scaron;i aizmetiet un pievelciet, lai s\u0101ktu \u016bdenstilpes kart\u0113&scaron;anu. J\u016bsu kartes autom\u0101tiski tiek saglab\u0101tas Fish Deeper&trade; un ir pieejamas jebkur\u0101 ier\u012bc\u0113.<\/span><\/p>\n<p><span>DEEPER ir pionieri aizmetamo viedo son\u0101ru tehnolo\u0123ijas jom\u0101. Kop&scaron; 2013. gad\u0101 izlaida savu pirmo son\u0101ru, virz\u012bj\u0101s uz priek&scaron;u un uz aug&scaron;u, past\u0101v\u012bgi izaicinot sevi ieviest jaunin\u0101jumus un visu dar\u012bt lab\u0101k. Son\u0101riem ir augst\u0101k\u0101 kvalit\u0101te, tie ir izstr\u0101d\u0101ti un izgatavoti Eirop\u0101, nodro&scaron;inot 24\/7 klientu atbalstu. Mak&scaron;\u0137ernieki vienm\u0113r ir pirmaj\u0101<\/span><br \/><span>viet\u0101.<\/span><\/p>\n<p><span>3 STARU FREKVENCES.<\/span><br \/><span>Plata le\u0146\u0137a stars 47&deg; (100 kHz), vid\u0113js stars 20&deg; (240 kHz) un &scaron;aurs stars 7&deg; (675 kHz). Lab\u0101k ziemas mak&scaron;\u0137er\u0113&scaron;anai un mak&scaron;\u0137er\u0113&scaron;anai no laivas.<\/span><\/p>\n<p><span>ILGAS DARB\u012aBAS \u0100TRAS UZL\u0100DES AKUMULATORS.<\/span><br \/><span>Darb\u012bbas laiks l\u012bdz 9 stund\u0101m. Uzl\u0101de l\u012bdz 80% jau 45 min\u016b&scaron;u laik\u0101 un l\u012bdz<\/span><br \/><span>100% jau 75 min\u016bt\u0113s.<\/span><\/p>\n<p><span>LAB\u0100KA SON\u0100RA NOLAS\u012a&Scaron;ANA.<\/span><br \/><span>Prec\u012bz\u0101ki un skaidr\u0101ki vizu\u0101lie dati, kas \u013cauj viegl\u0101k atpaz\u012bt, kas atrodas zem \u016bdens.<\/span><\/p>\n<p><span>PALIELIN\u0100TS SKEN\u0112&Scaron;ANAS DZI\u013bUMS.<\/span><br \/><span>Sken\u0113&scaron;ana l\u012bdz 100 m \/ 330 p\u0113du dzi\u013cumam.<\/span><\/p>\n<p><span>ABSOL\u016aTI UNIVERS\u0100LS.<\/span><br \/><span>Da\u017e\u0101di mak&scaron;\u0137er\u0113&scaron;anas re\u017e\u012bmi konkr\u0113tiem mak&scaron;\u0137er\u0113&scaron;anas veidiem. Izmantojiet mak&scaron;\u0137er\u0113&scaron;anai no laivas\/kajaka, krasta un pat ziemas mak&scaron;\u0137er\u0113&scaron;anai ar tradicion\u0101lo fl e&scaron;era skatu. Mak&scaron;\u0137er\u0113jiet vasar\u0101 vai ziem\u0101, dien\u0101 vai nakt\u012b. Viens son\u0101rs, kas der visam.<\/span><\/p>\n<p><span>\u0112RTI P\u0100RN\u0112S\u0100JAMS.<\/span><br \/><span>Bezvadu, neliels un viegls. Tas ir maz\u0101ks par tenisa bumbi\u0146u un sver tikai 90 g (3,2 unces). \u0112rti ietilpst mak&scaron;\u0137er\u0113&scaron;anas piederumu kast\u0113 un pat j\u016bsu kabat\u0101.<\/span><\/p>\n<p><span>BATIMETRISKO KAR&Scaron;U IZVEIDE.<\/span><br \/><span>Izveidojiet savas kartes un piek\u013c\u016bstiet visiem saviem sken\u0113jumiem, kart\u0113m, intereses punktiem, fotoatt\u0113liem un piez\u012bm\u0113m Fish Deeper&trade; lietotn\u0113 un t\u012bmek\u013ca platform\u0101.<\/span><\/p>\n<p><span>LIETOT\u0100JDRAUDZ\u012aGA LIETOTNE.<\/span><br \/><span>Skatiet zivis, ve\u0123et\u0101ciju, \u016bdenstilpes pamatnes strukt\u016bru, kont\u016bru, ciet\u012bbu un konsistenci. Fish Deeper&trade; lietotne ietver \u016bdens temperat\u016bru un dzi\u013cumu, da\u017e\u0101das kr\u0101su paletes skat\u012b&scaron;anai, izv\u0113les ikonas, son\u0101ra jut\u012bbas piel\u0101gojumus un tradicion\u0101lo ziemas fle&scaron;eri.<\/span><\/p>\n<p><span>Tas ir izgatavots no augstas iztur\u012bbas ABS plastmasas ar tit\u0101na ielikt\u0146iem un silikona bl\u012bvi, t\u0101p\u0113c ir ne tikai \u016bdensdro&scaron;s, bet ar\u012b iztur\u012bgs pret laikapst\u0101k\u013ciem, ar\u012b -20&deg;C \/ -4&deg;F temperat\u016br\u0101.<\/span><\/p>\n<p><span>SPECIFIK\u0100CIJAS:<\/span><\/p>\n<p><span>Materi\u0101ls: ABS korpuss, tit\u0101na ielikt\u0146i<\/span><br \/><span>Son\u0101ra veids: 3 frekven\u010du<\/span><br \/><span>Frekvence (konusa stars):<\/span><br \/><span>&Scaron;aurs 675 kHz (konusa le\u0146\u0137is 7&deg;)<\/span><br \/><span>Vid\u0113js 240 kHz (konusa le\u0146\u0137is 20&deg;)<\/span><br \/><span>Plats 100 kHz (konusa le\u0146\u0137is 47&deg;)<\/span><br \/><span>M\u0113r\u0137u dal\u012b&scaron;ana:<\/span><br \/><span>1 cm \/ 0,4 &Scaron;auram staram<\/span><br \/><span>2,4 cm \/ 1 Vid\u0113jam staram<\/span><br \/><span>2,4 cm \/ 1 platam staram<\/span><br \/><span>Min. &#8211; Maks. dzi\u013cums: 15 cm &#8211; 100 m<\/span><br \/><span>Sken\u0113&scaron;anas \u0101trums: L\u012bdz 15 reiz\u0113m sekund\u0113<\/span><br \/><span>Son\u0101ra re\u017e\u012bmi: Standarta, Laivas, Ziemas mak&scaron;\u0137er\u0113&scaron;ana, Krasta GPS<\/span><br \/><span>Temperat\u016bras sensors: \u016adens virsmas temperat\u016bras sensors p\u0113c Celsija \/ F\u0101renheita<\/span><br \/><span>Darba temperat\u016bra: -20&deg;C l\u012bdz 40&deg;C<\/span><br \/><span>GNSS (atbalst\u012bt\u0101s glob\u0101l\u0101s pozicion\u0113&scaron;anas sist\u0113mas): GPS, GLONASS, Galileo, BeiDou, QZSS<\/span><br \/><span>Darb\u012bbas laiks: L\u012bdz 9 stund\u0101m<\/span><br \/><span>Uzl\u0101des tehnolo\u0123ija: \u0100tra uzl\u0101de 80%, 45 min\u016bt\u0113s; 100% , 75 min\u016bt\u0113s<\/span><br \/><span>Iek&scaron;\u0113jais akumulators: Litija jonu, 3,7 V atk\u0101rtoti uzl\u0101d\u0113jams, 950 mAh<\/span><br \/><span>Rozetes adapteris (nav iek\u013cauts komplekt\u0101)<\/span><br \/><span>Ieeja 110 V\/220 V. Izeja Micro USB, 5 V 2 A<\/span><br \/><span>Savienojums: Wi-Fi<\/span><br \/><span>Savienojuma diapazons: Stabils savienojums l\u012bdz 100 m<\/span><br \/><span>Kr\u0101sa: Melna<\/span><\/p>\n","protected":false},"excerpt":{"rendered":"<p>DEEPER FISHFINDER PRO PLUS 2 + d\u0101van\u0101 laivas tur\u0113t\u0101js. Mak&scaron;\u0137er\u0113&scaron;anas ier\u012bce, kas nu jau gadiem ir zin\u0101ma un pier\u0101d\u012bjusi sevi k\u0101 viens no lab\u0101kajiem metamajiem son\u0101riem. To ir p\u0101rbaud\u012bju&scaron;i un iecien\u012bju&scaron;i mak&scaron;\u0137ernieki vis\u0101 pasaul\u0113. Tagad papildin\u0101ts un uzlabots, lab\u0101ks k\u0101 jebkad &minus; jaunais deeper pro+ 2. K\u0100P\u0112C PRO+ 2?\u0145emiet l\u012bdzi Deeper PRO+ 2 neatkar\u012bgi no [&hellip;]<\/p>\n","protected":false},"featured_media":0,"template":"","meta":[],"product_brand":[],"product_cat":[4741,4782],"product_tag":[],"class_list":{"0":"post-80510","1":"product","2":"type-product","3":"status-publish","5":"product_cat-eholots-navigation-watches-radios","6":"product_cat-navigation-watches-radios-recreation","8":"first","9":"outofstock","10":"shipping-taxable","11":"purchasable","12":"product-type-simple"},"_links":{"self":[{"href":"https:\/\/sezona.lv\/en\/wp-json\/wp\/v2\/product\/80510","targetHints":{"allow":["GET"]}}],"collection":[{"href":"https:\/\/sezona.lv\/en\/wp-json\/wp\/v2\/product"}],"about":[{"href":"https:\/\/sezona.lv\/en\/wp-json\/wp\/v2\/types\/product"}],"wp:attachment":[{"href":"https:\/\/sezona.lv\/en\/wp-json\/wp\/v2\/media?parent=80510"}],"wp:term":[{"taxonomy":"product_brand","embeddable":true,"href":"https:\/\/sezona.lv\/en\/wp-json\/wp\/v2\/product_brand?post=80510"},{"taxonomy":"product_cat","embeddable":true,"href":"https:\/\/sezona.lv\/en\/wp-json\/wp\/v2\/product_cat?post=80510"},{"taxonomy":"product_tag","embeddable":true,"href":"https:\/\/sezona.lv\/en\/wp-json\/wp\/v2\/product_tag?post=80510"}],"curies":[{"name":"wp","href":"https:\/\/api.w.org\/{rel}","templated":true}]}}